{"id":41092,"date":"2022-04-28T11:32:24","date_gmt":"2022-04-28T10:32:24","guid":{"rendered":"https:\/\/arquiconsult.com\/?page_id=41092"},"modified":"2025-12-02T15:46:36","modified_gmt":"2025-12-02T15:46:36","slug":"videos-navitrans","status":"publish","type":"page","link":"https:\/\/arquiconsult.com\/pt-br\/videos-navitrans\/","title":{"rendered":"V\u00eddeos Navitrans"},"content":{"rendered":"<!--themify_builder_content-->\n<div id=\"themify_builder_content-41092\" data-postid=\"41092\" class=\"themify_builder_content themify_builder_content-41092 themify_builder tf_clear\">\n    \t<!-- module_row -->\n\t<div  data-css_id=\"8r55347\" data-lazy=\"1\" class=\"module_row themify_builder_row fullcover fullwidth tb_8r55347 tb_first tf_clearfix wow\" data-tf-animation=\"pulse\" >\n\t    \t\t<div class=\"row_inner col_align_top col-count-1 tf_box tf_w tf_rel\">\n\t\t\t<div  data-lazy=\"1\" class=\"module_column tb-column col-full first tb_hi1r347 tf_box\">\n\t\t\t    \t        <div class=\"tb-column-inner tf_box tf_w\">\n\t\t    <!-- module text -->\n<div  class=\"module module-text tb_iq7n717  repeat \" data-lazy=\"1\">\n        <div  class=\"tb_text_wrap\">\n    <h2>V\u00eddeos Navitrans<\/h2>    <\/div>\n<\/div>\n<!-- \/module text --><!-- module text -->\n<div  class=\"module module-text tb_2hu6347  repeat \" data-lazy=\"1\">\n        <div  class=\"tb_text_wrap\">\n    <p style=\"text-align: center;\"><strong>A solu\u00e7\u00e3o ERP para empresas fornecedoras de Servi\u00e7os Log\u00edsticos, <br>transporte de mercadorias, distribui\u00e7\u00e3o, tr\u00e2nsitos, armazenagem ou mesmo a oferta de v\u00e1rios destes servi\u00e7os de forma integrada.<\/strong><\/p>\n<p style=\"text-align: center;\">Mais do que palavras ficam os v\u00eddeos sobre os benef\u00edcios das nossas vantagens Navitrans, na \u00f3ptica dos diversos clientes da arquiconsult.<\/p>\n    <\/div>\n<\/div>\n<!-- \/module text --><!-- module image -->\n<div  class=\"module module-image tb_cdm3959   image-top tf_mw\" data-lazy=\"1\">\n        <div class=\"image-wrap tf_rel tf_mw\">\n\t\t    <img loading=\"lazy\" src=\"https:\/\/arquiconsult.com\/wp-content\/uploads\/2023\/01\/Navitrans-logo-1-200x53.png\" width=\"200\" height=\"53\" class=\"wp-post-image wp-image-48286\" title=\"Navitrans-new_logo\" alt=\"Navitrans-new_logo\" srcset=\"https:\/\/arquiconsult.com\/wp-content\/uploads\/2023\/01\/Navitrans-logo-1-200x53.png 200w, https:\/\/arquiconsult.com\/wp-content\/uploads\/2023\/01\/Navitrans-logo-1-320x85.png 320w, https:\/\/arquiconsult.com\/wp-content\/uploads\/2023\/01\/Navitrans-logo-1-480x128.png 480w, https:\/\/arquiconsult.com\/wp-content\/uploads\/2023\/01\/Navitrans-logo-1-250x66.png 250w, https:\/\/arquiconsult.com\/wp-content\/uploads\/2023\/01\/Navitrans-logo-1-300x80.png 300w, https:\/\/arquiconsult.com\/wp-content\/uploads\/2023\/01\/Navitrans-logo-1.png 629w\" sizes=\"(max-width: 200px) 100vw, 200px\" \/>\t\n\t\t<\/div>\n\t<!-- \/image-wrap -->\n    \n    \t<\/div>\n<!-- \/module image -->\t        <\/div>\n\t    \t<\/div>\n\t\t    <\/div>\n\t    <!-- \/row_inner -->\n\t<\/div>\n\t<!-- \/module_row -->\n\t\t<!-- module_row -->\n\t<div  data-lazy=\"1\" class=\"module_row themify_builder_row repeat tb_fu4f898 tf_clearfix\" >\n\t    \t\t<div class=\"row_inner col_align_top col-count-2 tf_box tf_w tf_rel\">\n\t\t\t<div  data-lazy=\"1\" class=\"module_column tb-column col4-2 first tb_6d4y898 repeat tf_box\">\n\t\t\t    \t        <div class=\"tb-column-inner tf_box tf_w\">\n\t\t    <!-- module video -->\n<div  class=\"module module-video tb_zliq898 video-top video-tja  wow\" data-tf-animation=\"fadeInUp\" data-lazy=\"1\" data-url=\"https:\/\/www.youtube.com\/watch?v=legZeKMC2kk\">\n    \t\t\t\t<div class=\"video-wrap-outer\" style=\"max-width:900px;\">\n\t\t\t<div class=\"video-wrap tf_rel tf_overflow\">\n\t\t\t\t\t\t\t<\/div>\n\t\t\t<!-- \/video-wrap -->\n\t\t<\/div>\n\t\t<!-- \/video-wrap-outer -->\n\t\t\t<\/div>\n\t        <\/div>\n\t    \t<\/div>\n\t\t<div  data-lazy=\"1\" class=\"module_column tb-column col4-2 last tb_mkvx899 tf_box\">\n\t\t\t    \t        <div class=\"tb-column-inner tf_box tf_w\">\n\t\t    <!-- module video -->\n<div  class=\"module module-video tb_qjqc899 video-top video-tja  wow\" data-tf-animation=\"fadeInUp\" data-lazy=\"1\" data-url=\"https:\/\/youtu.be\/rbiDL3RZpnQ\">\n    \t\t\t\t<div class=\"video-wrap-outer\" style=\"max-width:900px;\">\n\t\t\t<div class=\"video-wrap tf_rel tf_overflow\">\n\t\t\t\t\t\t\t<\/div>\n\t\t\t<!-- \/video-wrap -->\n\t\t<\/div>\n\t\t<!-- \/video-wrap-outer -->\n\t\t\t<\/div>\n\t        <\/div>\n\t    \t<\/div>\n\t\t    <\/div>\n\t    <!-- \/row_inner -->\n\t<\/div>\n\t<!-- \/module_row -->\n\t\t<!-- module_row -->\n\t<div  data-lazy=\"1\" class=\"module_row themify_builder_row repeat tb_vl8m583 tf_clearfix\" >\n\t    \t\t<div class=\"row_inner col_align_top col-count-2 tf_box tf_w tf_rel\">\n\t\t\t<div  data-lazy=\"1\" class=\"module_column tb-column col4-2 first tb_w6cw584 repeat tf_box\">\n\t\t\t    \t        <div class=\"tb-column-inner tf_box tf_w\">\n\t\t    <!-- module video -->\n<div  class=\"module module-video tb_6op5584 video-top video-tja  wow\" data-tf-animation=\"fadeInUp\" data-lazy=\"1\" data-url=\"https:\/\/youtu.be\/w3ZxS2JHi_E\">\n    \t\t\t\t<div class=\"video-wrap-outer\" style=\"max-width:900px;\">\n\t\t\t<div class=\"video-wrap tf_rel tf_overflow\">\n\t\t\t\t\t\t\t<\/div>\n\t\t\t<!-- \/video-wrap -->\n\t\t<\/div>\n\t\t<!-- \/video-wrap-outer -->\n\t\t\t<\/div>\n\t        <\/div>\n\t    \t<\/div>\n\t\t<div  data-lazy=\"1\" class=\"module_column tb-column col4-2 last tb_oa1t584 tf_box\">\n\t\t\t    \t        <div class=\"tb-column-inner tf_box tf_w\">\n\t\t    <!-- module video -->\n<div  class=\"module module-video tb_rei6584 video-top video-tja  wow\" data-tf-animation=\"fadeInUp\" data-lazy=\"1\" data-url=\"https:\/\/youtu.be\/OQSlX8lKZuo\">\n    \t\t\t\t<div class=\"video-wrap-outer\" style=\"max-width:900px;\">\n\t\t\t<div class=\"video-wrap tf_rel tf_overflow\">\n\t\t\t\t\t\t\t<\/div>\n\t\t\t<!-- \/video-wrap -->\n\t\t<\/div>\n\t\t<!-- \/video-wrap-outer -->\n\t\t\t<\/div>\n\t        <\/div>\n\t    \t<\/div>\n\t\t    <\/div>\n\t    <!-- \/row_inner -->\n\t<\/div>\n\t<!-- \/module_row -->\n\t\t<!-- module_row -->\n\t<div  data-lazy=\"1\" class=\"module_row themify_builder_row repeat tb_g2ss951 tf_clearfix\" >\n\t    \t\t<div class=\"row_inner col_align_top col-count-2 tf_box tf_w tf_rel\">\n\t\t\t<div  data-lazy=\"1\" class=\"module_column tb-column col4-2 first tb_zios952 repeat tf_box\">\n\t\t\t    \t        <div class=\"tb-column-inner tf_box tf_w\">\n\t\t    <!-- module video -->\n<div  class=\"module module-video tb_6tdv953 video-top video-tja  wow\" data-tf-animation=\"fadeInUp\" data-lazy=\"1\" data-url=\"https:\/\/youtu.be\/fVQwvQl2LyE\">\n    \t\t\t\t<div class=\"video-wrap-outer\" style=\"max-width:900px;\">\n\t\t\t<div class=\"video-wrap tf_rel tf_overflow\">\n\t\t\t\t\t\t\t<\/div>\n\t\t\t<!-- \/video-wrap -->\n\t\t<\/div>\n\t\t<!-- \/video-wrap-outer -->\n\t\t\t<\/div>\n\t        <\/div>\n\t    \t<\/div>\n\t\t<div  data-lazy=\"1\" class=\"module_column tb-column col4-2 last tb_77ew953 tf_box\">\n\t\t\t    \t        <div class=\"tb-column-inner tf_box tf_w\">\n\t\t    <!-- module video -->\n<div  class=\"module module-video tb_laym953 video-top video-tja  wow\" data-tf-animation=\"fadeInUp\" data-lazy=\"1\" data-url=\"https:\/\/youtu.be\/t-gk2gfS4-g\">\n    \t\t\t\t<div class=\"video-wrap-outer\" style=\"max-width:900px;\">\n\t\t\t<div class=\"video-wrap tf_rel tf_overflow\">\n\t\t\t\t\t\t\t<\/div>\n\t\t\t<!-- \/video-wrap -->\n\t\t<\/div>\n\t\t<!-- \/video-wrap-outer -->\n\t\t\t<\/div>\n\t        <\/div>\n\t    \t<\/div>\n\t\t    <\/div>\n\t    <!-- \/row_inner -->\n\t<\/div>\n\t<!-- \/module_row -->\n\t<\/div>\n<!--\/themify_builder_content-->","protected":false},"excerpt":{"rendered":"<p>V\u00eddeos Navitrans A solu\u00e7\u00e3o ERP para empresas fornecedoras de Servi\u00e7os Log\u00edsticos, transporte de mercadorias, distribui\u00e7\u00e3o, tr\u00e2nsitos, armazenagem ou mesmo a oferta de v\u00e1rios destes servi\u00e7os de forma integrada. Mais do que palavras ficam os v\u00eddeos sobre os benef\u00edcios das nossas vantagens Navitrans, na \u00f3ptica dos diversos clientes da arquiconsult.<\/p>\n","protected":false},"author":4,"featured_media":0,"parent":0,"menu_order":0,"comment_status":"closed","ping_status":"closed","template":"","meta":[],"acf":[],"_links":{"self":[{"href":"https:\/\/arquiconsult.com\/pt-br\/wp-json\/wp\/v2\/pages\/41092"}],"collection":[{"href":"https:\/\/arquiconsult.com\/pt-br\/wp-json\/wp\/v2\/pages"}],"about":[{"href":"https:\/\/arquiconsult.com\/pt-br\/wp-json\/wp\/v2\/types\/page"}],"author":[{"embeddable":true,"href":"https:\/\/arquiconsult.com\/pt-br\/wp-json\/wp\/v2\/users\/4"}],"replies":[{"embeddable":true,"href":"https:\/\/arquiconsult.com\/pt-br\/wp-json\/wp\/v2\/comments?post=41092"}],"version-history":[{"count":1,"href":"https:\/\/arquiconsult.com\/pt-br\/wp-json\/wp\/v2\/pages\/41092\/revisions"}],"predecessor-version":[{"id":118249,"href":"https:\/\/arquiconsult.com\/pt-br\/wp-json\/wp\/v2\/pages\/41092\/revisions\/118249"}],"wp:attachment":[{"href":"https:\/\/arquiconsult.com\/pt-br\/wp-json\/wp\/v2\/media?parent=41092"}],"curies":[{"name":"wp","href":"https:\/\/api.w.org\/{rel}","templated":true}]}}