{"id":46387,"date":"2022-10-11T10:57:40","date_gmt":"2022-10-11T09:57:40","guid":{"rendered":"https:\/\/arquiconsult.com\/?page_id=46387"},"modified":"2025-12-05T13:53:04","modified_gmt":"2025-12-05T13:53:04","slug":"yaveon-apps","status":"publish","type":"page","link":"https:\/\/arquiconsult.com\/pt-br\/yaveon-apps\/","title":{"rendered":"Yaveon Apps"},"content":{"rendered":"<!--themify_builder_content-->\n<div id=\"themify_builder_content-46387\" data-postid=\"46387\" class=\"themify_builder_content themify_builder_content-46387 themify_builder tf_clear\">\n    \t<!-- module_row -->\n\t<div  data-css_id=\"wgms159\" data-lazy=\"1\" class=\"module_row themify_builder_row fullcover fullwidth_row_container tb_wgms159 tb_first tf_clearfix\" >\n\t    <div class=\"builder_row_cover tf_abs\"><\/div>\t\t<div class=\"row_inner col_align_middle col-count-1 tf_box tf_w tf_rel\"  data-basecol=\"1\" data-col_tablet=\"column-full\" data-col_mobile=\"column-full\">\n\t\t\t<div  data-lazy=\"1\" class=\"module_column tb-column col-full first tb_bv1p159 repeat tf_box\">\n\t\t\t    \t        <div class=\"tb-column-inner tf_box tf_w\">\n\t\t    <!-- module text -->\n<div  class=\"module module-text tb_vxsr159  repeat \" data-lazy=\"1\">\n        <div  class=\"tb_text_wrap\">\n    <p style=\"text-align: center;\">O\u00a0sistema integrado de gest\u00e3o para a ind\u00fastria qu\u00edmica, farmac\u00eautica e alimentar.<\/p>    <\/div>\n<\/div>\n<!-- \/module text --><!-- module image -->\n<div  class=\"module module-image tb_e9sa159   image-top tf_mw\" data-lazy=\"1\">\n        <div class=\"image-wrap tf_rel tf_mw\">\n\t\t    <img loading=\"lazy\" src=\"https:\/\/arquiconsult.com\/wp-content\/uploads\/2025\/07\/yaveon-logo-neg-srgb-1-250x81.png\" width=\"250\" height=\"81\" class=\"wp-post-image wp-image-105854\" title=\"yaveon-logo-neg-srgb\" alt=\"yaveon-logo-neg-srgb\" srcset=\"https:\/\/arquiconsult.com\/wp-content\/uploads\/2025\/07\/yaveon-logo-neg-srgb-1-250x81.png 250w, https:\/\/arquiconsult.com\/wp-content\/uploads\/2025\/07\/yaveon-logo-neg-srgb-1-640x210.png 640w, https:\/\/arquiconsult.com\/wp-content\/uploads\/2025\/07\/yaveon-logo-neg-srgb-1-2000x656.png 2000w, https:\/\/arquiconsult.com\/wp-content\/uploads\/2025\/07\/yaveon-logo-neg-srgb-1-768x252.png 768w, https:\/\/arquiconsult.com\/wp-content\/uploads\/2025\/07\/yaveon-logo-neg-srgb-1-1536x504.png 1536w, https:\/\/arquiconsult.com\/wp-content\/uploads\/2025\/07\/yaveon-logo-neg-srgb-1-2048x672.png 2048w, https:\/\/arquiconsult.com\/wp-content\/uploads\/2025\/07\/yaveon-logo-neg-srgb-1-320x105.png 320w, https:\/\/arquiconsult.com\/wp-content\/uploads\/2025\/07\/yaveon-logo-neg-srgb-1-480x157.png 480w, https:\/\/arquiconsult.com\/wp-content\/uploads\/2025\/07\/yaveon-logo-neg-srgb-1-800x262.png 800w, https:\/\/arquiconsult.com\/wp-content\/uploads\/2025\/07\/yaveon-logo-neg-srgb-1-140x45.png 140w\" sizes=\"(max-width: 250px) 100vw, 250px\" \/>\t\n\t\t<\/div>\n\t<!-- \/image-wrap -->\n    \n    \t<\/div>\n<!-- \/module image -->\t        <\/div>\n\t    \t<\/div>\n\t\t    <\/div>\n\t    <!-- \/row_inner -->\n\t<\/div>\n\t<!-- \/module_row -->\n\t\t<!-- module_row -->\n\t<div  data-css_id=\"rs7s926\" data-lazy=\"1\" class=\"module_row themify_builder_row fullwidth_row_container tb_rs7s926 tf_clearfix\" >\n\t    \t\t<div class=\"row_inner col_align_top col-count-1 tf_box tf_w tf_rel\">\n\t\t\t<div  data-lazy=\"1\" class=\"module_column tb-column col-full first tb_fs6y927 tf_box\">\n\t\t\t    \t        <div class=\"tb-column-inner tf_box tf_w\">\n\t\t    <!-- module text -->\n<div  class=\"module module-text tb_3y9d927  repeat \" data-lazy=\"1\">\n        <div  class=\"tb_text_wrap\">\n    <h2>PRINCIPAIS APPS YAVEON<\/h2>    <\/div>\n<\/div>\n<!-- \/module text -->\t        <\/div>\n\t    \t<\/div>\n\t\t    <\/div>\n\t    <!-- \/row_inner -->\n\t<\/div>\n\t<!-- \/module_row -->\n\t\t<!-- module_row -->\n\t<div  data-lazy=\"1\" class=\"module_row themify_builder_row tb_rzio899 tf_clearfix\" >\n\t    \t\t<div class=\"row_inner col_align_top col-count-1 tf_box tf_w tf_rel\">\n\t\t\t<div  data-lazy=\"1\" class=\"module_column tb-column col-full first tb_ui2k900 tf_box\">\n\t\t\t    \t        <div class=\"tb-column-inner tf_box tf_w\">\n\t\t    \t<div  data-lazy=\"1\" class=\"module_subrow themify_builder_sub_row tb_d4dn902 tf_w tf_clearfix\">\n\t    \t\t<div class=\"subrow_inner col_align_top gutter-narrow col-count-3 tf_box tf_w\"  data-basecol=\"3\" data-col_mobile=\"column-full\">\n\t\t\t<div  data-lazy=\"1\" class=\"sub_column module_column tf_box col3-1 first tb_9hua757 best-fit-image\" > \n\t    <div class=\"builder_row_cover tf_abs\"><\/div>\t    \t        <div class=\"tb-column-inner tf_box tf_w\">\n\t\t    <!-- module text -->\n<div  class=\"module module-text tb_nu3a758  repeat \" data-lazy=\"1\">\n        <div  class=\"tb_text_wrap\">\n    <p style=\"text-align: center;\"><strong><br \/>GEST\u00c3O DE LOTES<\/strong><\/p><p style=\"text-align: center;\">Gira os lotes &#8211; sistematicamente, apenas com o premir de um bot\u00e3o<\/p>    <\/div>\n<\/div>\n<!-- \/module text -->\t        <\/div>\n\t    \t<\/div>\n\t\t<div  data-lazy=\"1\" class=\"sub_column module_column tf_box col3-1 middle tb_685r845 best-fit-image\" > \n\t    <div class=\"builder_row_cover tf_abs\"><\/div>\t    \t        <div class=\"tb-column-inner tf_box tf_w\">\n\t\t    <!-- module text -->\n<div  class=\"module module-text tb_rfdq845  repeat \" data-lazy=\"1\">\n        <div  class=\"tb_text_wrap\">\n    <p style=\"text-align: center;\"><br \/><strong>CONFORMIDADE<\/strong><\/p><p style=\"text-align: center;\">Cumpre com os regulamentos e normas legais para satisfazer as elevadas exig\u00eancias de um ambiente regulado<\/p>    <\/div>\n<\/div>\n<!-- \/module text -->\t        <\/div>\n\t    \t<\/div>\n\t\t<div  data-lazy=\"1\" class=\"sub_column module_column tf_box col3-1 last tb_4d8l851 best-fit-image\" > \n\t    <div class=\"builder_row_cover tf_abs\"><\/div>\t    \t        <div class=\"tb-column-inner tf_box tf_w\">\n\t\t    <!-- module text -->\n<div  class=\"module module-text tb_p637851  repeat \" data-lazy=\"1\">\n        <div  class=\"tb_text_wrap\">\n    <p style=\"text-align: center;\"><strong>MANUFATURA<\/strong><\/p><p style=\"text-align: center;\">YAVEON 365 Manufatura apoia o planeamento e o processamento do fabrico gerido por lote<\/p>    <\/div>\n<\/div>\n<!-- \/module text -->\t        <\/div>\n\t    \t<\/div>\n\t\t    <\/div>\n\t<\/div><!-- \/themify_builder_sub_row -->\n\t\t<div  data-lazy=\"1\" class=\"module_subrow themify_builder_sub_row tb_ky88126 tf_w tf_clearfix\">\n\t    \t\t<div class=\"subrow_inner col_align_top gutter-narrow col-count-3 tf_box tf_w\"  data-basecol=\"3\" data-col_mobile=\"column-full\">\n\t\t\t<div  data-lazy=\"1\" class=\"sub_column module_column tf_box col3-1 first tb_deln854 best-fit-image\" > \n\t    <div class=\"builder_row_cover tf_abs\"><\/div>\t    \t        <div class=\"tb-column-inner tf_box tf_w\">\n\t\t    <!-- module text -->\n<div  class=\"module module-text tb_q9ws854  repeat \" data-lazy=\"1\">\n        <div  class=\"tb_text_wrap\">\n    <p style=\"text-align: center;\"><br \/><strong>GARANTIA DE QUALIDADE<\/strong><\/p><p style=\"text-align: center;\">Verifique a qualidade dos lotes &#8211; de forma cont\u00ednua, autom\u00e1tica e fi\u00e1vel<\/p>    <\/div>\n<\/div>\n<!-- \/module text -->\t        <\/div>\n\t    \t<\/div>\n\t\t<div  data-lazy=\"1\" class=\"sub_column module_column tf_box col3-1 middle tb_dehf756 best-fit-image\" > \n\t    <div class=\"builder_row_cover tf_abs\"><\/div>\t    \t        <div class=\"tb-column-inner tf_box tf_w\">\n\t\t    <!-- module text -->\n<div  class=\"module module-text tb_ae0z756  repeat \" data-lazy=\"1\">\n        <div  class=\"tb_text_wrap\">\n    <p style=\"text-align: center;\"><br \/><strong>COM\u00c9RCIO<\/strong><\/p><p style=\"text-align: center;\">Encontre o melhor pre\u00e7o negociado &#8211; n\u00e3o apenas o mais baixo<\/p>    <\/div>\n<\/div>\n<!-- \/module text -->\t        <\/div>\n\t    \t<\/div>\n\t\t<div  data-lazy=\"1\" class=\"sub_column module_column tf_box col3-1 last tb_flrp142 best-fit-image\" > \n\t    <div class=\"builder_row_cover tf_abs\"><\/div>\t    \t        <div class=\"tb-column-inner tf_box tf_w\">\n\t\t    <!-- module text -->\n<div  class=\"module module-text tb_4rpi142  repeat \" data-lazy=\"1\">\n        <div  class=\"tb_text_wrap\">\n    <p style=\"text-align: center;\"><br \/><strong>VENDAS E AQUISI\u00c7\u00d5ES<\/strong><\/p><p style=\"text-align: center;\">Melhore a efici\u00eancia nos processos de vendas e aquisi\u00e7\u00f5es<\/p>    <\/div>\n<\/div>\n<!-- \/module text -->\t        <\/div>\n\t    \t<\/div>\n\t\t    <\/div>\n\t<\/div><!-- \/themify_builder_sub_row -->\n\t\t<div  data-lazy=\"1\" class=\"module_subrow themify_builder_sub_row tb_tyiz340 tf_w tf_clearfix\">\n\t    \t\t<div class=\"subrow_inner col_align_top gutter-narrow col-count-3 tf_box tf_w\"  data-basecol=\"3\" data-col_mobile=\"column-full\">\n\t\t\t<div  data-lazy=\"1\" class=\"sub_column module_column tf_box col3-1 first tb_6vjn646 best-fit-image\" > \n\t    <div class=\"builder_row_cover tf_abs\"><\/div>\t    \t        <div class=\"tb-column-inner tf_box tf_w\">\n\t\t    <!-- module text -->\n<div  class=\"module module-text tb_2bl5646  repeat \" data-lazy=\"1\">\n        <div  class=\"tb_text_wrap\">\n    <p style=\"text-align: center;\"><br \/><strong>GEST\u00c3O DE SUBST\u00c2NCIAS PERIGOSAS<\/strong><\/p><p style=\"text-align: center;\">Una o seu ERP com o seu Sistema de Gest\u00e3o de Materiais Perigosas<\/p>    <\/div>\n<\/div>\n<!-- \/module text -->\t        <\/div>\n\t    \t<\/div>\n\t\t<div  data-lazy=\"1\" class=\"sub_column module_column tf_box col3-1 middle tb_xhog136 best-fit-image\" > \n\t    <div class=\"builder_row_cover tf_abs\"><\/div>\t    \t        <div class=\"tb-column-inner tf_box tf_w\">\n\t\t    <!-- module text -->\n<div  class=\"module module-text tb_ffoy136  repeat \" data-lazy=\"1\">\n        <div  class=\"tb_text_wrap\">\n    <p style=\"text-align: center;\"><br \/><strong>CUSTO<\/strong><\/p><p style=\"text-align: center;\">Calcule o Pre\u00e7o e os Custos do Artigo &#8211; Simples e Eficaz<\/p>    <\/div>\n<\/div>\n<!-- \/module text -->\t        <\/div>\n\t    \t<\/div>\n\t\t<div  data-lazy=\"1\" class=\"sub_column module_column tf_box col3-1 last tb_uhky861 best-fit-image\" > \n\t    <div class=\"builder_row_cover tf_abs\"><\/div>\t    \t        <div class=\"tb-column-inner tf_box tf_w\">\n\t\t    <!-- module text -->\n<div  class=\"module module-text tb_uqp3861  repeat \" data-lazy=\"1\">\n        <div  class=\"tb_text_wrap\">\n    <p style=\"text-align: center;\"><br \/><strong>GEST\u00c3O DE ARMAZ\u00c9NS<\/strong><\/p><p style=\"text-align: center;\">Automatizado &#8211; simples: Armazene e mova o stock mais eficientemente<\/p>    <\/div>\n<\/div>\n<!-- \/module text -->\t        <\/div>\n\t    \t<\/div>\n\t\t    <\/div>\n\t<\/div><!-- \/themify_builder_sub_row -->\n\t\t<div  data-lazy=\"1\" class=\"module_subrow themify_builder_sub_row tb_qjmr834 tf_w tf_clearfix\">\n\t    \t\t<div class=\"subrow_inner col_align_top gutter-narrow col-count-3 tf_box tf_w\"  data-basecol=\"3\" data-col_mobile=\"column-full\">\n\t\t\t<div  data-lazy=\"1\" class=\"sub_column module_column tf_box col3-1 first tb_yv0d156 best-fit-image\" > \n\t    <div class=\"builder_row_cover tf_abs\"><\/div>\t    \t        <div class=\"tb-column-inner tf_box tf_w\">\n\t\t    <!-- module text -->\n<div  class=\"module module-text tb_l16t156  repeat \" data-lazy=\"1\">\n        <div  class=\"tb_text_wrap\">\n    <p style=\"text-align: center;\"><br \/><strong>PRODU\u00c7\u00c3O CONJUNTA<\/strong><\/p><p style=\"text-align: center;\">Mapeie holisticamente os processos de produ\u00e7\u00e3o que v\u00e3o para al\u00e9m de um s\u00f3 produto principal<\/p>    <\/div>\n<\/div>\n<!-- \/module text -->\t        <\/div>\n\t    \t<\/div>\n\t\t<div  data-lazy=\"1\" class=\"sub_column module_column tf_box col3-1 middle tb_u5ie411 best-fit-image\" > \n\t    <div class=\"builder_row_cover tf_abs\"><\/div>\t    \t        <div class=\"tb-column-inner tf_box tf_w\">\n\t\t    <!-- module text -->\n<div  class=\"module module-text tb_3dr6411  repeat \" data-lazy=\"1\">\n        <div  class=\"tb_text_wrap\">\n    <p style=\"text-align: center;\"><br \/><strong>TAXA DE ENTREGA<\/strong><\/p><p style=\"text-align: center;\">Classifica\u00e7\u00e3o facilitada: Avalie a qualidade dos seus fornecedores e das suas pr\u00f3prias entregas<\/p>    <\/div>\n<\/div>\n<!-- \/module text -->\t        <\/div>\n\t    \t<\/div>\n\t\t<div  data-lazy=\"1\" class=\"sub_column module_column tf_box col3-1 last tb_ix9b93 best-fit-image\" > \n\t    <div class=\"builder_row_cover tf_abs\"><\/div>\t    \t        <div class=\"tb-column-inner tf_box tf_w\">\n\t\t    <!-- module text -->\n<div  class=\"module module-text tb_ellt93  repeat \" data-lazy=\"1\">\n        <div  class=\"tb_text_wrap\">\n    <p style=\"text-align: center;\"><br \/><strong>INVESTIGA\u00c7\u00c3O &amp; DESENVOLVIMENTO<\/strong><\/p><p style=\"text-align: center;\">P&amp;D integrada: Desenvolvimento de novos produtos e receitas, integrados nos seus processos empresariais<\/p>    <\/div>\n<\/div>\n<!-- \/module text -->\t        <\/div>\n\t    \t<\/div>\n\t\t    <\/div>\n\t<\/div><!-- \/themify_builder_sub_row -->\n\t\t<div  data-lazy=\"1\" class=\"module_subrow themify_builder_sub_row tb_4jmy646 tf_w tf_clearfix\">\n\t    \t\t<div class=\"subrow_inner col_align_top gutter-narrow col-count-2 tf_box tf_w\"  data-basecol=\"2\" data-col_mobile=\"column-full\">\n\t\t\t<div  style=\"width: 49.61%\" data-lazy=\"1\" class=\"sub_column module_column tf_box col4-2 first tb_r00n425 best-fit-image\" > \n\t    <div class=\"builder_row_cover tf_abs\"><\/div>\t    \t        <div class=\"tb-column-inner tf_box tf_w\">\n\t\t    <!-- module text -->\n<div  class=\"module module-text tb_42te425  repeat \" data-lazy=\"1\">\n        <div  class=\"tb_text_wrap\">\n    <p style=\"text-align: center;\"><br \/><strong>SCANNING<\/strong><\/p><p style=\"text-align: center;\">Optimize a gest\u00e3o do armaz\u00e9m gra\u00e7as a di\u00e1logos de digitaliza\u00e7\u00e3o simplificados<\/p>    <\/div>\n<\/div>\n<!-- \/module text -->\t        <\/div>\n\t    \t<\/div>\n\t\t<div  style=\"width: 48.79%\" data-lazy=\"1\" class=\"sub_column module_column tf_box col4-2 last tb_it2w454 best-fit-image\" > \n\t    <div class=\"builder_row_cover tf_abs\"><\/div>\t    \t        <div class=\"tb-column-inner tf_box tf_w\">\n\t\t    <!-- module text -->\n<div  class=\"module module-text tb_nphp454  repeat \" data-lazy=\"1\">\n        <div  class=\"tb_text_wrap\">\n    <p style=\"text-align: center;\"><br \/><strong>AQUISI\u00c7\u00c3O DE DADOS DA F\u00c1BRICA<\/strong><\/p><p style=\"text-align: center;\">Aquisi\u00e7\u00e3o de dados de plantas sem papel &#8211; \u00e9 poss\u00edvel? N\u00e3o h\u00e1 problema!<\/p>    <\/div>\n<\/div>\n<!-- \/module text -->\t        <\/div>\n\t    \t<\/div>\n\t\t    <\/div>\n\t<\/div><!-- \/themify_builder_sub_row -->\n\t\t        <\/div>\n\t    \t<\/div>\n\t\t    <\/div>\n\t    <!-- \/row_inner -->\n\t<\/div>\n\t<!-- \/module_row -->\n\t\t<!-- module_row -->\n\t<div  data-css_id=\"k4uj986\" data-lazy=\"1\" class=\"module_row themify_builder_row solucoes-sector repeat fullwidth_row_container tb_k4uj986 tf_clearfix\" >\n\t    \t\t<div class=\"row_inner col_align_top col-count-1 tf_box tf_w tf_rel\">\n\t\t\t<div  data-lazy=\"1\" class=\"module_column tb-column col-full first tb_vayg987 tf_box\">\n\t\t\t    \t        <div class=\"tb-column-inner tf_box tf_w\">\n\t\t    <!-- module buttons -->\n<div  class=\"module module-buttons tb_6p90989 buttons-horizontal solid popmake-43764 xlarge circle tf_textc wow\" data-tf-animation=\"pulse\" data-lazy=\"1\">\n    \t<div class=\"module-buttons-item tf_inline_b\">\n\t\t\t\t\t\t\t<a href=\"#\" class=\"ui builder_button tb_default_color\" >\n\t\t\t\t\t\t\t\t\t\t\t<span class=\"tf_inline_b tf_vmiddle\">Solicite uma Demo<\/span>\n\t\t\t\t\t\t\t\t\t\t\t<\/a>\n\t\t\t    \t<\/div>\n\t<\/div>\n<!-- \/module buttons -->\n\t        <\/div>\n\t    \t<\/div>\n\t\t    <\/div>\n\t    <!-- \/row_inner -->\n\t<\/div>\n\t<!-- \/module_row -->\n\t<\/div>\n<!--\/themify_builder_content-->","protected":false},"excerpt":{"rendered":"<p>O\u00a0sistema integrado de gest\u00e3o para a ind\u00fastria qu\u00edmica, farmac\u00eautica e alimentar. PRINCIPAIS APPS YAVEON GEST\u00c3O DE LOTES Gira os lotes &#8211; sistematicamente, apenas com o premir de um bot\u00e3o CONFORMIDADE Cumpre com os regulamentos e normas legais para satisfazer as elevadas exig\u00eancias de um ambiente regulado MANUFATURA YAVEON 365 Manufatura apoia o planeamento e o [&hellip;]<\/p>\n","protected":false},"author":4,"featured_media":0,"parent":0,"menu_order":0,"comment_status":"closed","ping_status":"closed","template":"","meta":[],"acf":[],"_links":{"self":[{"href":"https:\/\/arquiconsult.com\/pt-br\/wp-json\/wp\/v2\/pages\/46387"}],"collection":[{"href":"https:\/\/arquiconsult.com\/pt-br\/wp-json\/wp\/v2\/pages"}],"about":[{"href":"https:\/\/arquiconsult.com\/pt-br\/wp-json\/wp\/v2\/types\/page"}],"author":[{"embeddable":true,"href":"https:\/\/arquiconsult.com\/pt-br\/wp-json\/wp\/v2\/users\/4"}],"replies":[{"embeddable":true,"href":"https:\/\/arquiconsult.com\/pt-br\/wp-json\/wp\/v2\/comments?post=46387"}],"version-history":[{"count":1,"href":"https:\/\/arquiconsult.com\/pt-br\/wp-json\/wp\/v2\/pages\/46387\/revisions"}],"predecessor-version":[{"id":118324,"href":"https:\/\/arquiconsult.com\/pt-br\/wp-json\/wp\/v2\/pages\/46387\/revisions\/118324"}],"wp:attachment":[{"href":"https:\/\/arquiconsult.com\/pt-br\/wp-json\/wp\/v2\/media?parent=46387"}],"curies":[{"name":"wp","href":"https:\/\/api.w.org\/{rel}","templated":true}]}}