{"id":47089,"date":"2022-12-09T10:51:02","date_gmt":"2022-12-09T10:51:02","guid":{"rendered":"https:\/\/arquiconsult.com\/?page_id=47089"},"modified":"2025-12-09T11:21:39","modified_gmt":"2025-12-09T11:21:39","slug":"bridge-to-the-cloud-bc","status":"publish","type":"page","link":"https:\/\/arquiconsult.com\/pt-br\/bridge-to-the-cloud-bc\/","title":{"rendered":"Bridge to the Cloud BC"},"content":{"rendered":"<p><!--\n\n\n\n<style><span data-mce-type=\"bookmark\" style=\"display: inline-block; width: 0px; overflow: hidden; line-height: 0;\" class=\"mce_SELRES_start\">\ufeff<\/span><span data-mce-type=\"bookmark\" style=\"display: inline-block; width: 0px; overflow: hidden; line-height: 0;\" class=\"mce_SELRES_start\">\ufeff<\/span><br \/>                \t\/* styles in post_content, from the import *\/<br \/>                \t.module-image.module-featured-image{<br \/>                    \tdisplay: none;<br \/>                    }<br \/>                <\/style>\n\n<iframe loading=\"lazy\" type=\"text\/html\" width=\"640\" height=\"360\" src=\"https:\/\/www.youtube.com\/embed\/b_RDQSxMM7o\" frameborder=\"0\"><\/iframe> --><\/p>\n<!--themify_builder_content-->\n<div id=\"themify_builder_content-47089\" data-postid=\"47089\" class=\"themify_builder_content themify_builder_content-47089 themify_builder tf_clear\">\n    \t<!-- module_row -->\n\t<div  data-css_id=\"3qc8820\" data-lazy=\"1\" class=\"module_row themify_builder_row fullcover fullwidth_row_container tb_3qc8820 tb_first tf_clearfix\" >\n\t    <div class=\"builder_row_cover tf_abs\"><\/div>\t\t<div class=\"row_inner col_align_middle col-count-2 tf_box tf_w tf_rel\"  data-basecol=\"2\" data-col_tablet=\"column-full\" data-col_mobile=\"column-full\">\n\t\t\t<div  data-lazy=\"1\" style=\"width: 76.37%\" class=\"module_column tb-column col3-2 first tb_vjfs820 tf_box\">\n\t\t\t    \t        <div class=\"tb-column-inner tf_box tf_w\">\n\t\t    <!-- module text -->\n<div  class=\"module module-text tb_x01q821  repeat \" data-lazy=\"1\">\n        <div  class=\"tb_text_wrap\">\n    <h4 style=\"text-align: left;\"><a href=\"https:\/\/arquiconsult.com\">Arquiconsult.com<\/a> \/ <a href=\"#\">Solu\u00e7\u00f5es<\/a> \/\u00a0<a href=\"https:\/\/arquiconsult.com\/en\/arqebi\/#\">Microsoft Dynamics 365<\/a>\u00a0\/\u00a0<a href=\"https:\/\/arquiconsult.com\/en\/arqebi\/#\">ERP Dynamics 365 Business Central \/<\/a> <strong>Bridge to the Cloud BC<\/strong><\/h4>    <\/div>\n<\/div>\n<!-- \/module text --><!-- module fancy heading -->\n<!--\/* $fields_args['heading_tag']  CODIGO QUE SAIU * \/-->\n<div  class=\"module module-fancy-heading tb_d97c821 titulo-suporte tb_hide_divider\" data-lazy=\"1\">\n        <h1  class=\"fancy-heading tf_textl\">\n    <span class=\"main-head tf_block\">\n\t\t\t\t\tBRIDGE TO THE CLOUD\t\t    <\/span>\n\n\t\n    <span class=\"sub-head tf_block tf_rel\">\n\t\t\t\t\t\t\t    <\/span>\n    <\/h2>\n<\/div>\n<!-- \/module fancy heading -->\n<!-- module text -->\n<div  class=\"module module-text tb_bft7821   \" data-lazy=\"1\">\n        <div  class=\"tb_text_wrap\">\n    <p style=\"text-align: left;\">Inicie a sua transforma\u00e7\u00e3o digital &#8211; Business Central<\/p>    <\/div>\n<\/div>\n<!-- \/module text --><!-- module buttons -->\n<div  class=\"module module-buttons tb_8rsh821 buttons-horizontal transparent popmake-47253 large circle\" data-lazy=\"1\">\n    \t<div class=\"module-buttons-item tf_inline_b\">\n\t\t\t\t\t\t\t<a href=\"#\" class=\"ui builder_button tb_default_color\" >\n\t\t\t\t\t\t\t\t\t\t\t<span class=\"tf_inline_b tf_vmiddle\">Solicite uma Demo<\/span>\n\t\t\t\t\t\t\t\t\t\t\t<\/a>\n\t\t\t    \t<\/div>\n\t<\/div>\n<!-- \/module buttons -->\n<!-- module image -->\n<div  class=\"module module-image tb_mu8w821   image-top tf_mw\" data-lazy=\"1\">\n        <div class=\"image-wrap tf_rel tf_mw\">\n\t\t    \t\n\t\t<\/div>\n\t<!-- \/image-wrap -->\n    \n    \t<\/div>\n<!-- \/module image -->\t        <\/div>\n\t    \t<\/div>\n\t\t<div  data-lazy=\"1\" style=\"width: 20.43%\" class=\"module_column tb-column col3-1 last tb_pf3f821 repeat tf_box\">\n\t\t\t    \t<\/div>\n\t\t    <\/div>\n\t    <!-- \/row_inner -->\n\t<\/div>\n\t<!-- \/module_row -->\n\t\t<!-- module_row -->\n\t<div  data-css_id=\"f419272\" data-lazy=\"1\" class=\"module_row themify_builder_row repeat fullwidth_row_container tb_f419272 tf_clearfix\" >\n\t    \t\t<div class=\"row_inner col_align_top col-count-1 tf_box tf_w tf_rel\">\n\t\t\t<div  data-lazy=\"1\" class=\"module_column tb-column col-full first tb_laxr272 tf_box\">\n\t\t\t    \t        <div class=\"tb-column-inner tf_box tf_w\">\n\t\t    \t<div  data-lazy=\"1\" class=\"module_subrow themify_builder_sub_row tb_8ij0272 tf_w tf_clearfix\">\n\t    \t\t<div class=\"subrow_inner col_align_top col-count-1 tf_box tf_w\">\n\t\t\t<div  data-lazy=\"1\" class=\"sub_column module_column tf_box col-full first tb_sg35272\" > \n\t    \t    \t        <div class=\"tb-column-inner tf_box tf_w\">\n\t\t    <!-- module text -->\n<div  class=\"module module-text tb_9xu0272  repeat \" data-lazy=\"1\">\n        <div  class=\"tb_text_wrap\">\n    <h2>Raz\u00f5es pelas quais vai querer migrar para Cloud<\/h2>    <\/div>\n<\/div>\n<!-- \/module text --><!-- module text -->\n<div  class=\"module module-text tb_rsq2272   \" data-lazy=\"1\">\n        <div  class=\"tb_text_wrap\">\n    <p style=\"text-align: center;\">\u2022 <strong>Obtenha informa\u00e7\u00f5es relevantes em tempo real<\/strong> atrav\u00e9s de dashboards de Power BI para decis\u00f5es mais r\u00e1pidas e sustentadas<br \/>\u2022 <strong>Capacite as suas equipas<\/strong> com informa\u00e7\u00e3o \u00fatil relativa \u00e0 sua fun\u00e7\u00e3o, maximizando a sua efici\u00eancia para maiores resultados <br \/>\u2022 <strong>Incremente a sua receita, satisfa\u00e7\u00e3o do cliente e fideliza\u00e7\u00e3o \u00e0 marca<\/strong>, atrav\u00e9s da oferta de uma experi\u00eancia de utilizador \u00fanica em todos os canais de comunica\u00e7\u00e3o<br \/>\u2022 <strong>Melhore a seguran\u00e7a, privacidade e fiabilidade<\/strong> com um armazenamento de dados comerciais confidenciais em datacenters de \u00faltima gera\u00e7\u00e3o, altamente seguros, de propriedade e gest\u00e3o Microsoft<\/p>    <\/div>\n<\/div>\n<!-- \/module text -->\t        <\/div>\n\t    \t<\/div>\n\t\t    <\/div>\n\t<\/div><!-- \/themify_builder_sub_row -->\n\t\t        <\/div>\n\t    \t<\/div>\n\t\t    <\/div>\n\t    <!-- \/row_inner -->\n\t<\/div>\n\t<!-- \/module_row -->\n\t\t<!-- module_row -->\n\t<div  data-css_id=\"zji0488\" data-lazy=\"1\" class=\"module_row themify_builder_row repeat fullwidth tb_zji0488 tf_clearfix\" >\n\t    \t\t<div class=\"row_inner col_align_top col-count-1 tf_box tf_w tf_rel\">\n\t\t\t<div  data-lazy=\"1\" class=\"module_column tb-column col-full first tb_s405489 tf_box\">\n\t\t\t    \t        <div class=\"tb-column-inner tf_box tf_w\">\n\t\t    <!-- module text -->\n<div  class=\"module module-text tb_zu40489  repeat \" data-lazy=\"1\">\n        <div  class=\"tb_text_wrap\">\n    <h2>Quais s\u00e3o os principais benef\u00edcios?<\/h2>    <\/div>\n<\/div>\n<!-- \/module text -->\t<div  data-lazy=\"1\" class=\"module_subrow themify_builder_sub_row tb_txi3489 tf_w tf_clearfix\">\n\t    \t\t<div class=\"subrow_inner col_align_top gutter-narrow col-count-4 tf_box tf_w\"  data-basecol=\"4\" data-col_tablet_landscape=\"column4-2\" data-col_mobile=\"column-full\">\n\t\t\t<div  data-lazy=\"1\" class=\"sub_column module_column tf_box col4-1 first tb_9kqr489 repeat\" > \n\t    \t    \t        <div class=\"tb-column-inner tf_box tf_w\">\n\t\t    <!-- module image -->\n<div  class=\"module module-image tb_3h8o489   image-top tf_mw\" data-lazy=\"1\">\n        <div class=\"image-wrap tf_rel tf_mw\">\n\t\t    <img loading=\"lazy\" src=\"https:\/\/arquiconsult.com\/wp-content\/uploads\/2022\/07\/young-curly-black-designer-is-posing-looking-at-t-2021-09-02-08-06-32-utc-scaled-500x300.jpg\" width=\"500\" height=\"300\" class=\"wp-post-image wp-image-42861\" title=\"Young curly black designer is posing, looking at the camera, smi\" alt=\"Bridge to the cloud bc\">\t\n\t\t<\/div>\n\t<!-- \/image-wrap -->\n    \n    \t<\/div>\n<!-- \/module image --><!-- module text -->\n<div  class=\"module module-text tb_jn7j359  repeat \" data-lazy=\"1\">\n        <div  class=\"tb_text_wrap\">\n    <p style=\"text-align: center;\"><strong>Dual Access Rights<br \/><\/strong>Durante o per\u00edodo promocional, os clientes podem continuar a usar, expandir e atualizar o seu sistema on-premises actual enquanto concluem a migra\u00e7\u00e3o, sem adquirir um EP adicional.<\/p><p style=\"text-align: center;\">(Observa\u00e7\u00e3o: expandir o n\u00famero de utilizadores locais requer a compra de licen\u00e7as locais adicionais).<\/p>    <\/div>\n<\/div>\n<!-- \/module text -->\t        <\/div>\n\t    \t<\/div>\n\t\t<div  data-lazy=\"1\" class=\"sub_column module_column tf_box col4-1 second tb_5su0489 repeat\" > \n\t    \t    \t        <div class=\"tb-column-inner tf_box tf_w\">\n\t\t    <!-- module image -->\n<div  class=\"module module-image tb_p34a489   image-top tf_mw\" data-lazy=\"1\">\n        <div class=\"image-wrap tf_rel tf_mw\">\n\t\t    <img loading=\"lazy\" src=\"https:\/\/arquiconsult.com\/wp-content\/uploads\/2022\/07\/it-s-never-been-easier-to-settle-your-monthly-bill-2022-03-31-18-25-28-utc-scaled-500x300.jpg\" width=\"500\" height=\"300\" class=\"wp-post-image wp-image-42864\" title=\"It&#039;s never been easier to settle your monthly bills\" alt=\"It&#039;s never been easier to settle your monthly bills\">\t\n\t\t<\/div>\n\t<!-- \/image-wrap -->\n    \n    \t<\/div>\n<!-- \/module image --><!-- module text -->\n<div  class=\"module module-text tb_8pn474  repeat \" data-lazy=\"1\">\n        <div  class=\"tb_text_wrap\">\n    <p style=\"text-align: center;\"><strong> Fatura\u00e7\u00e3o<br \/><\/strong>Cada parceiro CSP determina quais os termos fatura\u00e7\u00e3o dispon\u00edveis aos seus clientes e todas as assinaturas online qualificadas para esta promo\u00e7\u00e3o t\u00eam um prazo fixo de 3 anos (n\u00e3o cancel\u00e1vel).<\/p>    <\/div>\n<\/div>\n<!-- \/module text -->\t        <\/div>\n\t    \t<\/div>\n\t\t<div  data-lazy=\"1\" class=\"sub_column module_column tf_box col4-1 third tb_c3vc489 repeat\" > \n\t    \t    \t        <div class=\"tb-column-inner tf_box tf_w\">\n\t\t    <!-- module image -->\n<div  class=\"module module-image tb_cml0489   image-top tf_mw\" data-lazy=\"1\">\n        <div class=\"image-wrap tf_rel tf_mw\">\n\t\t    <img loading=\"lazy\" src=\"https:\/\/arquiconsult.com\/wp-content\/uploads\/2022\/07\/team-of-managers-discussion-in-it-business-office-2022-01-18-23-50-28-utc-scaled-500x300.jpg\" width=\"500\" height=\"300\" class=\"wp-post-image wp-image-42867\" title=\"Team of managers, discussion in IT business office\" alt=\"Team of managers, discussion in IT business office\">\t\n\t\t<\/div>\n\t<!-- \/image-wrap -->\n    \n    \t<\/div>\n<!-- \/module image --><!-- module text -->\n<div  class=\"module module-text tb_jyu6247  repeat \" data-lazy=\"1\">\n        <div  class=\"tb_text_wrap\">\n    <p style=\"text-align: center;\"><strong>Dual Use Rights (DUR)<\/strong><br \/>Os direitos de uso duplo fornecem uso local apenas das vers\u00f5es online atuais (n\u00e3o vers\u00f5es anteriores), n\u00e3o incluem suporte ou benef\u00edcios EP, n\u00e3o permitem adicionar utilizadores ao sistema on-premises existente, n\u00e3o podem exigir compra de produtos complementares (por exemplo, SQL) e n\u00e3o se aplica ao uso on-premises de licen\u00e7as online \u201c0\u20ac\u201d.&#8221;<\/p>    <\/div>\n<\/div>\n<!-- \/module text -->\t        <\/div>\n\t    \t<\/div>\n\t\t<div  data-lazy=\"1\" class=\"sub_column module_column tf_box col4-1 last tb_q13f489\" > \n\t    \t    \t        <div class=\"tb-column-inner tf_box tf_w\">\n\t\t    <!-- module image -->\n<div  class=\"module module-image tb_f774490   image-top tf_mw\" data-lazy=\"1\">\n        <div class=\"image-wrap tf_rel tf_mw\">\n\t\t    <img loading=\"lazy\" src=\"https:\/\/arquiconsult.com\/wp-content\/uploads\/2022\/07\/financial-report-and-laptop-on-business-desk-2022-01-18-23-38-04-utc-scaled-500x300.jpg\" width=\"500\" height=\"300\" class=\"wp-post-image wp-image-42870\" title=\"Financial report and laptop on business desk\" alt=\"Financial report and laptop on business desk\">\t\n\t\t<\/div>\n\t<!-- \/image-wrap -->\n    \n    \t<\/div>\n<!-- \/module image --><!-- module text -->\n<div  class=\"module module-text tb_ikwo647  repeat \" data-lazy=\"1\">\n        <div  class=\"tb_text_wrap\">\n    <p style=\"text-align: center;\"><strong> 0\u20ac \/Utilizadores adicionais.<\/strong> <br \/>Se e ap\u00f3s o custo anual da licen\u00e7a promocional NCE de um cliente exceder o dobro de seu custo EP anual para uso equivalente, o cliente poder\u00e1 solicitar licen\u00e7as extras sem custo adicional durante o per\u00edodo promocional com um valor at\u00e9, mas n\u00e3o excedendo, o dobro do custo do EP. Esta disposi\u00e7\u00e3o aplica-se apenas a clientes que migram de um produto Dynamics para o Dynamics 365 Business Central online.<\/p>    <\/div>\n<\/div>\n<!-- \/module text -->\t        <\/div>\n\t    \t<\/div>\n\t\t    <\/div>\n\t<\/div><!-- \/themify_builder_sub_row -->\n\t\t        <\/div>\n\t    \t<\/div>\n\t\t    <\/div>\n\t    <!-- \/row_inner -->\n\t<\/div>\n\t<!-- \/module_row -->\n\t\t<!-- module_row -->\n\t<div  data-lazy=\"1\" class=\"module_row themify_builder_row repeat tb_l9f4143 tf_clearfix hide-desktop hide-tablet hide-tablet_landscape hide-mobile\" >\n\t    \t\t<div class=\"row_inner col_align_top col-count-3 tf_box tf_w tf_rel\">\n\t\t\t<div  data-lazy=\"1\" style=\"width: 32.33%\" class=\"module_column tb-column col3-1 first tb_xafu143 tf_box\">\n\t\t\t    \t        <div class=\"tb-column-inner tf_box tf_w\">\n\t\t    <!-- module feature -->\n<div  class=\"module module-feature tb_og5p144 with-chart layout-icon-top size-small icon-animation wow\" data-tf-animation=\"pulse\" data-layout-mobile=\"icon-top\" data-layout-desktop=\"icon-top\" data-lazy=\"1\">\n        <div class=\"module-feature-image tf_textc tf_rel\">\n\t\t\t\t\t\t\t<span class=\"module-feature-chart-html5 tf_box tf_rel tf_inline_b\">\n\t\t\t\t\t\t\t<svg class=\"tf_abs tf_w tf_h\">\n\t\t\t\t<circle class=\"tb_feature_fill\" r=\"calc(50% - 1.00px)\" cx=\"50%\" cy=\"50%\" stroke-width=\"2\"\/>\n\t\t\t\t<circle class=\"tb_feature_stroke\" r=\"calc(50% - 1.00px)\" cx=\"50%\" cy=\"50%\" stroke=\"#c41230\" stroke-width=\"2\" data-progress=\"100\" stroke-dasharray=\"0,10000\"\/>\n\t\t\t\t\t\t\t\t<\/svg>\n\t\t\t\t\t\t\t<span class=\"chart-html5-circle tf_w tf_h\">\n\t\t\t\t\t\t\t\t\t\t\t<img style=\"width:calc(100% - 4px);height:calc(100% - 4px)\" src=\"https:\/\/arquiconsult.com\/wp-content\/uploads\/2021\/11\/Dynamics-365-BC-Dynamics-365-Enterprise-Sales-Microsoft-Dynamics-365-RGPD-Commerce-Microsoft-Dynamics-NAV-Navision-Microsoft-Softwares-3.png\" alt=\"-Dynamics 365 BC-Dynamics 365 Marketing-Sales-Microsoft Dynamics 365-RGPD-Commerce-Microsoft Dynamics NAV-Navision-Microsoft-Softwares-Main-Tool-arqebi\" title=\"-\">\n\t\t\t\t\t\t\t\t\t<\/span>\n\n\t\t\t\t\n\t\t\t<\/span>\n\t\t\t    <\/div>\n    <div class=\"module-feature-content tf_textc\">\n\t\t\t\t<div class=\"tb_text_wrap\">\n\t\t\t\t\t<\/div>\n    <\/div>\n<\/div>\n<!-- \/module feature -->\n<!-- module text -->\n<div  class=\"module module-text tb_dgtk144  repeat  wow\" data-tf-animation=\"pulse\" data-lazy=\"1\">\n        <div  class=\"tb_text_wrap\">\n    <p style=\"font-size: 16px; color: #24276a; text-align: center;\">Come\u00e7a a 01 de Setembro de 2021<\/p>    <\/div>\n<\/div>\n<!-- \/module text -->\t        <\/div>\n\t    \t<\/div>\n\t\t<div  data-lazy=\"1\" style=\"width: 30.07%\" class=\"module_column tb-column col3-1 middle tb_tn4g144 tf_box\">\n\t\t\t    \t        <div class=\"tb-column-inner tf_box tf_w\">\n\t\t    <!-- module feature -->\n<div  class=\"module module-feature tb_c6w3144 with-chart layout-icon-top size-small icon-animation wow\" data-tf-animation=\"pulse\" data-layout-mobile=\"icon-top\" data-layout-desktop=\"icon-top\" data-lazy=\"1\">\n        <div class=\"module-feature-image tf_textc tf_rel\">\n\t\t\t\t\t\t\t<span class=\"module-feature-chart-html5 tf_box tf_rel tf_inline_b\">\n\t\t\t\t\t\t\t<svg class=\"tf_abs tf_w tf_h\">\n\t\t\t\t<circle class=\"tb_feature_fill\" r=\"calc(50% - 1.00px)\" cx=\"50%\" cy=\"50%\" stroke-width=\"2\"\/>\n\t\t\t\t<circle class=\"tb_feature_stroke\" r=\"calc(50% - 1.00px)\" cx=\"50%\" cy=\"50%\" stroke=\"#c41230\" stroke-width=\"2\" data-progress=\"100\" stroke-dasharray=\"0,10000\"\/>\n\t\t\t\t\t\t\t\t<\/svg>\n\t\t\t\t\t\t\t<span class=\"chart-html5-circle tf_w tf_h\">\n\t\t\t\t\t\t\t\t\t\t\t<img style=\"width:calc(100% - 4px);height:calc(100% - 4px)\" src=\"https:\/\/arquiconsult.com\/wp-content\/uploads\/2021\/11\/Dynamics-365-BC-Dynamics-365-Enterprise-Sales-Microsoft-Dynamics-365-RGPD-Commerce-Microsoft-Dynamics-NAV-Navision-Microsoft-Softwares-3.png\" alt=\"-Dynamics 365 BC-Dynamics 365 Marketing-Sales-Microsoft Dynamics 365-RGPD-Commerce-Microsoft Dynamics NAV-Navision-Microsoft-Softwares-Main-Tool-arqebi\" title=\"-\">\n\t\t\t\t\t\t\t\t\t<\/span>\n\n\t\t\t\t\n\t\t\t<\/span>\n\t\t\t    <\/div>\n    <div class=\"module-feature-content tf_textc\">\n\t\t\t\t<div class=\"tb_text_wrap\">\n\t\t\t\t\t<\/div>\n    <\/div>\n<\/div>\n<!-- \/module feature -->\n<!-- module text -->\n<div  class=\"module module-text tb_hptk145  repeat  wow\" data-tf-animation=\"pulse\" data-lazy=\"1\">\n        <div  class=\"tb_text_wrap\">\n    <p style=\"font-size: 16px; color: #24276a; text-align: center;\">Pague periodicamente a sua subscri\u00e7\u00e3o<\/p>    <\/div>\n<\/div>\n<!-- \/module text -->\t        <\/div>\n\t    \t<\/div>\n\t\t<div  data-lazy=\"1\" class=\"module_column tb-column col3-1 last tb_esyl145 tf_box\">\n\t\t\t    \t        <div class=\"tb-column-inner tf_box tf_w\">\n\t\t    <!-- module feature -->\n<div  class=\"module module-feature tb_gyac145 with-chart layout-icon-top size-small icon-animation wow\" data-tf-animation=\"pulse\" data-layout-mobile=\"icon-top\" data-layout-desktop=\"icon-top\" data-lazy=\"1\">\n        <div class=\"module-feature-image tf_textc tf_rel\">\n\t\t\t\t\t\t\t<span class=\"module-feature-chart-html5 tf_box tf_rel tf_inline_b\">\n\t\t\t\t\t\t\t<svg class=\"tf_abs tf_w tf_h\">\n\t\t\t\t<circle class=\"tb_feature_fill\" r=\"calc(50% - 1.00px)\" cx=\"50%\" cy=\"50%\" stroke-width=\"2\"\/>\n\t\t\t\t<circle class=\"tb_feature_stroke\" r=\"calc(50% - 1.00px)\" cx=\"50%\" cy=\"50%\" stroke=\"#c41230\" stroke-width=\"2\" data-progress=\"100\" stroke-dasharray=\"0,10000\"\/>\n\t\t\t\t\t\t\t\t<\/svg>\n\t\t\t\t\t\t\t<span class=\"chart-html5-circle tf_w tf_h\">\n\t\t\t\t\t\t\t\t\t\t\t<img style=\"width:calc(100% - 4px);height:calc(100% - 4px)\" src=\"https:\/\/arquiconsult.com\/wp-content\/uploads\/2021\/11\/Dynamics-365-BC-Dynamics-365-Enterprise-Sales-Microsoft-Dynamics-365-RGPD-Commerce-Microsoft-Dynamics-NAV-Navision-Microsoft-Softwares-3.png\" alt=\"-Dynamics 365 BC-Dynamics 365 Marketing-Sales-Microsoft Dynamics 365-RGPD-Commerce-Microsoft Dynamics NAV-Navision-Microsoft-Softwares-Main-Tool-arqebi\" title=\"-\">\n\t\t\t\t\t\t\t\t\t<\/span>\n\n\t\t\t\t\n\t\t\t<\/span>\n\t\t\t    <\/div>\n    <div class=\"module-feature-content tf_textc\">\n\t\t\t\t<div class=\"tb_text_wrap\">\n\t\t\t\t\t<\/div>\n    <\/div>\n<\/div>\n<!-- \/module feature -->\n<!-- module text -->\n<div  class=\"module module-text tb_j7zh145  repeat  wow\" data-tf-animation=\"pulse\" data-lazy=\"1\">\n        <div  class=\"tb_text_wrap\">\n    <p style=\"font-size: 16px; color: #24276a; text-align: center;\">Migre para Cloud ao seu ritmo<\/p>    <\/div>\n<\/div>\n<!-- \/module text -->\t        <\/div>\n\t    \t<\/div>\n\t\t    <\/div>\n\t    <!-- \/row_inner -->\n\t<\/div>\n\t<!-- \/module_row -->\n\t\t<!-- module_row -->\n\t<div  data-css_id=\"oa5s111\" data-lazy=\"1\" class=\"module_row themify_builder_row repeat fullwidth_row_container tb_oa5s111 tf_clearfix\" >\n\t    \t\t<div class=\"row_inner col_align_top col-count-2 tf_box tf_w tf_rel\">\n\t\t\t<div  data-lazy=\"1\" class=\"module_column tb-column col4-2 first tb_yzna112 tf_box\">\n\t\t\t    \t        <div class=\"tb-column-inner tf_box tf_w\">\n\t\t    <!-- module text -->\n<div  class=\"module module-text tb_3ynd112  repeat \" data-lazy=\"1\">\n        <div  class=\"tb_text_wrap\">\n    <h2>Detalhes da Campanha<\/h2>    <\/div>\n<\/div>\n<!-- \/module text --><!-- module text -->\n<div  class=\"module module-text tb_6maw189  repeat \" data-lazy=\"1\">\n        <div  class=\"tb_text_wrap\">\n    <ul><li><strong>Produtos Eleg\u00edveis:<\/strong>Esta promo\u00e7\u00e3o aplica-se a clientes que migram os produtos Dynamics on-premises com um prazo de 3 anos. O valor da subscri\u00e7\u00e3o tem de ser igual ou superior ao valor do Enhancement Plan.<\/li><li><strong>Per\u00edodo de Inscri\u00e7\u00e3o:<\/strong>Campanha v\u00e1lida para subscri\u00e7\u00f5es efetuadas at\u00e9 dezembro de 2025.<\/li><li><strong>Dura\u00e7\u00e3o da Promo\u00e7\u00e3o: <\/strong>Valor da campanha aplic\u00e1vel por um per\u00edodo de 3 anos n\u00e3o renov\u00e1vel. Findo este per\u00edodo \u00e9 aplic\u00e1vel o pre\u00e7o de tabela.\u00a0<\/li><li><strong>Pre\u00e7os:<\/strong>Desconto de 40% sobre o pre\u00e7o comercial padr\u00e3o.<\/li><\/ul>    <\/div>\n<\/div>\n<!-- \/module text -->\t        <\/div>\n\t    \t<\/div>\n\t\t<div  data-lazy=\"1\" class=\"module_column tb-column col4-2 last tb_4ecp112 tf_box\">\n\t\t\t    \t        <div class=\"tb-column-inner tf_box tf_w\">\n\t\t    <!-- module text -->\n<div  class=\"module module-text tb_bhmm112  repeat \" data-lazy=\"1\">\n        <div  class=\"tb_text_wrap\">\n    <h2>Requisitos do Cliente<\/h2>    <\/div>\n<\/div>\n<!-- \/module text --><!-- module text -->\n<div  class=\"module module-text tb_zp0v112  repeat \" data-lazy=\"1\">\n        <div  class=\"tb_text_wrap\">\n    <ul><li style=\"text-align: left;\">O cliente deve ter um plano Enhancement Plan ativo para o sistema on-premises que est\u00e1 a ser migrado.<\/li><li style=\"text-align: left;\">O valor da subscri\u00e7\u00e3o tem de ser igual ou superior ao valor do Enhancement Plan.<\/li><li style=\"text-align: left;\">A promo\u00e7\u00e3o \u00e9 limitada a geografias onde o programa e o produto Dynamics 365 online esteja dispon\u00edvel.<\/li><li style=\"text-align: left;\"><span data-teams=\"true\">A solu\u00e7\u00e3o Dynamics on-premises dever\u00e1 ter sido licenciada antes de 1 de setembro de 2022.<\/span><\/li><\/ul>    <\/div>\n<\/div>\n<!-- \/module text -->\t        <\/div>\n\t    \t<\/div>\n\t\t    <\/div>\n\t    <!-- \/row_inner -->\n\t<\/div>\n\t<!-- \/module_row -->\n\t\t<!-- module_row -->\n\t<div  data-css_id=\"cwvr37\" data-lazy=\"1\" class=\"module_row themify_builder_row repeat fullwidth tb_cwvr37 tf_clearfix\" >\n\t    \t\t<div class=\"row_inner col_align_top col-count-1 tf_box tf_w tf_rel\">\n\t\t\t<div  data-lazy=\"1\" class=\"module_column tb-column col-full first tb_7u6038 tf_box\">\n\t\t\t    \t        <div class=\"tb-column-inner tf_box tf_w\">\n\t\t    <!-- module text -->\n<div  class=\"module module-text tb_g0sh38  repeat \" data-lazy=\"1\">\n        <div  class=\"tb_text_wrap\">\n    <p>Esta promo\u00e7\u00e3o \u00e9 destinada a clientes comprometidos em migrar para cloud. Os clientes que retornam ou permanecem com licen\u00e7as no local ap\u00f3s o per\u00edodo promocional que desejam os benef\u00edcios do Enhancement Plan (EP) est\u00e3o sujeitos \u00e0s pol\u00edticas normais de pagamento atrasado e multa.<\/p><p><em>Observa\u00e7\u00e3o:<\/em><\/p><p><em>A Microsoft reserva-se o direito de interromper esta promo\u00e7\u00e3o e\/ou modificar estas pol\u00edticas e os termos, condi\u00e7\u00f5es e data de lan\u00e7amento prevista da promo\u00e7\u00e3o a qualquer momento.<\/em><\/p>    <\/div>\n<\/div>\n<!-- \/module text -->\t        <\/div>\n\t    \t<\/div>\n\t\t    <\/div>\n\t    <!-- \/row_inner -->\n\t<\/div>\n\t<!-- \/module_row -->\n\t\t<!-- module_row -->\n\t<div  data-css_id=\"74hk335\" data-lazy=\"1\" class=\"module_row themify_builder_row fullcover fullwidth tb_74hk335 tf_clearfix\" >\n\t    \t\t<div class=\"row_inner col_align_top col-count-1 tf_box tf_w tf_rel\">\n\t\t\t<div  data-lazy=\"1\" class=\"module_column tb-column col-full first tb_bdsy336 tf_box\">\n\t\t\t    \t        <div class=\"tb-column-inner tf_box tf_w\">\n\t\t    <!-- module buttons -->\n<div  class=\"module module-buttons tb_zd8f336 buttons-horizontal solid popmake-47253 xlarge circle tf_textc\" data-lazy=\"1\">\n    \t<div class=\"module-buttons-item tf_inline_b\">\n\t\t\t\t\t\t\t<a href=\"#\" class=\"ui builder_button tb_default_color\" >\n\t\t\t\t\t\t\t\t\t\t\t<span class=\"tf_inline_b tf_vmiddle\">PARA MAIS INFORMA\u00c7\u00d5ES CONTACTE-NOS!<\/span>\n\t\t\t\t\t\t\t\t\t\t\t<\/a>\n\t\t\t    \t<\/div>\n\t<\/div>\n<!-- \/module buttons -->\n\t        <\/div>\n\t    \t<\/div>\n\t\t    <\/div>\n\t    <!-- \/row_inner -->\n\t<\/div>\n\t<!-- \/module_row -->\n\t<\/div>\n<!--\/themify_builder_content-->\n<p>&nbsp;<\/p>","protected":false},"excerpt":{"rendered":"<p>Arquiconsult.com \/ Solu\u00e7\u00f5es \/\u00a0Microsoft Dynamics 365\u00a0\/\u00a0ERP Dynamics 365 Business Central \/ Bridge to the Cloud BC BRIDGE TO THE CLOUD Inicie a sua transforma\u00e7\u00e3o digital &#8211; Business Central Solicite uma Demo Raz\u00f5es pelas quais vai querer migrar para Cloud \u2022 Obtenha informa\u00e7\u00f5es relevantes em tempo real atrav\u00e9s de dashboards de Power BI para decis\u00f5es mais [&hellip;]<\/p>\n","protected":false},"author":4,"featured_media":0,"parent":0,"menu_order":0,"comment_status":"closed","ping_status":"closed","template":"","meta":[],"acf":[],"_links":{"self":[{"href":"https:\/\/arquiconsult.com\/pt-br\/wp-json\/wp\/v2\/pages\/47089"}],"collection":[{"href":"https:\/\/arquiconsult.com\/pt-br\/wp-json\/wp\/v2\/pages"}],"about":[{"href":"https:\/\/arquiconsult.com\/pt-br\/wp-json\/wp\/v2\/types\/page"}],"author":[{"embeddable":true,"href":"https:\/\/arquiconsult.com\/pt-br\/wp-json\/wp\/v2\/users\/4"}],"replies":[{"embeddable":true,"href":"https:\/\/arquiconsult.com\/pt-br\/wp-json\/wp\/v2\/comments?post=47089"}],"version-history":[{"count":1,"href":"https:\/\/arquiconsult.com\/pt-br\/wp-json\/wp\/v2\/pages\/47089\/revisions"}],"predecessor-version":[{"id":118546,"href":"https:\/\/arquiconsult.com\/pt-br\/wp-json\/wp\/v2\/pages\/47089\/revisions\/118546"}],"wp:attachment":[{"href":"https:\/\/arquiconsult.com\/pt-br\/wp-json\/wp\/v2\/media?parent=47089"}],"curies":[{"name":"wp","href":"https:\/\/api.w.org\/{rel}","templated":true}]}}