{"id":58286,"date":"2023-11-24T14:32:38","date_gmt":"2023-11-24T14:32:38","guid":{"rendered":"https:\/\/arquiconsult.com\/?page_id=58286"},"modified":"2025-12-02T15:33:29","modified_gmt":"2025-12-02T15:33:29","slug":"sector-ls-retail-mobiliario","status":"publish","type":"page","link":"https:\/\/arquiconsult.com\/pt-br\/sector-ls-retail-mobiliario\/","title":{"rendered":"Sector LS Retail &#8211; Mobili\u00e1rio"},"content":{"rendered":"<!--themify_builder_content-->\n<div id=\"themify_builder_content-58286\" data-postid=\"58286\" class=\"themify_builder_content themify_builder_content-58286 themify_builder tf_clear\">\n    \t<!-- module_row -->\n\t<div  data-anchor=\"mobiliario\" data-hide-anchor=\"1\" data-css_id=\"tdac815\" data-lazy=\"1\" class=\"module_row themify_builder_row fullcover fullwidth_row_container tb_has_section tb_section-mobiliario tb_tdac815 tb_first tf_clearfix wow\" data-tf-animation=\"fadeInUp\" >\n\t    <div class=\"builder_row_cover tf_abs\"><\/div>\t\t<div class=\"row_inner col_align_top col-count-2 tf_box tf_w tf_rel\"  data-basecol=\"2\" data-col_mobile=\"column-full\">\n\t\t\t<div  data-lazy=\"1\" style=\"width: 68.49%\" class=\"module_column tb-column col4-2 first tb_l4dc816 repeat tf_box\">\n\t\t\t    \t        <div class=\"tb-column-inner tf_box tf_w\">\n\t\t    <!-- module text -->\n<div  class=\"module module-text tb_pvjl816  repeat \" data-lazy=\"1\">\n        <div  class=\"tb_text_wrap\">\n    <h4 style=\"font-weight: 300;\">LS Retail &#8211; Solu\u00e7\u00e3o completa para Mobili\u00e1rio<\/h4>    <\/div>\n<\/div>\n<!-- \/module text --><!-- module text -->\n<div  class=\"module module-text tb_3w2l816  repeat  hide-desktop hide-tablet hide-tablet_landscape hide-mobile\" data-lazy=\"1\">\n        <div  class=\"tb_text_wrap\">\n    <h2 style=\"font-weight: 300;\">LS Retail\u00a0<\/h2>    <\/div>\n<\/div>\n<!-- \/module text --><!-- module text -->\n<div  class=\"module module-text tb_i079812  repeat  hide-desktop hide-tablet hide-tablet_landscape hide-mobile\" data-lazy=\"1\">\n        <div  class=\"tb_text_wrap\">\n    <h1 style=\"font-weight: 300;\">LS Retail Mobili\u00e1rio<\/h1>    <\/div>\n<\/div>\n<!-- \/module text -->\t        <\/div>\n\t    \t<\/div>\n\t\t<div  data-lazy=\"1\" style=\"width: 28.31%\" class=\"module_column tb-column col4-2 last tb_df63816 tf_box\">\n\t\t\t    \t<\/div>\n\t\t    <\/div>\n\t    <!-- \/row_inner -->\n\t<\/div>\n\t<!-- \/module_row -->\n\t\t<!-- module_row -->\n\t<div  data-css_id=\"xagf779\" data-lazy=\"1\" class=\"module_row themify_builder_row fullcover fullwidth tb_xagf779 tf_clearfix wow\" data-tf-animation=\"pulse\" >\n\t    \t\t<div class=\"row_inner col_align_top col-count-1 tf_box tf_w tf_rel\">\n\t\t\t<div  data-lazy=\"1\" class=\"module_column tb-column col-full first tb_0zcj780 tf_box\">\n\t\t\t    \t        <div class=\"tb-column-inner tf_box tf_w\">\n\t\t    <!-- module text -->\n<div  class=\"module module-text tb_zsjc780  repeat \" data-lazy=\"1\">\n        <div  class=\"tb_text_wrap\">\n    <p style=\"text-align: center;\">A LS Retail tem um software POS e ERP unificado para lojas de mob\u00edlia que proporciona visibilidade e controlo geral das opera\u00e7\u00f5es. As automatiza\u00e7\u00f5es eficientes deste software otimizam o stock e reposi\u00e7\u00e3o que permite que os retalhistas se focem em atividades de\u00a0<strong>elevado<\/strong>\u00a0retorno. Com os dados em tempo real, a Plataforma \u00fanica integra acompanhamento de envios, gest\u00e3o de stock e programas de fideliza\u00e7\u00e3o, que pretendem melhorar a efici\u00eancia do servi\u00e7o e experi\u00eancia do cliente.<\/p>    <\/div>\n<\/div>\n<!-- \/module text -->\t        <\/div>\n\t    \t<\/div>\n\t\t    <\/div>\n\t    <!-- \/row_inner -->\n\t<\/div>\n\t<!-- \/module_row -->\n\t\t<!-- module_row -->\n\t<div  data-css_id=\"qkr3451\" data-lazy=\"1\" class=\"module_row themify_builder_row repeat fullwidth_row_container tb_qkr3451 tf_clearfix\" >\n\t    \t\t<div class=\"row_inner col_align_top gutter-narrow col-count-4 tf_box tf_w tf_rel\"  data-basecol=\"4\" data-col_mobile=\"column-full\">\n\t\t\t<div  data-lazy=\"1\" class=\"module_column tb-column col4-1 first tb_cgys451 repeat tf_box\">\n\t\t\t    \t        <div class=\"tb-column-inner tf_box tf_w\">\n\t\t    <!-- module image -->\n<div  class=\"module module-image tb_zc90451   image-center tf_mw wow\" data-tf-animation=\"slideInLeft\" data-tf-animation_delay=\".5\" data-lazy=\"1\">\n        <div class=\"image-wrap tf_rel tf_mw\">\n\t\t    \t\n\t\t<\/div>\n\t<!-- \/image-wrap -->\n    \n    \t<div class=\"image-content\">\n\t    \t\t\t<h3 class=\"image-title\">\n\t\t\t\t\t\t\t\t\tControlo de invent\u00e1rio\t\t\t\t\t\t\t<\/h3>\n\t    \n\t    \t\t<div class=\"image-caption tb_text_wrap\">\n\t\t    Com as solu\u00e7\u00f5es de software LS Retail Furniture, pode gerir de forma r\u00e1pida e f\u00e1cil o stock atual e as mercadorias fora de stock, bem como calcular a reposi\u00e7\u00e3o ideal do stock.\t    <\/div>\n\t    <!-- \/image-caption -->\n\t    \t<\/div>\n\t<!-- \/image-content -->\n    \t<\/div>\n<!-- \/module image -->\t        <\/div>\n\t    \t<\/div>\n\t\t<div  data-lazy=\"1\" class=\"module_column tb-column col4-1 second tb_gylt451 tf_box\">\n\t\t\t    \t        <div class=\"tb-column-inner tf_box tf_w\">\n\t\t    <!-- module image -->\n<div  class=\"module module-image tb_2yhl451   image-center tf_mw wow\" data-tf-animation=\"slideInLeft\" data-lazy=\"1\">\n        <div class=\"image-wrap tf_rel tf_mw\">\n\t\t    \t\n\t\t<\/div>\n\t<!-- \/image-wrap -->\n    \n    \t<div class=\"image-content\">\n\t    \t\t\t<h3 class=\"image-title\">\n\t\t\t\t\t\t\t\t\tItens personalizados\t\t\t\t\t\t\t<\/h3>\n\t    \n\t    \t\t<div class=\"image-caption tb_text_wrap\">\n\t\t    Gerencie as complexidades de pedidos especiais de m\u00f3veis personalizados e esgotados por meio de uma interface de solu\u00e7\u00e3o f\u00e1cil de usar e de aprendizagem r\u00e1pida. Satisfa\u00e7a a necessidade de personaliza\u00e7\u00e3o dos seus clientes.\t    <\/div>\n\t    <!-- \/image-caption -->\n\t    \t<\/div>\n\t<!-- \/image-content -->\n    \t<\/div>\n<!-- \/module image -->\t        <\/div>\n\t    \t<\/div>\n\t\t<div  data-lazy=\"1\" class=\"module_column tb-column col4-1 third tb_1823451 tf_box\">\n\t\t\t    \t        <div class=\"tb-column-inner tf_box tf_w\">\n\t\t    <!-- module image -->\n<div  class=\"module module-image tb_dmsy451   image-center tf_mw wow\" data-tf-animation=\"slideInRight\" data-lazy=\"1\">\n        <div class=\"image-wrap tf_rel tf_mw\">\n\t\t    \t\n\t\t<\/div>\n\t<!-- \/image-wrap -->\n    \n    \t<div class=\"image-content\">\n\t    \t\t\t<h3 class=\"image-title\">\n\t\t\t\t\t\t\t\t\tExperi\u00eancia Omnichannel\t\t\t\t\t\t\t<\/h3>\n\t    \n\t    \t\t<div class=\"image-caption tb_text_wrap\">\n\t\t    Os consumidores de m\u00f3veis de hoje e do futuro est\u00e3o a tornar-se cada vez mais experientes em tecnologia, eles est\u00e3o online e exigem que a sua experi\u00eancia de compra tamb\u00e9m seja multicanal.\t    <\/div>\n\t    <!-- \/image-caption -->\n\t    \t<\/div>\n\t<!-- \/image-content -->\n    \t<\/div>\n<!-- \/module image -->\t        <\/div>\n\t    \t<\/div>\n\t\t<div  data-lazy=\"1\" class=\"module_column tb-column col4-1 last tb_4xu7452 tf_box\">\n\t\t\t    \t        <div class=\"tb-column-inner tf_box tf_w\">\n\t\t    <!-- module image -->\n<div  class=\"module module-image tb_kmqc452   image-center tf_mw wow\" data-tf-animation=\"slideInRight\" data-lazy=\"1\">\n        <div class=\"image-wrap tf_rel tf_mw\">\n\t\t    \t\n\t\t<\/div>\n\t<!-- \/image-wrap -->\n    \n    \t<div class=\"image-content\">\n\t    \t\t\t<h3 class=\"image-title\">\n\t\t\t\t\t\t\t\t\tRastrear as compras<br> dos clientes \u00e9 f\u00e1cil\t\t\t\t\t\t\t<\/h3>\n\t    \n\t    \t\t<div class=\"image-caption tb_text_wrap\">\n\t\t    As informa\u00e7\u00f5es e o hist\u00f3rico de compras dos seus clientes est\u00e3o apenas a um clique de dist\u00e2ncia. Assim pode identificar facilmente diferentes perfis de clientes que podem ser usados para criar ofertas e promo\u00e7\u00f5es personalizadas.\t    <\/div>\n\t    <!-- \/image-caption -->\n\t    \t<\/div>\n\t<!-- \/image-content -->\n    \t<\/div>\n<!-- \/module image -->\t        <\/div>\n\t    \t<\/div>\n\t\t    <\/div>\n\t    <!-- \/row_inner -->\n\t<\/div>\n\t<!-- \/module_row -->\n\t\t<!-- module_row -->\n\t<div  data-css_id=\"6na0616\" data-lazy=\"1\" class=\"module_row themify_builder_row fullcover fullwidth tb_6na0616 tf_clearfix wow\" data-tf-animation=\"pulse\" >\n\t    \t\t<div class=\"row_inner col_align_top col-count-2 tf_box tf_w tf_rel\">\n\t\t\t<div  data-lazy=\"1\" class=\"module_column tb-column col4-2 first tb_62kp616 tf_box\">\n\t\t\t    \t        <div class=\"tb-column-inner tf_box tf_w\">\n\t\t    <!-- module buttons -->\n<div  class=\"module module-buttons tb_4x1o616 buttons-horizontal transparent popmake-61387 large circle tf_textc\" data-lazy=\"1\">\n    \t<div class=\"module-buttons-item tf_inline_b\">\n\t\t\t\t\t\t\t<a href=\"#\" class=\"ui builder_button tb_default_color\" >\n\t\t\t\t\t\t\t\t\t\t\t<span class=\"tf_inline_b tf_vmiddle\">Solicite a Demo<\/span>\n\t\t\t\t\t\t\t\t\t\t\t<\/a>\n\t\t\t    \t<\/div>\n\t<\/div>\n<!-- \/module buttons -->\n\t        <\/div>\n\t    \t<\/div>\n\t\t<div  data-lazy=\"1\" class=\"module_column tb-column col4-2 last tb_vnyu617 tf_box\">\n\t\t\t    \t        <div class=\"tb-column-inner tf_box tf_w\">\n\t\t    <!-- module buttons -->\n<div  class=\"module module-buttons tb_leh5617 buttons-horizontal transparent  large circle tf_textc\" data-lazy=\"1\">\n    \t<div class=\"module-buttons-item tf_inline_b\">\n\t\t\t\t\t\t\t<a href=\"https:\/\/arquiconsult.com\/wp-content\/uploads\/2023\/12\/LS-Retail-Mobilia.pdf\" class=\"ui builder_button tb_default_color\" target=\"_blank\" rel=\"noopener\">\n\t\t\t\t\t\t\t\t\t\t\t<span class=\"tf_inline_b tf_vmiddle\">Download Factsheet<\/span>\n\t\t\t\t\t\t\t\t\t\t\t<\/a>\n\t\t\t    \t<\/div>\n\t<\/div>\n<!-- \/module buttons -->\n\t        <\/div>\n\t    \t<\/div>\n\t\t    <\/div>\n\t    <!-- \/row_inner -->\n\t<\/div>\n\t<!-- \/module_row -->\n\t<\/div>\n<!--\/themify_builder_content-->","protected":false},"excerpt":{"rendered":"<p>LS Retail &#8211; Solu\u00e7\u00e3o completa para Mobili\u00e1rio LS Retail\u00a0 LS Retail Mobili\u00e1rio A LS Retail tem um software POS e ERP unificado para lojas de mob\u00edlia que proporciona visibilidade e controlo geral das opera\u00e7\u00f5es. As automatiza\u00e7\u00f5es eficientes deste software otimizam o stock e reposi\u00e7\u00e3o que permite que os retalhistas se focem em atividades de\u00a0elevado\u00a0retorno. Com [&hellip;]<\/p>\n","protected":false},"author":4,"featured_media":0,"parent":0,"menu_order":0,"comment_status":"closed","ping_status":"closed","template":"","meta":[],"acf":[],"_links":{"self":[{"href":"https:\/\/arquiconsult.com\/pt-br\/wp-json\/wp\/v2\/pages\/58286"}],"collection":[{"href":"https:\/\/arquiconsult.com\/pt-br\/wp-json\/wp\/v2\/pages"}],"about":[{"href":"https:\/\/arquiconsult.com\/pt-br\/wp-json\/wp\/v2\/types\/page"}],"author":[{"embeddable":true,"href":"https:\/\/arquiconsult.com\/pt-br\/wp-json\/wp\/v2\/users\/4"}],"replies":[{"embeddable":true,"href":"https:\/\/arquiconsult.com\/pt-br\/wp-json\/wp\/v2\/comments?post=58286"}],"version-history":[{"count":1,"href":"https:\/\/arquiconsult.com\/pt-br\/wp-json\/wp\/v2\/pages\/58286\/revisions"}],"predecessor-version":[{"id":118237,"href":"https:\/\/arquiconsult.com\/pt-br\/wp-json\/wp\/v2\/pages\/58286\/revisions\/118237"}],"wp:attachment":[{"href":"https:\/\/arquiconsult.com\/pt-br\/wp-json\/wp\/v2\/media?parent=58286"}],"curies":[{"name":"wp","href":"https:\/\/api.w.org\/{rel}","templated":true}]}}