{"id":58308,"date":"2023-11-24T14:43:59","date_gmt":"2023-11-24T14:43:59","guid":{"rendered":"https:\/\/arquiconsult.com\/?page_id=58308"},"modified":"2025-12-02T15:25:45","modified_gmt":"2025-12-02T15:25:45","slug":"sector-ls-retail-restaurantes","status":"publish","type":"page","link":"https:\/\/arquiconsult.com\/pt-br\/sector-ls-retail-restaurantes\/","title":{"rendered":"Sector LS Retail &#8211; Restaurantes"},"content":{"rendered":"<!--themify_builder_content-->\n<div id=\"themify_builder_content-58308\" data-postid=\"58308\" class=\"themify_builder_content themify_builder_content-58308 themify_builder tf_clear\">\n    \t<!-- module_row -->\n\t<div  data-anchor=\"restauracao\" data-hide-anchor=\"1\" data-css_id=\"zcof562\" data-lazy=\"1\" class=\"module_row themify_builder_row fullcover fullwidth_row_container tb_has_section tb_section-restauracao tb_zcof562 tb_first tf_clearfix wow\" data-tf-animation=\"bounceInUp\" >\n\t    <div class=\"builder_row_cover tf_abs\"><\/div>\t\t<div class=\"row_inner col_align_top col-count-2 tf_box tf_w tf_rel\"  data-basecol=\"2\" data-col_mobile=\"column-full\">\n\t\t\t<div  data-lazy=\"1\" style=\"width: 73.38%\" class=\"module_column tb-column col4-2 first tb_bu1p562 repeat tf_box\">\n\t\t\t    \t        <div class=\"tb-column-inner tf_box tf_w\">\n\t\t    <!-- module text -->\n<div  class=\"module module-text tb_4qnb562  repeat \" data-lazy=\"1\">\n        <div  class=\"tb_text_wrap\">\n    <h4 style=\"font-weight: 300;\">LS Retail &#8211; Solu\u00e7\u00e3o completa para Restaurantes<\/h4>    <\/div>\n<\/div>\n<!-- \/module text --><!-- module text -->\n<div  class=\"module module-text tb_dxh2698  repeat  hide-desktop hide-tablet hide-tablet_landscape hide-mobile\" data-lazy=\"1\">\n        <div  class=\"tb_text_wrap\">\n    <h2 style=\"font-weight: 300;\">LS Retail\u00a0<\/h2>    <\/div>\n<\/div>\n<!-- \/module text --><!-- module text -->\n<div  class=\"module module-text tb_i8hz708  repeat  hide-desktop hide-tablet hide-tablet_landscape hide-mobile\" data-lazy=\"1\">\n        <div  class=\"tb_text_wrap\">\n    <h1 style=\"font-weight: 300;\">LS Retail Restaurantes<\/h1>    <\/div>\n<\/div>\n<!-- \/module text -->\t        <\/div>\n\t    \t<\/div>\n\t\t<div  data-lazy=\"1\" style=\"width: 23.42%\" class=\"module_column tb-column col4-2 last tb_3s2g563 tf_box\">\n\t\t\t    \t<\/div>\n\t\t    <\/div>\n\t    <!-- \/row_inner -->\n\t<\/div>\n\t<!-- \/module_row -->\n\t\t<!-- module_row -->\n\t<div  data-css_id=\"0eji908\" data-lazy=\"1\" class=\"module_row themify_builder_row fullcover fullwidth tb_0eji908 tf_clearfix wow\" data-tf-animation=\"pulse\" >\n\t    \t\t<div class=\"row_inner col_align_top col-count-1 tf_box tf_w tf_rel\">\n\t\t\t<div  data-lazy=\"1\" class=\"module_column tb-column col-full first tb_1wqv908 tf_box\">\n\t\t\t    \t        <div class=\"tb-column-inner tf_box tf_w\">\n\t\t    <!-- module text -->\n<div  class=\"module module-text tb_665w909  repeat \" data-lazy=\"1\">\n        <div  class=\"tb_text_wrap\">\n    <p style=\"text-align: center;\">A solu\u00e7\u00e3o de gest\u00e3o de restaurantes da LS Retail facilita opera\u00e7\u00f5es eficientes na cozinhas e gest\u00e3o de mesas, agilizando pedidos e garantindo servi\u00e7os pontuais. A plataforma \u00fanica, LS Central for Restaurants, oferece vis\u00e3o completa do neg\u00f3cio, interligando opera\u00e7\u00f5es di\u00e1rias com os processos financeiros. Destaques incluem adapta\u00e7\u00e3o f\u00e1cil a pedidos, gest\u00e3o centralizada de reservas para mesas e eventos especiais.<\/p>    <\/div>\n<\/div>\n<!-- \/module text -->\t        <\/div>\n\t    \t<\/div>\n\t\t    <\/div>\n\t    <!-- \/row_inner -->\n\t<\/div>\n\t<!-- \/module_row -->\n\t\t<!-- module_row -->\n\t<div  data-css_id=\"wb0t471\" data-lazy=\"1\" class=\"module_row themify_builder_row repeat fullwidth_row_container tb_wb0t471 tf_clearfix\" >\n\t    \t\t<div class=\"row_inner col_align_top col-count-2 tf_box tf_w tf_rel\"  data-basecol=\"2\" data-col_mobile=\"column-full\">\n\t\t\t<div  data-lazy=\"1\" style=\"width: 45.49%\" class=\"module_column tb-column col4-2 first tb_vt44471 tf_box\">\n\t\t\t    \t        <div class=\"tb-column-inner tf_box tf_w\">\n\t\t    \t<div  data-lazy=\"1\" class=\"module_subrow themify_builder_sub_row tb_04z0472 tf_w tf_clearfix\">\n\t    \t\t<div class=\"subrow_inner col_align_top col-count-1 tf_box tf_w\">\n\t\t\t<div  data-lazy=\"1\" class=\"sub_column module_column tf_box col-full first tb_m51f472\" > \n\t    \t    \t        <div class=\"tb-column-inner tf_box tf_w\">\n\t\t    <!-- module text -->\n<div  class=\"module module-text tb_pgwl965  repeat \" data-lazy=\"1\">\n        <div  class=\"tb_text_wrap\">\n    <h2 style=\"text-align: left;\">LS Retail Delivery Connector<\/h2>    <\/div>\n<\/div>\n<!-- \/module text --><!-- module text -->\n<div  class=\"module module-text tb_r8n2737   \" data-lazy=\"1\">\n        <div  class=\"tb_text_wrap\">\n    <p style=\"text-align: left;\"><strong>Desenvolvido para empresas que t\u00eam servi\u00e7o de entrega e que precisam de ajuda a gerir todos os canais de entrega.<\/strong><\/p>\n<p style=\"text-align: left;\">Solu\u00e7\u00e3o <strong>desenvolvida pela Arquiconsult<\/strong> com base na LS Retail para suportar Canais de Entrega com Deliverect em BC. Esta app integra todos os processos de canais de entrega e informa\u00e7\u00e3o dos itens, reduzindo custos de operacionais e processos de pessoal, simplificando a sua gest\u00e3o e agilizando o processo de pedidos de entrega.<\/p>    <\/div>\n<\/div>\n<!-- \/module text --><!-- module buttons -->\n<div  class=\"module module-buttons tb_2iag825 buttons-horizontal transparent  large circle tf_textc\" data-lazy=\"1\">\n    \t<div class=\"module-buttons-item tf_inline_b\">\n\t\t\t\t\t\t\t<a href=\"https:\/\/arquiconsult.com\/wp-content\/uploads\/2024\/02\/LS_Retail_Delivery_Con_pt.pdf\" class=\"ui builder_button tb_default_color\" target=\"_blank\" rel=\"noopener\">\n\t\t\t\t\t\t\t\t\t\t\t<span class=\"tf_inline_b tf_vmiddle\">Factsheet<\/span>\n\t\t\t\t\t\t\t\t\t\t\t<\/a>\n\t\t\t    \t<\/div>\n\t<\/div>\n<!-- \/module buttons -->\n\t        <\/div>\n\t    \t<\/div>\n\t\t    <\/div>\n\t<\/div><!-- \/themify_builder_sub_row -->\n\t\t        <\/div>\n\t    \t<\/div>\n\t\t<div  data-lazy=\"1\" style=\"width: 51.31%\" class=\"module_column tb-column col4-2 last tb_t504472 tf_box\">\n\t\t\t    \t        <div class=\"tb-column-inner tf_box tf_w\">\n\t\t    <!-- module image -->\n<div  class=\"module module-image tb_o9ye370   image-top tf_mw wow\" data-tf-animation=\"fadeIn\" data-lazy=\"1\">\n        <div class=\"image-wrap tf_rel tf_mw\">\n\t\t    <img loading=\"lazy\" src=\"https:\/\/arquiconsult.com\/wp-content\/uploads\/2024\/01\/senhora-500x516.png\" width=\"500\" height=\"516\" class=\"wp-post-image wp-image-60434\" title=\"senhora\" alt=\"senhora\" srcset=\"https:\/\/arquiconsult.com\/wp-content\/uploads\/2024\/01\/senhora-500x516.png 500w, https:\/\/arquiconsult.com\/wp-content\/uploads\/2024\/01\/senhora-465x480.png 465w, https:\/\/arquiconsult.com\/wp-content\/uploads\/2024\/01\/senhora-768x793.png 768w, https:\/\/arquiconsult.com\/wp-content\/uploads\/2024\/01\/senhora-320x331.png 320w, https:\/\/arquiconsult.com\/wp-content\/uploads\/2024\/01\/senhora-480x496.png 480w, https:\/\/arquiconsult.com\/wp-content\/uploads\/2024\/01\/senhora-800x826.png 800w, https:\/\/arquiconsult.com\/wp-content\/uploads\/2024\/01\/senhora-600x619.png 600w, https:\/\/arquiconsult.com\/wp-content\/uploads\/2024\/01\/senhora-700x723.png 700w, https:\/\/arquiconsult.com\/wp-content\/uploads\/2024\/01\/senhora.png 969w\" sizes=\"(max-width: 500px) 100vw, 500px\" \/>\t\n\t\t<\/div>\n\t<!-- \/image-wrap -->\n    \n    \t<\/div>\n<!-- \/module image -->\t        <\/div>\n\t    \t<\/div>\n\t\t    <\/div>\n\t    <!-- \/row_inner -->\n\t<\/div>\n\t<!-- \/module_row -->\n\t\t<!-- module_row -->\n\t<div  data-css_id=\"gc40107\" data-lazy=\"1\" class=\"module_row themify_builder_row repeat fullwidth_row_container tb_gc40107 tf_clearfix\" >\n\t    \t\t<div class=\"row_inner col_align_top gutter-narrow col-count-4 tf_box tf_w tf_rel\"  data-basecol=\"4\" data-col_mobile=\"column-full\">\n\t\t\t<div  data-lazy=\"1\" class=\"module_column tb-column col4-1 first tb_uq5z107 repeat tf_box\">\n\t\t\t    \t        <div class=\"tb-column-inner tf_box tf_w\">\n\t\t    <!-- module image -->\n<div  class=\"module module-image tb_glif107   image-center tf_mw wow\" data-tf-animation=\"slideInLeft\" data-tf-animation_delay=\".5\" data-lazy=\"1\">\n        <div class=\"image-wrap tf_rel tf_mw\">\n\t\t    \t\n\t\t<\/div>\n\t<!-- \/image-wrap -->\n    \n    \t<div class=\"image-content\">\n\t    \t\t\t<h3 class=\"image-title\">\n\t\t\t\t\t\t\t\t\tControle total dos restaurantes\t\t\t\t\t\t\t<\/h3>\n\t    \n\t    \t\t<div class=\"image-caption tb_text_wrap\">\n\t\t    Substitua as muitas solu\u00e7\u00f5es de software, com LS Retail para restaurantes e empresas de food service, com apenas um sistema de software para toda a empresa.\t    <\/div>\n\t    <!-- \/image-caption -->\n\t    \t<\/div>\n\t<!-- \/image-content -->\n    \t<\/div>\n<!-- \/module image -->\t        <\/div>\n\t    \t<\/div>\n\t\t<div  data-lazy=\"1\" class=\"module_column tb-column col4-1 second tb_8f1i108 tf_box\">\n\t\t\t    \t        <div class=\"tb-column-inner tf_box tf_w\">\n\t\t    <!-- module image -->\n<div  class=\"module module-image tb_ipm4108   image-center tf_mw wow\" data-tf-animation=\"slideInLeft\" data-lazy=\"1\">\n        <div class=\"image-wrap tf_rel tf_mw\">\n\t\t    \t\n\t\t<\/div>\n\t<!-- \/image-wrap -->\n    \n    \t<div class=\"image-content\">\n\t    \t\t\t<h3 class=\"image-title\">\n\t\t\t\t\t\t\t\t\tElimine erros e melhore os resultados finais\t\t\t\t\t\t\t<\/h3>\n\t    \n\t    \t\t<div class=\"image-caption tb_text_wrap\">\n\t\t    Avalie os pratos para garantir lucros, reduza o desperd\u00edcio com quantidades corretas, agilize o servi\u00e7o \u00e0 mesa, reserve livros para otimizar o espa\u00e7o e tempo.\t    <\/div>\n\t    <!-- \/image-caption -->\n\t    \t<\/div>\n\t<!-- \/image-content -->\n    \t<\/div>\n<!-- \/module image -->\t        <\/div>\n\t    \t<\/div>\n\t\t<div  data-lazy=\"1\" class=\"module_column tb-column col4-1 third tb_aimd108 tf_box\">\n\t\t\t    \t        <div class=\"tb-column-inner tf_box tf_w\">\n\t\t    <!-- module image -->\n<div  class=\"module module-image tb_lsb2108   image-center tf_mw wow\" data-tf-animation=\"slideInRight\" data-lazy=\"1\">\n        <div class=\"image-wrap tf_rel tf_mw\">\n\t\t    \t\n\t\t<\/div>\n\t<!-- \/image-wrap -->\n    \n    \t<div class=\"image-content\">\n\t    \t\t\t<h3 class=\"image-title\">\n\t\t\t\t\t\t\t\t\tObtenha a fidelidade dos seus clientes e eles ir\u00e3o voltar\t\t\t\t\t\t\t<\/h3>\n\t    \n\t    \t\t<div class=\"image-caption tb_text_wrap\">\n\t\t    Forne\u00e7a atendimento ao cliente excepcional. Surpreenda os clientes com agilidade na recep\u00e7\u00e3o dos pedidos e pagamentos na mesa com a solu\u00e7\u00e3o m\u00f3vel, com informa\u00e7\u00f5es precisas sobre ingredientes e al\u00e9rgenos.\t    <\/div>\n\t    <!-- \/image-caption -->\n\t    \t<\/div>\n\t<!-- \/image-content -->\n    \t<\/div>\n<!-- \/module image -->\t        <\/div>\n\t    \t<\/div>\n\t\t<div  data-lazy=\"1\" class=\"module_column tb-column col4-1 last tb_t487108 tf_box\">\n\t\t\t    \t        <div class=\"tb-column-inner tf_box tf_w\">\n\t\t    <!-- module image -->\n<div  class=\"module module-image tb_gfrs108   image-center tf_mw wow\" data-tf-animation=\"slideInRight\" data-lazy=\"1\">\n        <div class=\"image-wrap tf_rel tf_mw\">\n\t\t    \t\n\t\t<\/div>\n\t<!-- \/image-wrap -->\n    \n    \t<div class=\"image-content\">\n\t    \t\t\t<h3 class=\"image-title\">\n\t\t\t\t\t\t\t\t\tFront Office, Back <br>Office e cozinha\t\t\t\t\t\t\t<\/h3>\n\t    \n\t    \t\t<div class=\"image-caption tb_text_wrap\">\n\t\t    Tenha a solu\u00e7\u00e3o fixa e m\u00f3vel na sala, gest\u00e3o de Back Office para gerir receitas, menus e promo\u00e7\u00f5es. Obtenha o comando da cozinha com uma comunica\u00e7\u00e3o clara com a sala, sistema de visualiza\u00e7\u00e3o de comandos e produ\u00e7\u00e3o sincronizada de pratos.\t    <\/div>\n\t    <!-- \/image-caption -->\n\t    \t<\/div>\n\t<!-- \/image-content -->\n    \t<\/div>\n<!-- \/module image -->\t        <\/div>\n\t    \t<\/div>\n\t\t    <\/div>\n\t    <!-- \/row_inner -->\n\t<\/div>\n\t<!-- \/module_row -->\n\t\t<!-- module_row -->\n\t<div  data-css_id=\"heid922\" data-lazy=\"1\" class=\"module_row themify_builder_row fullcover fullwidth tb_heid922 tf_clearfix wow\" data-tf-animation=\"pulse\" >\n\t    \t\t<div class=\"row_inner col_align_top col-count-2 tf_box tf_w tf_rel\">\n\t\t\t<div  data-lazy=\"1\" class=\"module_column tb-column col4-2 first tb_af8n923 tf_box\">\n\t\t\t    \t        <div class=\"tb-column-inner tf_box tf_w\">\n\t\t    <!-- module buttons -->\n<div  class=\"module module-buttons tb_bbd0923 buttons-horizontal transparent popmake-61393 large circle tf_textc\" data-lazy=\"1\">\n    \t<div class=\"module-buttons-item tf_inline_b\">\n\t\t\t\t\t\t\t<a href=\"#\" class=\"ui builder_button tb_default_color\" >\n\t\t\t\t\t\t\t\t\t\t\t<span class=\"tf_inline_b tf_vmiddle\">Solicite a Demo<\/span>\n\t\t\t\t\t\t\t\t\t\t\t<\/a>\n\t\t\t    \t<\/div>\n\t<\/div>\n<!-- \/module buttons -->\n\t        <\/div>\n\t    \t<\/div>\n\t\t<div  data-lazy=\"1\" class=\"module_column tb-column col4-2 last tb_438f923 tf_box\">\n\t\t\t    \t        <div class=\"tb-column-inner tf_box tf_w\">\n\t\t    <!-- module buttons -->\n<div  class=\"module module-buttons tb_jc11924 buttons-horizontal transparent  large circle tf_textc\" data-lazy=\"1\">\n    \t<div class=\"module-buttons-item tf_inline_b\">\n\t\t\t\t\t\t\t<a href=\"https:\/\/arquiconsult.com\/wp-content\/uploads\/2023\/12\/LS-Retail-Restaurantes.pdf\" class=\"ui builder_button tb_default_color\" target=\"_blank\" rel=\"noopener\">\n\t\t\t\t\t\t\t\t\t\t\t<span class=\"tf_inline_b tf_vmiddle\">Download Factsheet<\/span>\n\t\t\t\t\t\t\t\t\t\t\t<\/a>\n\t\t\t    \t<\/div>\n\t<\/div>\n<!-- \/module buttons -->\n\t        <\/div>\n\t    \t<\/div>\n\t\t    <\/div>\n\t    <!-- \/row_inner -->\n\t<\/div>\n\t<!-- \/module_row -->\n\t<\/div>\n<!--\/themify_builder_content-->","protected":false},"excerpt":{"rendered":"<p>LS Retail &#8211; Solu\u00e7\u00e3o completa para Restaurantes LS Retail\u00a0 LS Retail Restaurantes A solu\u00e7\u00e3o de gest\u00e3o de restaurantes da LS Retail facilita opera\u00e7\u00f5es eficientes na cozinhas e gest\u00e3o de mesas, agilizando pedidos e garantindo servi\u00e7os pontuais. A plataforma \u00fanica, LS Central for Restaurants, oferece vis\u00e3o completa do neg\u00f3cio, interligando opera\u00e7\u00f5es di\u00e1rias com os processos financeiros. [&hellip;]<\/p>\n","protected":false},"author":4,"featured_media":0,"parent":0,"menu_order":0,"comment_status":"closed","ping_status":"closed","template":"","meta":[],"acf":[],"_links":{"self":[{"href":"https:\/\/arquiconsult.com\/pt-br\/wp-json\/wp\/v2\/pages\/58308"}],"collection":[{"href":"https:\/\/arquiconsult.com\/pt-br\/wp-json\/wp\/v2\/pages"}],"about":[{"href":"https:\/\/arquiconsult.com\/pt-br\/wp-json\/wp\/v2\/types\/page"}],"author":[{"embeddable":true,"href":"https:\/\/arquiconsult.com\/pt-br\/wp-json\/wp\/v2\/users\/4"}],"replies":[{"embeddable":true,"href":"https:\/\/arquiconsult.com\/pt-br\/wp-json\/wp\/v2\/comments?post=58308"}],"version-history":[{"count":1,"href":"https:\/\/arquiconsult.com\/pt-br\/wp-json\/wp\/v2\/pages\/58308\/revisions"}],"predecessor-version":[{"id":118232,"href":"https:\/\/arquiconsult.com\/pt-br\/wp-json\/wp\/v2\/pages\/58308\/revisions\/118232"}],"wp:attachment":[{"href":"https:\/\/arquiconsult.com\/pt-br\/wp-json\/wp\/v2\/media?parent=58308"}],"curies":[{"name":"wp","href":"https:\/\/api.w.org\/{rel}","templated":true}]}}