{"id":67663,"date":"2024-06-03T16:42:55","date_gmt":"2024-06-03T15:42:55","guid":{"rendered":"https:\/\/arquiconsult.com\/?page_id=67663"},"modified":"2025-12-02T17:11:41","modified_gmt":"2025-12-02T17:11:41","slug":"enwis-funcionalidades","status":"publish","type":"page","link":"https:\/\/arquiconsult.com\/pt-br\/enwis-funcionalidades\/","title":{"rendered":"Enwis &#8211; Funcionalidades"},"content":{"rendered":"<!--themify_builder_content-->\n<div id=\"themify_builder_content-67663\" data-postid=\"67663\" class=\"themify_builder_content themify_builder_content-67663 themify_builder tf_clear\">\n    \t<!-- module_row -->\n\t<div  data-anchor=\"hoteis\" data-hide-anchor=\"1\" data-css_id=\"z0k3127\" data-lazy=\"1\" class=\"module_row themify_builder_row fullcover fullwidth_row_container tb_has_section tb_section-hoteis tb_z0k3127 tb_first tf_clearfix wow\" data-tf-animation=\"fadeInUp\" >\n\t    <div class=\"builder_row_cover tf_abs\"><\/div>\t\t<div class=\"row_inner col_align_top col-count-2 tf_box tf_w tf_rel\"  data-basecol=\"2\" data-col_mobile=\"column-full\">\n\t\t\t<div  data-lazy=\"1\" style=\"width: 47.51%\" class=\"module_column tb-column col4-2 first tb_6rog127 repeat tf_box\">\n\t\t\t    \t        <div class=\"tb-column-inner tf_box tf_w\">\n\t\t    <!-- module text -->\n<div  class=\"module module-text tb_5znw128  repeat \" data-lazy=\"1\">\n        <div  class=\"tb_text_wrap\">\n    <h4 style=\"font-weight: 300;\"><strong>TegosSuite<\/strong> &#8211; Funcionalidades<\/h4>    <\/div>\n<\/div>\n<!-- \/module text -->\t        <\/div>\n\t    \t<\/div>\n\t\t<div  data-lazy=\"1\" style=\"width: 49.29%\" class=\"module_column tb-column col4-2 last tb_p6ao128 tf_box\">\n\t\t\t    \t<\/div>\n\t\t    <\/div>\n\t    <!-- \/row_inner -->\n\t<\/div>\n\t<!-- \/module_row -->\n\t\t<!-- module_row -->\n\t<div  data-css_id=\"wdki311\" data-lazy=\"1\" class=\"module_row themify_builder_row repeat fullwidth tb_wdki311 tf_clearfix\" >\n\t    \t\t<div class=\"row_inner col_align_top col-count-5 tf_box tf_w tf_rel\"  data-basecol=\"5\" data-col_tablet_landscape=\"column3-1 tb_3col\" data-col_mobile=\"column-full\">\n\t\t\t<div  data-lazy=\"1\" style=\"width: 17.32%\" class=\"module_column tb-column col5-1 first tb_xap9311 repeat tf_box\">\n\t\t\t    \t        <div class=\"tb-column-inner tf_box tf_w\">\n\t\t    <!-- module image -->\n<div  class=\"module module-image tb_ffzj311   image-center tf_mw\" data-lazy=\"1\">\n        <div class=\"image-wrap tf_rel tf_mw\">\n\t\t    <img loading=\"lazy\" src=\"https:\/\/arquiconsult.com\/wp-content\/uploads\/2021\/11\/Commercial-Management-Contratos-Enwis-100x100.png\" width=\"100\" height=\"100\" class=\"wp-post-image wp-image-31689\" title=\"Commercial-Management-Contratos-Enwis\" alt=\"Commercial-Management-Contratos-Enwis\" srcset=\"https:\/\/arquiconsult.com\/wp-content\/uploads\/2021\/11\/Commercial-Management-Contratos-Enwis-100x100.png 100w, https:\/\/arquiconsult.com\/wp-content\/uploads\/2021\/11\/Commercial-Management-Contratos-Enwis-150x150.png 150w, https:\/\/arquiconsult.com\/wp-content\/uploads\/2021\/11\/Commercial-Management-Contratos-Enwis-50x50.png 50w, https:\/\/arquiconsult.com\/wp-content\/uploads\/2021\/11\/Commercial-Management-Contratos-Enwis-80x80.png 80w, https:\/\/arquiconsult.com\/wp-content\/uploads\/2021\/11\/Commercial-Management-Contratos-Enwis.png 106w\" sizes=\"(max-width: 100px) 100vw, 100px\" \/>\t\n\t\t<\/div>\n\t<!-- \/image-wrap -->\n    \n    \t<\/div>\n<!-- \/module image --><!-- module text -->\n<div  class=\"module module-text tb_dmum312  repeat \" data-lazy=\"1\">\n        <div  class=\"tb_text_wrap\">\n    <p style=\"text-align: center;\"><strong>GEST\u00c3O COMERCIAL <br \/>E DE CONTRATOS<\/strong><\/p><p style=\"text-align: center;\">O m\u00f3dulo de gest\u00e3o comercial e contratos oferece uma solu\u00e7\u00e3o abrangente para gerir eficazmente Parceiros de Neg\u00f3cio (Clientes e Fornecedores), Locais de Trabalho, Contactos, Propostas e Contratos. Com funcionalidades avan\u00e7adas e ferramentas intuitivas, simplifica todo o processo, desde o contacto inicial do cliente at\u00e9 \u00e0 execu\u00e7\u00e3o do contrato e muito mais. Toda a informa\u00e7\u00e3o poder\u00e1 ser partilhada, em tempo real, com os Parceiros de Neg\u00f3cio atrav\u00e9s do Portal Customer Hub.<\/p>    <\/div>\n<\/div>\n<!-- \/module text -->\t        <\/div>\n\t    \t<\/div>\n\t\t<div  data-lazy=\"1\" style=\"width: 17.82%\" class=\"module_column tb-column col5-1 second tb_tx5y312 repeat tf_box\">\n\t\t\t    \t        <div class=\"tb-column-inner tf_box tf_w\">\n\t\t    <!-- module image -->\n<div  class=\"module module-image tb_cli9312   image-center tf_mw\" data-lazy=\"1\">\n        <div class=\"image-wrap tf_rel tf_mw\">\n\t\t    <img loading=\"lazy\" src=\"https:\/\/arquiconsult.com\/wp-content\/uploads\/2021\/11\/Billing-Enwis-100x100.png\" width=\"100\" height=\"100\" class=\"wp-post-image wp-image-31692\" title=\"Billing-Enwis\" alt=\"Billing-Enwis\" srcset=\"https:\/\/arquiconsult.com\/wp-content\/uploads\/2021\/11\/Billing-Enwis-100x100.png 100w, https:\/\/arquiconsult.com\/wp-content\/uploads\/2021\/11\/Billing-Enwis-150x150.png 150w, https:\/\/arquiconsult.com\/wp-content\/uploads\/2021\/11\/Billing-Enwis-50x50.png 50w, https:\/\/arquiconsult.com\/wp-content\/uploads\/2021\/11\/Billing-Enwis-80x80.png 80w, https:\/\/arquiconsult.com\/wp-content\/uploads\/2021\/11\/Billing-Enwis.png 106w\" sizes=\"(max-width: 100px) 100vw, 100px\" \/>\t\n\t\t<\/div>\n\t<!-- \/image-wrap -->\n    \n    \t<\/div>\n<!-- \/module image --><!-- module text -->\n<div  class=\"module module-text tb_jh6q312  repeat \" data-lazy=\"1\">\n        <div  class=\"tb_text_wrap\">\n    <p style=\"text-align: center;\"><strong><span class=\"ui-provider a b c d e f g h i j k l m n o p q r s t u v w x y z ab ac ae af ag ah ai aj ak\" dir=\"ltr\">GEST\u00c3O DE SERVI\u00c7OS E <br \/>FACTURA\u00c7\u00c3O AUTOMATIZADA<\/span><br \/><\/strong><strong><br \/><\/strong>O TegosSuite oferece uma solu\u00e7\u00e3o robusta para a gest\u00e3o de todos os seus servi\u00e7os e para a agilidade dos seus processos de fatura\u00e7\u00e3o. A plataforma oferece ferramentas completas para acompanhar os servi\u00e7os prestados, gerir a fatura\u00e7\u00e3o pendente e automatizar as tarefas de fatura\u00e7\u00e3o, garantindo a efic\u00e1cia e a precis\u00e3o das suas opera\u00e7\u00f5es de fatura\u00e7\u00e3o.<\/p>    <\/div>\n<\/div>\n<!-- \/module text -->\t        <\/div>\n\t    \t<\/div>\n\t\t<div  data-lazy=\"1\" style=\"width: 17.71%\" class=\"module_column tb-column col5-1 third tb_ls3d312 repeat tf_box\">\n\t\t\t    \t        <div class=\"tb-column-inner tf_box tf_w\">\n\t\t    <!-- module image -->\n<div  class=\"module module-image tb_mddn312   image-center tf_mw\" data-lazy=\"1\">\n        <div class=\"image-wrap tf_rel tf_mw\">\n\t\t    <img loading=\"lazy\" src=\"https:\/\/arquiconsult.com\/wp-content\/uploads\/2021\/11\/Planning-Routes-Enwis-100x100.png\" width=\"100\" height=\"100\" class=\"wp-post-image wp-image-31701\" title=\"Planning-Routes-Enwis\" alt=\"Planning-Routes-Enwis\" srcset=\"https:\/\/arquiconsult.com\/wp-content\/uploads\/2021\/11\/Planning-Routes-Enwis-100x100.png 100w, https:\/\/arquiconsult.com\/wp-content\/uploads\/2021\/11\/Planning-Routes-Enwis.png 106w\" sizes=\"(max-width: 100px) 100vw, 100px\" \/>\t\n\t\t<\/div>\n\t<!-- \/image-wrap -->\n    \n    \t<\/div>\n<!-- \/module image --><!-- module text -->\n<div  class=\"module module-text tb_e1mh312  repeat \" data-lazy=\"1\">\n        <div  class=\"tb_text_wrap\">\n    <p style=\"text-align: center;\"><b><strong>PLANEAMENTO E GEST\u00c3O <br \/>DE ROTAS<\/strong><\/b><b><br \/><\/b><\/p><p style=\"text-align: center;\">O m\u00f3dulo de Planeamento e Gest\u00e3o de Rotas oferece ferramentas poderosas para simplificar a organiza\u00e7\u00e3o das rotas, garantindo opera\u00e7\u00f5es de entrega eficientes e o cumprimento dos requisitos legais. \u00c9 poss\u00edvel expandir o planeamento dos servi\u00e7os com a otimiza\u00e7\u00e3o de rotas com recursos a integra\u00e7\u00e3o com solu\u00e7\u00f5es de terceiros.<\/p>    <\/div>\n<\/div>\n<!-- \/module text -->\t        <\/div>\n\t    \t<\/div>\n\t\t<div  data-lazy=\"1\" style=\"width: 17.18%\" class=\"module_column tb-column col5-1 fourth tb_6q6v313 repeat tf_box\">\n\t\t\t    \t        <div class=\"tb-column-inner tf_box tf_w\">\n\t\t    <!-- module image -->\n<div  class=\"module module-image tb_5orv313   image-center tf_mw\" data-lazy=\"1\">\n        <div class=\"image-wrap tf_rel tf_mw\">\n\t\t    <img loading=\"lazy\" src=\"https:\/\/arquiconsult.com\/wp-content\/uploads\/2021\/11\/Reception-Dispatch-store-Residuos-Enwis-100x100.png\" width=\"100\" height=\"100\" class=\"wp-post-image wp-image-31698\" title=\"Reception-Dispatch-store-Residuos-Enwis\" alt=\"Reception-Dispatch-store-Residuos-Enwis\" srcset=\"https:\/\/arquiconsult.com\/wp-content\/uploads\/2021\/11\/Reception-Dispatch-store-Residuos-Enwis-100x100.png 100w, https:\/\/arquiconsult.com\/wp-content\/uploads\/2021\/11\/Reception-Dispatch-store-Residuos-Enwis-150x150.png 150w, https:\/\/arquiconsult.com\/wp-content\/uploads\/2021\/11\/Reception-Dispatch-store-Residuos-Enwis.png 106w\" sizes=\"(max-width: 100px) 100vw, 100px\" \/>\t\n\t\t<\/div>\n\t<!-- \/image-wrap -->\n    \n    \t<\/div>\n<!-- \/module image --><!-- module text -->\n<div  class=\"module module-text tb_iygs313  repeat \" data-lazy=\"1\">\n        <div  class=\"tb_text_wrap\">\n    <p style=\"text-align: center;\"><strong>RECEP\u00c7\u00c3O DE RES\u00cdDUOS, EXPEDI\u00c7\u00c3O E GEST\u00c3O <br \/>DE ARMAZ\u00c9NS<\/strong><\/p><p style=\"text-align: center;\">O m\u00f3dulo de rece\u00e7\u00e3o de res\u00edduos, expedi\u00e7\u00e3o e gest\u00e3o de armaz\u00e9ns fornece uma plataforma robusta para gerir eficazmente todos os aspetos do tratamento de res\u00edduos, desde a rece\u00e7\u00e3o \u00e0 expedi\u00e7\u00e3o interligados com Bilhetes de Pesagem. Com caracter\u00edsticas avan\u00e7adas e funcionalidades intuitivas, simplifica as opera\u00e7\u00f5es, assegura a rastreabilidade dos res\u00edduos e facilita a an\u00e1lise da rentabilidade dos servi\u00e7os e respetivos contratos.<\/p>    <\/div>\n<\/div>\n<!-- \/module text -->\t        <\/div>\n\t    \t<\/div>\n\t\t<div  data-lazy=\"1\" style=\"width: 17.17%\" class=\"module_column tb-column col5-1 last tb_vb70313 repeat tf_box\">\n\t\t\t    \t        <div class=\"tb-column-inner tf_box tf_w\">\n\t\t    <!-- module image -->\n<div  class=\"module module-image tb_ojkp313   image-center tf_mw\" data-lazy=\"1\">\n        <div class=\"image-wrap tf_rel tf_mw\">\n\t\t    <img loading=\"lazy\" src=\"https:\/\/arquiconsult.com\/wp-content\/uploads\/2021\/11\/Treatment-Production-Enwis-100x100.png\" width=\"100\" height=\"100\" class=\"wp-post-image wp-image-31695\" title=\"Treatment-Production-Enwis\" alt=\"Treatment-Production-Enwis-waste management\" srcset=\"https:\/\/arquiconsult.com\/wp-content\/uploads\/2021\/11\/Treatment-Production-Enwis-100x100.png 100w, https:\/\/arquiconsult.com\/wp-content\/uploads\/2021\/11\/Treatment-Production-Enwis.png 106w\" sizes=\"(max-width: 100px) 100vw, 100px\" \/>\t\n\t\t<\/div>\n\t<!-- \/image-wrap -->\n    \n    \t<\/div>\n<!-- \/module image --><!-- module text -->\n<div  class=\"module module-text tb_iujj313  repeat \" data-lazy=\"1\">\n        <div  class=\"tb_text_wrap\">\n    <p style=\"text-align: center;\"><strong>GEST\u00c3O DE TRATAMENTO <br \/>E PRODU\u00c7\u00c3O<\/strong><\/p><p style=\"text-align: center;\">O m\u00f3dulo de Gest\u00e3o de Tratamento e Produ\u00e7\u00e3o fornece uma plataforma para a gest\u00e3o de processos de tratamento (Separa\u00e7\u00e3o ou Composi\u00e7\u00e3o) e atividades de produ\u00e7\u00e3o relacionadas com os res\u00edduos. A solu\u00e7\u00e3o simplifica os m\u00e9todos de produ\u00e7\u00e3o, facilita as sugest\u00f5es de materiais e assegura o cumprimento dos requisitos de certifica\u00e7\u00e3o e se necess\u00e1rio com o registo\/controlo de An\u00e1lises Laboratoriais.<\/p>    <\/div>\n<\/div>\n<!-- \/module text -->\t        <\/div>\n\t    \t<\/div>\n\t\t    <\/div>\n\t    <!-- \/row_inner -->\n\t<\/div>\n\t<!-- \/module_row -->\n\t\t<!-- module_row -->\n\t<div  data-css_id=\"tkzo676\" data-lazy=\"1\" class=\"module_row themify_builder_row repeat fullwidth_row_container tb_tkzo676 tf_clearfix\" >\n\t    \t\t<div class=\"row_inner col_align_top col-count-1 tf_box tf_w tf_rel\">\n\t\t\t<div  data-lazy=\"1\" class=\"module_column tb-column col-full first tb_crvc676 tf_box\">\n\t\t\t    \t        <div class=\"tb-column-inner tf_box tf_w\">\n\t\t    <!-- module video -->\n<div  class=\"module module-video tb_zv8e676 video-overlay video-tja  wow\" data-tf-animation=\"fadeInUp\" data-lazy=\"1\" data-url=\"https:\/\/youtu.be\/HhyN_j36WG8?si=w-RISyxsBPr_jnKd\">\n    \t\t\t\t<div class=\"video-wrap-outer\" style=\"max-width:900px;\">\n\t\t\t<div class=\"video-wrap tf_rel tf_overflow\">\n\t\t\t\t\t\t\t<\/div>\n\t\t\t<!-- \/video-wrap -->\n\t\t<\/div>\n\t\t<!-- \/video-wrap-outer -->\n\t\t\t<\/div>\n\t        <\/div>\n\t    \t<\/div>\n\t\t    <\/div>\n\t    <!-- \/row_inner -->\n\t<\/div>\n\t<!-- \/module_row -->\n\t<\/div>\n<!--\/themify_builder_content-->","protected":false},"excerpt":{"rendered":"<p>TegosSuite &#8211; Funcionalidades GEST\u00c3O COMERCIAL E DE CONTRATOS O m\u00f3dulo de gest\u00e3o comercial e contratos oferece uma solu\u00e7\u00e3o abrangente para gerir eficazmente Parceiros de Neg\u00f3cio (Clientes e Fornecedores), Locais de Trabalho, Contactos, Propostas e Contratos. Com funcionalidades avan\u00e7adas e ferramentas intuitivas, simplifica todo o processo, desde o contacto inicial do cliente at\u00e9 \u00e0 execu\u00e7\u00e3o do [&hellip;]<\/p>\n","protected":false},"author":4,"featured_media":0,"parent":0,"menu_order":0,"comment_status":"closed","ping_status":"closed","template":"","meta":[],"acf":[],"_links":{"self":[{"href":"https:\/\/arquiconsult.com\/pt-br\/wp-json\/wp\/v2\/pages\/67663"}],"collection":[{"href":"https:\/\/arquiconsult.com\/pt-br\/wp-json\/wp\/v2\/pages"}],"about":[{"href":"https:\/\/arquiconsult.com\/pt-br\/wp-json\/wp\/v2\/types\/page"}],"author":[{"embeddable":true,"href":"https:\/\/arquiconsult.com\/pt-br\/wp-json\/wp\/v2\/users\/4"}],"replies":[{"embeddable":true,"href":"https:\/\/arquiconsult.com\/pt-br\/wp-json\/wp\/v2\/comments?post=67663"}],"version-history":[{"count":1,"href":"https:\/\/arquiconsult.com\/pt-br\/wp-json\/wp\/v2\/pages\/67663\/revisions"}],"predecessor-version":[{"id":118265,"href":"https:\/\/arquiconsult.com\/pt-br\/wp-json\/wp\/v2\/pages\/67663\/revisions\/118265"}],"wp:attachment":[{"href":"https:\/\/arquiconsult.com\/pt-br\/wp-json\/wp\/v2\/media?parent=67663"}],"curies":[{"name":"wp","href":"https:\/\/api.w.org\/{rel}","templated":true}]}}