{"id":69904,"date":"2024-06-17T16:36:49","date_gmt":"2024-06-17T15:36:49","guid":{"rendered":"https:\/\/arquiconsult.com\/?page_id=69904"},"modified":"2024-12-09T16:08:36","modified_gmt":"2024-12-09T16:08:36","slug":"crm-d365-marketing","status":"publish","type":"page","link":"https:\/\/arquiconsult.com\/pt-br\/crm-d365-marketing\/","title":{"rendered":"CRM &#8211; D365 Marketing"},"content":{"rendered":"<!--themify_builder_content-->\n<div id=\"themify_builder_content-69904\" data-postid=\"69904\" class=\"themify_builder_content themify_builder_content-69904 themify_builder tf_clear\">\n    \t<!-- module_row -->\n\t<div  data-anchor=\"hoteis\" data-hide-anchor=\"1\" data-css_id=\"z0k3127\" data-lazy=\"1\" class=\"module_row themify_builder_row fullcover fullwidth_row_container tb_has_section tb_section-hoteis tb_z0k3127 tb_first tf_clearfix wow\" data-tf-animation=\"fadeInUp\" >\n\t    <div class=\"builder_row_cover tf_abs\"><\/div>\t\t<div class=\"row_inner col_align_top col-count-1 tf_box tf_w tf_rel\"  data-basecol=\"1\" data-col_mobile=\"column-full\">\n\t\t\t<div  data-lazy=\"1\" class=\"module_column tb-column col-full first tb_6rog127 repeat tf_box\">\n\t\t\t    \t        <div class=\"tb-column-inner tf_box tf_w\">\n\t\t    <!-- module text -->\n<div  class=\"module module-text tb_cqas116  repeat  hide-desktop hide-tablet hide-tablet_landscape hide-mobile\" data-lazy=\"1\">\n        <div  class=\"tb_text_wrap\">\n    <h1 style=\"font-weight: 300;\">Como o Copilot no Dynamics 365 Marketing utiliza a IA generativa para revolucionar a descoberta de dados\u201d. Os profissionais de marketing podem agora desbloquear o poder dos dados dos seus clientes, sem a necessidade de analistas de dados, para descobrir novas informa\u00e7\u00f5es utilizando uma linguagem natural simples.<\/h1>    <\/div>\n<\/div>\n<!-- \/module text --><!-- module text -->\n<div  class=\"module module-text tb_5znw128  repeat  hide-desktop hide-tablet hide-tablet_landscape hide-mobile\" data-lazy=\"1\">\n        <div  class=\"tb_text_wrap\">\n    <h2 style=\"font-weight: 300;\"><strong>MICROSOFT COPILOT FOR D365 Marketing\u00a0<\/strong><\/h2>    <\/div>\n<\/div>\n<!-- \/module text --><!-- module text -->\n<div  class=\"module module-text tb_yn5h144  repeat \" data-lazy=\"1\">\n        <div  class=\"tb_text_wrap\">\n    <h4 style=\"font-weight: 300;\"><strong>MICROSOFT COPILOT FOR D365 Marketing\u00a0 &#8211; <br \/><\/strong>Como o Copilot no Dynamics 365 Marketing utiliza a IA generativa para revolucionar a descoberta de dados\u201d. Os profissionais de marketing podem agora desbloquear o poder dos dados dos seus clientes, sem a necessidade de analistas de dados, para descobrir novas informa\u00e7\u00f5es utilizando uma linguagem natural simples.<\/h4>    <\/div>\n<\/div>\n<!-- \/module text -->\t        <\/div>\n\t    \t<\/div>\n\t\t    <\/div>\n\t    <!-- \/row_inner -->\n\t<\/div>\n\t<!-- \/module_row -->\n\t\t<!-- module_row -->\n\t<div  data-css_id=\"wdki311\" data-lazy=\"1\" class=\"module_row themify_builder_row repeat fullwidth_row_container tb_wdki311 tf_clearfix hide-desktop hide-tablet hide-tablet_landscape hide-mobile\" >\n\t    \t\t<div class=\"row_inner col_align_top col-count-2 tf_box tf_w tf_rel\">\n\t\t\t<div  data-lazy=\"1\" class=\"module_column tb-column col4-2 first tb_xap9311 repeat tf_box\">\n\t\t\t    \t        <div class=\"tb-column-inner tf_box tf_w\">\n\t\t    <!-- module text -->\n<div  class=\"module module-text tb_dmum312  repeat \" data-lazy=\"1\">\n        <div  class=\"tb_text_wrap\">\n    <p style=\"text-align: center;\"><b>Copilot no Dynamics 365 Marketing<\/b><\/p><ul><li style=\"text-align: left;\">Democratize o acesso \u00e0s informa\u00e7\u00f5es dos clientes na sua equipa<\/li><li style=\"text-align: left;\">Utilize instru\u00e7\u00f5es simples para explorar, compreender e prever as necessidades dos clientes<\/li><li style=\"text-align: left;\">Comunique de forma personalizada\u00a0 e com conhecimento com os seus clientes<\/li><\/ul>    <\/div>\n<\/div>\n<!-- \/module text -->\t        <\/div>\n\t    \t<\/div>\n\t\t<div  data-lazy=\"1\" class=\"module_column tb-column col4-2 last tb_tx5y312 repeat tf_box\">\n\t\t\t    \t        <div class=\"tb-column-inner tf_box tf_w\">\n\t\t    <!-- module text -->\n<div  class=\"module module-text tb_jh6q312  repeat \" data-lazy=\"1\">\n        <div  class=\"tb_text_wrap\">\n    <p style=\"text-align: center;\"><b>Copilot no Dynamics 365 Marketing<\/b><\/p><ul><li style=\"text-align: left;\">Utilize oAzure OpenAI Service para poupar tempo na cia\u00e7\u00e3o e aperfei\u00e7oamento de segmentos<\/li><li style=\"text-align: left;\">Basta escrever uma descri\u00e7\u00e3o das carater\u00edsticas do p\u00fablico-alvo para gerar segmentos<\/li><li style=\"text-align: left;\">N\u00e3o \u00e9 necess\u00e1ria experi\u00eancia em data-science ou bases de dados em back-end<\/li><\/ul>    <\/div>\n<\/div>\n<!-- \/module text -->\t        <\/div>\n\t    \t<\/div>\n\t\t    <\/div>\n\t    <!-- \/row_inner -->\n\t<\/div>\n\t<!-- \/module_row -->\n\t\t<!-- module_row -->\n\t<div  data-css_id=\"hf8a179\" id=\"mar-2-2-2\" data-lazy=\"1\" class=\"module_row themify_builder_row repeat fullwidth tb_hf8a179 tf_clearfix\" >\n\t    \t\t<div class=\"row_inner col_align_top col-count-1 tf_box tf_w tf_rel\">\n\t\t\t<div  data-lazy=\"1\" class=\"module_column tb-column col-full first tb_bxcj179 tf_box\">\n\t\t\t    \t        <div class=\"tb-column-inner tf_box tf_w\">\n\t\t    <!-- module text -->\n<div  class=\"module module-text tb_eswn179   \" data-lazy=\"1\">\n        <div  class=\"tb_text_wrap\">\n    <p style=\"text-align: center;\"><b>MICROSOFT COPILOT FOR <\/b><strong><b>MARKETING<\/b><\/strong><\/p><p style=\"text-align: center;\">PARA MAIOR EFICI\u00caNCIA E RENTABILIDADE DO MARKETING<\/p>    <\/div>\n<\/div>\n<!-- \/module text -->\t        <\/div>\n\t    \t<\/div>\n\t\t    <\/div>\n\t    <!-- \/row_inner -->\n\t<\/div>\n\t<!-- \/module_row -->\n\t\t<!-- module_row -->\n\t<div  id=\"mar\" data-lazy=\"1\" class=\"module_row themify_builder_row repeat tb_mb4l509 tf_clearfix\" >\n\t    \t\t<div class=\"row_inner col_align_top col-count-2 tf_box tf_w tf_rel\"  data-basecol=\"2\" data-col_mobile=\"column-full\">\n\t\t\t<div  data-lazy=\"1\" style=\"width: 45.16%\" class=\"module_column tb-column col4-2 first tb_xkjh509 repeat tf_box\">\n\t\t\t    \t        <div class=\"tb-column-inner tf_box tf_w\">\n\t\t    <!-- module text -->\n<div  class=\"module module-text tb_3hel509  repeat \" data-lazy=\"1\">\n        <div  class=\"tb_text_wrap\">\n    <h3 style=\"text-align: left;\"><b>Rapidez<\/b> <b>na<\/b> <b>cria\u00e7\u00e3o<\/b><b> de <\/b><b>segmentos<\/b><\/h3>    <\/div>\n<\/div>\n<!-- \/module text --><!-- module text -->\n<div  class=\"module module-text tb_p7ro509   \" data-lazy=\"1\">\n        <div  class=\"tb_text_wrap\">\n    <p style=\"text-align: left;\">A funcionalidade <b>Copilot<\/b> <b>Query<\/b> <b>Assist<\/b> no <b>Dynamics 365 Marketing<\/b>\u00a0simplifica a cria\u00e7\u00e3o de segmentos de clientes. Os utilizadores podem agora descrever sem esfor\u00e7o um segmento em linguagem simplificada.<\/p><p style=\"text-align: left;\">Crie novos segmentos ou descubra novos p\u00fablicos com recomenda\u00e7\u00f5es de IA que s\u00e3o continuamente atualizadas com dados em tempo real.<\/p><p style=\"text-align: left;\">Isto n\u00e3o s\u00f3 aumenta a produtividade, como tamb\u00e9m minimiza o risco de depender do tempo e conhecimento de um membro espec\u00edfico da equipa para esta tarefa.<\/p>    <\/div>\n<\/div>\n<!-- \/module text -->\t        <\/div>\n\t    \t<\/div>\n\t\t<div  data-lazy=\"1\" style=\"width: 51.64%\" class=\"module_column tb-column col4-2 last tb_yqb4510 tf_box\">\n\t\t\t    \t        <div class=\"tb-column-inner tf_box tf_w\">\n\t\t    <!-- module image -->\n<div  class=\"module module-image tb_wuii238   image-center tf_mw wow\" data-tf-animation=\"slideInRight\" data-tf-animation_delay=\".5\" data-lazy=\"1\">\n        <div class=\"image-wrap tf_rel tf_mw\">\n\t\t    <img loading=\"lazy\" width=\"1270\" height=\"875\" src=\"https:\/\/arquiconsult.com\/wp-content\/uploads\/2024\/09\/a.-segments.png\" class=\"wp-post-image wp-image-76791\" title=\"a. segments\" alt=\"a. segments\" srcset=\"https:\/\/arquiconsult.com\/wp-content\/uploads\/2024\/09\/a.-segments.png 1270w, https:\/\/arquiconsult.com\/wp-content\/uploads\/2024\/09\/a.-segments-640x441.png 640w, https:\/\/arquiconsult.com\/wp-content\/uploads\/2024\/09\/a.-segments-768x529.png 768w, https:\/\/arquiconsult.com\/wp-content\/uploads\/2024\/09\/a.-segments-320x220.png 320w, https:\/\/arquiconsult.com\/wp-content\/uploads\/2024\/09\/a.-segments-480x331.png 480w, https:\/\/arquiconsult.com\/wp-content\/uploads\/2024\/09\/a.-segments-800x551.png 800w\" sizes=\"(max-width: 1270px) 100vw, 1270px\" \/>\t\n\t\t<\/div>\n\t<!-- \/image-wrap -->\n    \n    \t<\/div>\n<!-- \/module image -->\t        <\/div>\n\t    \t<\/div>\n\t\t    <\/div>\n\t    <!-- \/row_inner -->\n\t<\/div>\n\t<!-- \/module_row -->\n\t\t<!-- module_row -->\n\t<div  data-lazy=\"1\" class=\"module_row themify_builder_row repeat tb_58ta128 tf_clearfix\" >\n\t    \t\t<div class=\"row_inner col_align_top col-count-2 tf_box tf_w tf_rel\"  data-basecol=\"2\" data-col_mobile=\"column-full\">\n\t\t\t<div  data-lazy=\"1\" style=\"width: 48.02%\" class=\"module_column tb-column col4-2 first tb_6mkf128 repeat tf_box\">\n\t\t\t    \t        <div class=\"tb-column-inner tf_box tf_w\">\n\t\t    <!-- module image -->\n<div  class=\"module module-image tb_8gng220   image-center tf_mw wow\" data-tf-animation=\"slideInRight\" data-tf-animation_delay=\".5\" data-lazy=\"1\">\n        <div class=\"image-wrap tf_rel tf_mw\">\n\t\t    <img loading=\"lazy\" width=\"468\" height=\"263\" src=\"https:\/\/arquiconsult.com\/wp-content\/uploads\/2024\/09\/b.-content-idea.png\" class=\"wp-post-image wp-image-76794\" title=\"b. content idea\" alt=\"b. content idea\" srcset=\"https:\/\/arquiconsult.com\/wp-content\/uploads\/2024\/09\/b.-content-idea.png 468w, https:\/\/arquiconsult.com\/wp-content\/uploads\/2024\/09\/b.-content-idea-320x180.png 320w\" sizes=\"(max-width: 468px) 100vw, 468px\" \/>\t\n\t\t<\/div>\n\t<!-- \/image-wrap -->\n    \n    \t<\/div>\n<!-- \/module image -->\t        <\/div>\n\t    \t<\/div>\n\t\t<div  data-lazy=\"1\" style=\"width: 48.78%\" class=\"module_column tb-column col4-2 last tb_1veu128 tf_box\">\n\t\t\t    \t        <div class=\"tb-column-inner tf_box tf_w\">\n\t\t    <!-- module text -->\n<div  class=\"module module-text tb_2k40129  repeat \" data-lazy=\"1\">\n        <div  class=\"tb_text_wrap\">\n    <h3 style=\"text-align: left;\"><b>Cria\u00e7\u00e3o simplificada de conte\u00fados relevantes com Copilot<\/b><\/h3>    <\/div>\n<\/div>\n<!-- \/module text --><!-- module text -->\n<div  class=\"module module-text tb_oxzy129   \" data-lazy=\"1\">\n        <div  class=\"tb_text_wrap\">\n    <p><strong>O Copilot Content Idea<\/strong> ajuda-o a descobrir novas formas de exprimir os seus pensamentos, ajudando a passar da conce\u00e7\u00e3o \u00e0 conclus\u00e3o do e-mail mais rapidamente.\u00a0<\/p><p>O copilot age como um parceiro de debate de ideias que pode inspir\u00e1-lo enquanto escreve um e-mail. <strong>Fornecendo uma breve lista de ideias iniciais (pontos-chave) e selecionando um tom de voz, o Copilot gera uma gama de sugest\u00f5es de conte\u00fado.<\/strong> Pode adicionar estas sugest\u00f5es ao seu rascunho, utiliz\u00e1-las como inspira\u00e7\u00e3o para escrever um novo rascunho ou optar por uma dire\u00e7\u00e3o completamente diferente.<\/p><p>Esta nova capacidade <strong>acelera significativamente o processo de cria\u00e7\u00e3o de emails de Marketing com conte\u00fado relevante para o cliente<\/strong>, sem investir uma quantidade substancial de tempo.<\/p>    <\/div>\n<\/div>\n<!-- \/module text -->\t        <\/div>\n\t    \t<\/div>\n\t\t    <\/div>\n\t    <!-- \/row_inner -->\n\t<\/div>\n\t<!-- \/module_row -->\n\t\t<!-- module_row -->\n\t<div  data-lazy=\"1\" class=\"module_row themify_builder_row repeat tb_r5we237 tf_clearfix\" >\n\t    \t\t<div class=\"row_inner col_align_top col-count-2 tf_box tf_w tf_rel\"  data-basecol=\"2\" data-col_mobile=\"column-full\">\n\t\t\t<div  data-lazy=\"1\" style=\"width: 44.33%\" class=\"module_column tb-column col4-2 first tb_h8xi238 repeat tf_box\">\n\t\t\t    \t        <div class=\"tb-column-inner tf_box tf_w\">\n\t\t    <!-- module text -->\n<div  class=\"module module-text tb_r31x238  repeat \" data-lazy=\"1\">\n        <div  class=\"tb_text_wrap\">\n    <h3 style=\"text-align: left;\"><strong>Cria\u00e7\u00e3o c\u00e9lere de Journeys com Copilot<\/strong><\/h3>    <\/div>\n<\/div>\n<!-- \/module text --><!-- module text -->\n<div  class=\"module module-text tb_ib60238   \" data-lazy=\"1\">\n        <div  class=\"tb_text_wrap\">\n    <p style=\"text-align: left;\"><strong>Escreva os seus objetivos de percurso em linguagem natural e deixe o Copilot criar percursos em tempo real para si.<\/strong> O Copilot analisa a sua inten\u00e7\u00e3o, oferecendo sugest\u00f5es esclarecedoras para pontos de contacto, transi\u00e7\u00f5es e marcos, o que resulta num processo de cria\u00e7\u00e3o de percursos mais eficiente e criativo.<\/p><p style=\"text-align: left;\"><strong>Cada jornada \u00e9 uma s\u00e9rie de passos que mapeiam a \u2018viagem ideal\u2019 que o cliente deve fazer, e as a\u00e7\u00f5es associadas.<\/strong> A sua cria\u00e7\u00e3o pode ser um processo moroso, com v\u00e1rios passos e resultados. Criar e gerir estes percursos \u00e9 agora um processo simplificado.<\/p><p style=\"text-align: left;\">O Copilot nas Customer Journeys ajuda a simplificar esta funcionalidade, <strong>permitindo que os utilizadores utilizem instru\u00e7\u00f5es de linguagem simples para descrever uma jornada e, em seguida, a IA trata do resto.<\/strong><\/p>    <\/div>\n<\/div>\n<!-- \/module text -->\t        <\/div>\n\t    \t<\/div>\n\t\t<div  data-lazy=\"1\" style=\"width: 52.47%\" class=\"module_column tb-column col4-2 last tb_dmww238 tf_box\">\n\t\t\t    \t        <div class=\"tb-column-inner tf_box tf_w\">\n\t\t    <!-- module image -->\n<div  class=\"module module-image tb_zois510   image-center tf_mw wow\" data-tf-animation=\"slideInRight\" data-tf-animation_delay=\".5\" data-lazy=\"1\">\n        <div class=\"image-wrap tf_rel tf_mw\">\n\t\t    <img loading=\"lazy\" width=\"900\" height=\"409\" src=\"https:\/\/arquiconsult.com\/wp-content\/uploads\/2024\/09\/c.-jorneys.png\" class=\"wp-post-image wp-image-76797\" title=\"c. jorneys\" alt=\"c. jorneys\" srcset=\"https:\/\/arquiconsult.com\/wp-content\/uploads\/2024\/09\/c.-jorneys.png 900w, https:\/\/arquiconsult.com\/wp-content\/uploads\/2024\/09\/c.-jorneys-640x291.png 640w, https:\/\/arquiconsult.com\/wp-content\/uploads\/2024\/09\/c.-jorneys-768x349.png 768w, https:\/\/arquiconsult.com\/wp-content\/uploads\/2024\/09\/c.-jorneys-320x145.png 320w, https:\/\/arquiconsult.com\/wp-content\/uploads\/2024\/09\/c.-jorneys-480x218.png 480w, https:\/\/arquiconsult.com\/wp-content\/uploads\/2024\/09\/c.-jorneys-800x364.png 800w\" sizes=\"(max-width: 900px) 100vw, 900px\" \/>\t\n\t\t<\/div>\n\t<!-- \/image-wrap -->\n    \n    \t<\/div>\n<!-- \/module image -->\t        <\/div>\n\t    \t<\/div>\n\t\t    <\/div>\n\t    <!-- \/row_inner -->\n\t<\/div>\n\t<!-- \/module_row -->\n\t<\/div>\n<!--\/themify_builder_content-->","protected":false},"excerpt":{"rendered":"<p>Como o Copilot no Dynamics 365 Marketing utiliza a IA generativa para revolucionar a descoberta de dados\u201d. Os profissionais de marketing podem agora desbloquear o poder dos dados dos seus clientes, sem a necessidade de analistas de dados, para descobrir novas informa\u00e7\u00f5es utilizando uma linguagem natural simples. MICROSOFT COPILOT FOR D365 Marketing\u00a0 MICROSOFT COPILOT FOR [&hellip;]<\/p>\n","protected":false},"author":4,"featured_media":0,"parent":0,"menu_order":0,"comment_status":"closed","ping_status":"closed","template":"","meta":[],"acf":[],"_links":{"self":[{"href":"https:\/\/arquiconsult.com\/pt-br\/wp-json\/wp\/v2\/pages\/69904"}],"collection":[{"href":"https:\/\/arquiconsult.com\/pt-br\/wp-json\/wp\/v2\/pages"}],"about":[{"href":"https:\/\/arquiconsult.com\/pt-br\/wp-json\/wp\/v2\/types\/page"}],"author":[{"embeddable":true,"href":"https:\/\/arquiconsult.com\/pt-br\/wp-json\/wp\/v2\/users\/4"}],"replies":[{"embeddable":true,"href":"https:\/\/arquiconsult.com\/pt-br\/wp-json\/wp\/v2\/comments?post=69904"}],"version-history":[{"count":0,"href":"https:\/\/arquiconsult.com\/pt-br\/wp-json\/wp\/v2\/pages\/69904\/revisions"}],"wp:attachment":[{"href":"https:\/\/arquiconsult.com\/pt-br\/wp-json\/wp\/v2\/media?parent=69904"}],"curies":[{"name":"wp","href":"https:\/\/api.w.org\/{rel}","templated":true}]}}