{"id":76321,"date":"2024-09-04T10:35:43","date_gmt":"2024-09-04T09:35:43","guid":{"rendered":"https:\/\/arquiconsult.com\/?page_id=76321"},"modified":"2024-10-16T17:20:10","modified_gmt":"2024-10-16T16:20:10","slug":"arqebi-nova-pagina","status":"publish","type":"page","link":"https:\/\/arquiconsult.com\/pt-br\/arqebi-nova-pagina\/","title":{"rendered":"ArQEBI &#8211; nova pagina"},"content":{"rendered":"<!--themify_builder_content-->\n<div id=\"themify_builder_content-76321\" data-postid=\"76321\" class=\"themify_builder_content themify_builder_content-76321 themify_builder tf_clear\">\n    \t<!-- module_row -->\n\t<div  data-css_id=\"p4uo269\" data-lazy=\"1\" class=\"module_row themify_builder_row fullcover fullwidth_row_container tb_p4uo269 tb_first tf_clearfix\" >\n\t    <div class=\"builder_row_cover tf_abs\"><\/div>\t\t<div class=\"row_inner col_align_middle col-count-2 tf_box tf_w tf_rel\"  data-basecol=\"2\" data-col_tablet=\"column-full\" data-col_mobile=\"column-full\">\n\t\t\t<div  data-lazy=\"1\" style=\"width: 66.23%\" class=\"module_column tb-column col3-2 first tb_fxry270 tf_box\">\n\t\t\t    \t        <div class=\"tb-column-inner tf_box tf_w\">\n\t\t    <!-- module text -->\n<div  class=\"module module-text tb_dddh270  repeat \" data-lazy=\"1\">\n        <div  class=\"tb_text_wrap\">\n    <h4 style=\"text-align: left;\"><a href=\"#\">Arquiconsult.com<\/a> \/\u00a0<a href=\"#\">Solu\u00e7\u00f5es<\/a> \/Fatura\u00e7\u00e3o Electr\u00f3nica &#8211; <strong>ArQEBI<\/strong><\/h4>    <\/div>\n<\/div>\n<!-- \/module text --><!-- module fancy heading -->\n<!--\/* $fields_args['heading_tag']  CODIGO QUE SAIU * \/-->\n<div  class=\"module module-fancy-heading tb_umdf270 titulo-suporte tb_hide_divider\" data-lazy=\"1\">\n        <h1  class=\"fancy-heading tf_textl\">\n    <span class=\"main-head tf_block\">\n\t\t\t\t\tARQEBI\t\t    <\/span>\n\n\t\n    <span class=\"sub-head tf_block tf_rel\">\n\t\t\t\t\t\t\t    <\/span>\n    <\/h2>\n<\/div>\n<!-- \/module fancy heading -->\n<!-- module text -->\n<div  class=\"module module-text tb_h2g5270   \" data-lazy=\"1\">\n        <div  class=\"tb_text_wrap\">\n    <p style=\"text-align: left;\">Come\u00e7e a gerir o seu neg\u00f3cio de forma otimizada.<br \/>Aceda aos dados de forma integrada e em qualquer lugar.<\/p>    <\/div>\n<\/div>\n<!-- \/module text --><!-- module buttons -->\n<div  class=\"module module-buttons tb_0hhv270 buttons-horizontal transparent popmake-43831 large circle\" data-lazy=\"1\">\n    \t<div class=\"module-buttons-item tf_inline_b\">\n\t\t\t\t\t\t\t<a href=\"#\" class=\"ui builder_button tb_default_color\" >\n\t\t\t\t\t\t\t\t\t\t\t<span class=\"tf_inline_b tf_vmiddle\">Solicite uma Demo<\/span>\n\t\t\t\t\t\t\t\t\t\t\t<\/a>\n\t\t\t    \t<\/div>\n\t<\/div>\n<!-- \/module buttons -->\n\t        <\/div>\n\t    \t<\/div>\n\t\t<div  data-lazy=\"1\" style=\"width: 30.57%\" class=\"module_column tb-column col3-1 last tb_d1u4270 tf_box\">\n\t\t\t    \t<\/div>\n\t\t    <\/div>\n\t    <!-- \/row_inner -->\n\t<\/div>\n\t<!-- \/module_row -->\n\t\t<!-- module_row -->\n\t<div  data-css_id=\"a73j574\" data-lazy=\"1\" class=\"module_row themify_builder_row fullcover fullwidth tb_a73j574 tf_clearfix wow\" data-tf-animation=\"pulse\" >\n\t    \t\t<div class=\"row_inner col_align_top col-count-1 tf_box tf_w tf_rel\">\n\t\t\t<div  data-lazy=\"1\" class=\"module_column tb-column col-full first tb_1fa0575 tf_box\">\n\t\t\t    \t        <div class=\"tb-column-inner tf_box tf_w\">\n\t\t    <!-- module text -->\n<div  class=\"module module-text tb_k8gj880  repeat \" data-lazy=\"1\">\n        <div  class=\"tb_text_wrap\">\n    <h2>O que \u00e9 arQEBI<\/h2>    <\/div>\n<\/div>\n<!-- \/module text --><!-- module text -->\n<div  class=\"module module-text tb_tiet575  repeat \" data-lazy=\"1\">\n        <div  class=\"tb_text_wrap\">\n    <p style=\"text-align: center;\">Esta solu\u00e7\u00e3o \u00e9 uma <a href=\"https:\/\/pt.wikipedia.org\/wiki\/Fatura_eletr%C3%B3nica\" target=\"_blank\" rel=\"noopener\">fatura eletr\u00f3nica<\/a> que equivale \u00e0 fatura em papel e consiste na transmiss\u00e3o <br>de faturas entre o remetente e o destinat\u00e1rio por via eletr\u00f3nica e <a href=\"https:\/\/pt.wikipedia.org\/wiki\/Telem%C3%A1tica\" target=\"_blank\" rel=\"noopener\">telem\u00e1tica<\/a>, assinada <br>digitalmente com certificados.<\/p>\n<p style=\"text-align: center;\"><strong>Os benef\u00edcios s\u00e3o grandes dependendo do <\/strong><strong>volume de notas fiscais que s\u00e3o emitidas.<\/strong><\/p>\n    <\/div>\n<\/div>\n<!-- \/module text -->\t        <\/div>\n\t    \t<\/div>\n\t\t    <\/div>\n\t    <!-- \/row_inner -->\n\t<\/div>\n\t<!-- \/module_row -->\n\t\t<!-- module_row -->\n\t<div  data-css_id=\"ipql221\" data-lazy=\"1\" class=\"module_row themify_builder_row repeat fullwidth_row_container tb_ipql221 tf_clearfix\" >\n\t    \t\t<div class=\"row_inner col_align_top gutter-narrow col-count-6 tf_box tf_w tf_rel\"  data-basecol=\"6\" data-col_mobile=\"column-full\">\n\t\t\t<div  data-lazy=\"1\" class=\"module_column tb-column col6-1 first tb_mepm221 repeat tf_box\">\n\t\t\t    \t        <div class=\"tb-column-inner tf_box tf_w\">\n\t\t    <!-- module image -->\n<div  class=\"module module-image tb_zx9i221   image-center tf_mw wow\" data-tf-animation=\"slideInLeft\" data-tf-animation_delay=\".5\" data-lazy=\"1\">\n        <div class=\"image-wrap tf_rel tf_mw\">\n\t\t    \t\n\t\t<\/div>\n\t<!-- \/image-wrap -->\n    \n    \t<div class=\"image-content\">\n\t    \n\t    \t\t<div class=\"image-caption tb_text_wrap\">\n\t\t    Economiza\u00e7\u00e3o dos custos de envio.\t    <\/div>\n\t    <!-- \/image-caption -->\n\t    \t<\/div>\n\t<!-- \/image-content -->\n    \t<\/div>\n<!-- \/module image -->\t        <\/div>\n\t    \t<\/div>\n\t\t<div  data-lazy=\"1\" class=\"module_column tb-column col6-1 second tb_ri4z222 tf_box\">\n\t\t\t    \t        <div class=\"tb-column-inner tf_box tf_w\">\n\t\t    <!-- module image -->\n<div  class=\"module module-image tb_iurl222   image-center tf_mw wow\" data-tf-animation=\"slideInLeft\" data-lazy=\"1\">\n        <div class=\"image-wrap tf_rel tf_mw\">\n\t\t    \t\n\t\t<\/div>\n\t<!-- \/image-wrap -->\n    \n    \t<div class=\"image-content\">\n\t    \n\t    \t\t<div class=\"image-caption tb_text_wrap\">\n\t\t    Economiza\u00e7\u00e3o dos custos de impress\u00e3o e papel.\t    <\/div>\n\t    <!-- \/image-caption -->\n\t    \t<\/div>\n\t<!-- \/image-content -->\n    \t<\/div>\n<!-- \/module image -->\t        <\/div>\n\t    \t<\/div>\n\t\t<div  data-lazy=\"1\" class=\"module_column tb-column col6-1 third tb_lbt5222 tf_box\">\n\t\t\t    \t        <div class=\"tb-column-inner tf_box tf_w\">\n\t\t    <!-- module image -->\n<div  class=\"module module-image tb_a1h3222   image-center tf_mw wow\" data-tf-animation=\"slideInRight\" data-lazy=\"1\">\n        <div class=\"image-wrap tf_rel tf_mw\">\n\t\t    \t\n\t\t<\/div>\n\t<!-- \/image-wrap -->\n    \n    \t<div class=\"image-content\">\n\t    \n\t    \t\t<div class=\"image-caption tb_text_wrap\">\n\t\t    Economiza\u00e7\u00e3o de tempo na fatura\u00e7\u00e3o.\t    <\/div>\n\t    <!-- \/image-caption -->\n\t    \t<\/div>\n\t<!-- \/image-content -->\n    \t<\/div>\n<!-- \/module image -->\t        <\/div>\n\t    \t<\/div>\n\t\t<div  data-lazy=\"1\" class=\"module_column tb-column col6-1 fourth tb_rlru222 tf_box\">\n\t\t\t    \t        <div class=\"tb-column-inner tf_box tf_w\">\n\t\t    <!-- module image -->\n<div  class=\"module module-image tb_jcco222   image-center tf_mw wow\" data-tf-animation=\"slideInRight\" data-lazy=\"1\">\n        <div class=\"image-wrap tf_rel tf_mw\">\n\t\t    \t\n\t\t<\/div>\n\t<!-- \/image-wrap -->\n    \n    \t<div class=\"image-content\">\n\t    \n\t    \t\t<div class=\"image-caption tb_text_wrap\">\n\t\t    Aumenta a seguran\u00e7a da fatura.\t    <\/div>\n\t    <!-- \/image-caption -->\n\t    \t<\/div>\n\t<!-- \/image-content -->\n    \t<\/div>\n<!-- \/module image -->\t        <\/div>\n\t    \t<\/div>\n\t\t<div  data-lazy=\"1\" class=\"module_column tb-column col6-1 fifth tb_5bsk222 tf_box\">\n\t\t\t    \t        <div class=\"tb-column-inner tf_box tf_w\">\n\t\t    <!-- module image -->\n<div  class=\"module module-image tb_e1gs222   image-center tf_mw wow\" data-tf-animation=\"slideInRight\" data-lazy=\"1\">\n        <div class=\"image-wrap tf_rel tf_mw\">\n\t\t    \t\n\t\t<\/div>\n\t<!-- \/image-wrap -->\n    \n    \t<div class=\"image-content\">\n\t    \n\t    \t\t<div class=\"image-caption tb_text_wrap\">\n\t\t    Economiza o tempo no arquivo de documentos f\u00edsicos.\t    <\/div>\n\t    <!-- \/image-caption -->\n\t    \t<\/div>\n\t<!-- \/image-content -->\n    \t<\/div>\n<!-- \/module image -->\t        <\/div>\n\t    \t<\/div>\n\t\t<div  data-lazy=\"1\" class=\"module_column tb-column col6-1 last tb_bl6z131 tf_box\">\n\t\t\t    \t        <div class=\"tb-column-inner tf_box tf_w\">\n\t\t    <!-- module image -->\n<div  class=\"module module-image tb_tyk3131   image-center tf_mw wow\" data-tf-animation=\"slideInRight\" data-lazy=\"1\">\n        <div class=\"image-wrap tf_rel tf_mw\">\n\t\t    \t\n\t\t<\/div>\n\t<!-- \/image-wrap -->\n    \n    \t<div class=\"image-content\">\n\t    \n\t    \t\t<div class=\"image-caption tb_text_wrap\">\n\t\t    Maior agilidade na fatura\u00e7\u00e3o.\t    <\/div>\n\t    <!-- \/image-caption -->\n\t    \t<\/div>\n\t<!-- \/image-content -->\n    \t<\/div>\n<!-- \/module image -->\t        <\/div>\n\t    \t<\/div>\n\t\t    <\/div>\n\t    <!-- \/row_inner -->\n\t<\/div>\n\t<!-- \/module_row -->\n\t\t<!-- module_row -->\n\t<div  data-css_id=\"e1mn442\" data-lazy=\"1\" class=\"module_row themify_builder_row fullcover fullwidth tb_e1mn442 tf_clearfix wow\" data-tf-animation=\"pulse\" >\n\t    \t\t<div class=\"row_inner col_align_top col-count-1 tf_box tf_w tf_rel\">\n\t\t\t<div  data-lazy=\"1\" class=\"module_column tb-column col-full first tb_9z50442 tf_box\">\n\t\t\t    \t        <div class=\"tb-column-inner tf_box tf_w\">\n\t\t    <!-- module buttons -->\n<div  class=\"module module-buttons tb_djht442 buttons-horizontal transparent  large circle tf_textc\" data-lazy=\"1\">\n    \t<div class=\"module-buttons-item tf_inline_b\">\n\t\t\t\t\t\t\t<a href=\"https:\/\/arquiconsult.com\/wp-content\/uploads\/2023\/04\/Factsheet-Arqebi_2022-4.pdf\" class=\"ui builder_button tb_default_color\" target=\"_blank\" rel=\"noopener\">\n\t\t\t\t\t\t\t\t\t\t\t<span class=\"tf_inline_b tf_vmiddle\">Fa\u00e7a o download da nossa factsheet<\/span>\n\t\t\t\t\t\t\t\t\t\t\t<\/a>\n\t\t\t    \t<\/div>\n\t<\/div>\n<!-- \/module buttons -->\n\t        <\/div>\n\t    \t<\/div>\n\t\t    <\/div>\n\t    <!-- \/row_inner -->\n\t<\/div>\n\t<!-- \/module_row -->\n\t\t<!-- module_row -->\n\t<div  data-css_id=\"qon8374\" data-lazy=\"1\" class=\"module_row themify_builder_row solucoes-sector repeat fullwidth_row_container tb_qon8374 tf_clearfix\" >\n\t    \t\t<div class=\"row_inner col_align_top col-count-1 tf_box tf_w tf_rel\">\n\t\t\t<div  data-lazy=\"1\" class=\"module_column tb-column col-full first tb_qly7374 tf_box\">\n\t\t\t    \t        <div class=\"tb-column-inner tf_box tf_w\">\n\t\t    <!-- module text -->\n<div  class=\"module module-text tb_rxu4375  repeat \" data-lazy=\"1\">\n        <div  class=\"tb_text_wrap\">\n    <h2><strong>Garanta a sua Fatura Eletr\u00f3nica com arQEBI<\/strong><\/h2>    <\/div>\n<\/div>\n<!-- \/module text --><!-- module text -->\n<div  class=\"module module-text tb_1u7p375   \" data-lazy=\"1\">\n        <div  class=\"tb_text_wrap\">\n    <p>Com arQEBI agilize o seu departamento financeiro e garanta a normativa europeia. A fatura eletr\u00f3nica pode ser gerada, emitida e arquivada atrav\u00e9s de meios eletr\u00f3nicos, com o mesmo valor legal, acrescentando novas condi\u00e7\u00f5es de seguran\u00e7a para o seu neg\u00f3cio.<\/p>    <\/div>\n<\/div>\n<!-- \/module text -->\t        <\/div>\n\t    \t<\/div>\n\t\t    <\/div>\n\t    <!-- \/row_inner -->\n\t<\/div>\n\t<!-- \/module_row -->\n\t\t<!-- module_row -->\n\t<div  data-css_id=\"o4tm97\" data-lazy=\"1\" class=\"module_row themify_builder_row fullwidth tb_o4tm97 tf_clearfix\" >\n\t    \t\t<div class=\"row_inner col_align_top col-count-4 tf_box tf_w tf_rel\"  data-basecol=\"4\" data-col_mobile=\"column-full\">\n\t\t\t<div  data-lazy=\"1\" class=\"module_column tb-column col4-1 first tb_bjj897 tf_box\">\n\t\t\t    \t<\/div>\n\t\t<div  data-lazy=\"1\" class=\"module_column tb-column col4-1 second tb_c7o397 repeat tf_box\">\n\t\t\t    \t        <div class=\"tb-column-inner tf_box tf_w\">\n\t\t    <!-- module text -->\n<div  class=\"module module-text tb_gcgb98  repeat \" data-lazy=\"1\">\n        <div  class=\"tb_text_wrap\">\n    <p style=\"text-align: center;\">O Add\u2019On para troca de mensagens EDI (Electronic Data Interchange), totalmente integrado com o <a href=\"https:\/\/arquiconsult.com\/erp-business-central\/\">ERP Microsoft Dynamics<\/a><\/p>    <\/div>\n<\/div>\n<!-- \/module text -->\t        <\/div>\n\t    \t<\/div>\n\t\t<div  data-lazy=\"1\" class=\"module_column tb-column col4-1 third tb_5mk298 repeat tf_box\">\n\t\t\t    \t        <div class=\"tb-column-inner tf_box tf_w\">\n\t\t    <!-- module text -->\n<div  class=\"module module-text tb_01hw98  repeat \" data-lazy=\"1\">\n        <div  class=\"tb_text_wrap\">\n    <p style=\"text-align: center;\">Suporta a troca das seguintes mensagens:<\/p><p style=\"text-align: center;\"><strong>ORDERS IN<\/strong> (Encomendas)<br \/><strong>INVOIC IN<\/strong> (Fatura de Compra)<br \/><strong>INVOIC OUT<\/strong> (Fatura de Venda)<br \/><strong>DESADV OUT<\/strong> (Aviso de Expedi\u00e7\u00e3o)<br \/><strong>ORDRSP OUT<\/strong> (Confirma\u00e7\u00e3o de Encomenda)<\/p>    <\/div>\n<\/div>\n<!-- \/module text -->\t        <\/div>\n\t    \t<\/div>\n\t\t<div  data-lazy=\"1\" class=\"module_column tb-column col4-1 last tb_11wy406 tf_box\">\n\t\t\t    \t<\/div>\n\t\t    <\/div>\n\t    <!-- \/row_inner -->\n\t<\/div>\n\t<!-- \/module_row -->\n\t<\/div>\n<!--\/themify_builder_content-->","protected":false},"excerpt":{"rendered":"<p>Arquiconsult.com \/\u00a0Solu\u00e7\u00f5es \/Fatura\u00e7\u00e3o Electr\u00f3nica &#8211; ArQEBI ARQEBI Come\u00e7e a gerir o seu neg\u00f3cio de forma otimizada.Aceda aos dados de forma integrada e em qualquer lugar. Solicite uma Demo O que \u00e9 arQEBI Esta solu\u00e7\u00e3o \u00e9 uma fatura eletr\u00f3nica que equivale \u00e0 fatura em papel e consiste na transmiss\u00e3o de faturas entre o remetente e o [&hellip;]<\/p>\n","protected":false},"author":4,"featured_media":0,"parent":0,"menu_order":0,"comment_status":"closed","ping_status":"closed","template":"","meta":[],"acf":[],"_links":{"self":[{"href":"https:\/\/arquiconsult.com\/pt-br\/wp-json\/wp\/v2\/pages\/76321"}],"collection":[{"href":"https:\/\/arquiconsult.com\/pt-br\/wp-json\/wp\/v2\/pages"}],"about":[{"href":"https:\/\/arquiconsult.com\/pt-br\/wp-json\/wp\/v2\/types\/page"}],"author":[{"embeddable":true,"href":"https:\/\/arquiconsult.com\/pt-br\/wp-json\/wp\/v2\/users\/4"}],"replies":[{"embeddable":true,"href":"https:\/\/arquiconsult.com\/pt-br\/wp-json\/wp\/v2\/comments?post=76321"}],"version-history":[{"count":0,"href":"https:\/\/arquiconsult.com\/pt-br\/wp-json\/wp\/v2\/pages\/76321\/revisions"}],"wp:attachment":[{"href":"https:\/\/arquiconsult.com\/pt-br\/wp-json\/wp\/v2\/media?parent=76321"}],"curies":[{"name":"wp","href":"https:\/\/api.w.org\/{rel}","templated":true}]}}