{"id":76664,"date":"2024-09-13T09:08:39","date_gmt":"2024-09-13T08:08:39","guid":{"rendered":"https:\/\/arquiconsult.com\/?page_id=76664"},"modified":"2024-12-09T16:07:59","modified_gmt":"2024-12-09T16:07:59","slug":"crm-copilot-sales","status":"publish","type":"page","link":"https:\/\/arquiconsult.com\/pt-br\/crm-copilot-sales\/","title":{"rendered":"CRM &#8211; Copilot Sales"},"content":{"rendered":"<!--themify_builder_content-->\n<div id=\"themify_builder_content-76664\" data-postid=\"76664\" class=\"themify_builder_content themify_builder_content-76664 themify_builder tf_clear\">\n    \t<!-- module_row -->\n\t<div  data-anchor=\"hoteis\" data-hide-anchor=\"1\" data-css_id=\"z0k3127\" data-lazy=\"1\" class=\"module_row themify_builder_row fullcover fullwidth_row_container tb_has_section tb_section-hoteis tb_z0k3127 tb_first tf_clearfix wow\" data-tf-animation=\"fadeInUp\" >\n\t    <div class=\"builder_row_cover tf_abs\"><\/div>\t\t<div class=\"row_inner col_align_top col-count-2 tf_box tf_w tf_rel\"  data-basecol=\"2\" data-col_mobile=\"column-full\">\n\t\t\t<div  data-lazy=\"1\" style=\"width: 57.58%\" class=\"module_column tb-column col4-2 first tb_6rog127 repeat tf_box\">\n\t\t\t    \t        <div class=\"tb-column-inner tf_box tf_w\">\n\t\t    <!-- module text -->\n<div  class=\"module module-text tb_oill801  repeat  hide-desktop hide-tablet hide-tablet_landscape hide-mobile\" data-lazy=\"1\">\n        <div  class=\"tb_text_wrap\">\n    <h1 style=\"font-weight: 300;\">De que forma o Copilot melhora o desempenho das vendas?<\/h1>    <\/div>\n<\/div>\n<!-- \/module text --><!-- module text -->\n<div  class=\"module module-text tb_966i229  repeat  hide-desktop hide-tablet hide-tablet_landscape hide-mobile\" data-lazy=\"1\">\n        <div  class=\"tb_text_wrap\">\n    <h2 style=\"font-weight: 300;\"><strong>MICROSOFT COPILOT\u00a0 FOR\u00a0 SALES<\/strong><\/h2>    <\/div>\n<\/div>\n<!-- \/module text --><!-- module text -->\n<div  class=\"module module-text tb_5znw128  repeat \" data-lazy=\"1\">\n        <div  class=\"tb_text_wrap\">\n    <h4 style=\"font-weight: 300;\"><strong>MICROSOFT COPILOT\u00a0 FOR\u00a0 SALES &#8211; <br \/><\/strong>De que forma o Copilot melhora o desempenho das vendas?<\/h4>    <\/div>\n<\/div>\n<!-- \/module text -->\t        <\/div>\n\t    \t<\/div>\n\t\t<div  data-lazy=\"1\" style=\"width: 39.22%\" class=\"module_column tb-column col4-2 last tb_p6ao128 tf_box\">\n\t\t\t    \t<\/div>\n\t\t    <\/div>\n\t    <!-- \/row_inner -->\n\t<\/div>\n\t<!-- \/module_row -->\n\t\t<!-- module_row -->\n\t<div  data-css_id=\"wdki311\" data-lazy=\"1\" class=\"module_row themify_builder_row repeat fullwidth tb_wdki311 tf_clearfix hide-desktop hide-tablet hide-tablet_landscape hide-mobile\" >\n\t    \t\t<div class=\"row_inner col_align_top col-count-3 tf_box tf_w tf_rel\">\n\t\t\t<div  data-lazy=\"1\" class=\"module_column tb-column col3-1 first tb_xap9311 repeat tf_box\">\n\t\t\t    \t        <div class=\"tb-column-inner tf_box tf_w\">\n\t\t    <!-- module text -->\n<div  class=\"module module-text tb_dmum312  repeat \" data-lazy=\"1\">\n        <div  class=\"tb_text_wrap\">\n    <p style=\"text-align: center;\"><b>Aumenta a produtividade da equipa de vendas<\/b><\/p><p style=\"text-align: center;\">Uma das principais vantagens do Copilot for Sales \u00e9 que pode auxiliar os vendedores a poupar tempo e a focar-se nas suas atividades principais de vendas, automatizando e simplificando algumas das tarefas quotidianas. Copilot for Sales ajuda os vendedores a escrever e processar emails rapidamente com o contexto certo, gerando conte\u00fado de email com base nos dados do CRM e do Microsoft 365 e sugerindo ajustes personalizados, pode gravar e transcrever automaticamente as reuni\u00f5es, e gerar resumos das reuni\u00f5es com destaques principais, perguntas feitas e pr\u00f3ximos passos, e, ainda, permite aos vendedores poderem agendar reuni\u00f5es mais rapidamente, com hor\u00e1rios de reuni\u00e3o pr\u00e9-populados, e visualizar resumos de email gerados por IA que capturam itens de a\u00e7\u00e3o e acompanhamentos, e salv\u00e1-los no CRM com um \u00fanico clique.<\/p>    <\/div>\n<\/div>\n<!-- \/module text -->\t        <\/div>\n\t    \t<\/div>\n\t\t<div  data-lazy=\"1\" class=\"module_column tb-column col3-1 middle tb_tx5y312 repeat tf_box\">\n\t\t\t    \t        <div class=\"tb-column-inner tf_box tf_w\">\n\t\t    <!-- module text -->\n<div  class=\"module module-text tb_jh6q312  repeat \" data-lazy=\"1\">\n        <div  class=\"tb_text_wrap\">\n    <p style=\"text-align: center;\"><b>Personaliza as intera\u00e7\u00f5es com os clientes<\/b><\/p><p style=\"text-align: center;\">Outro grande benef\u00edcio do Copilot for Sales reside na sua capacidade de ajudar os vendedores a aprimorar as intera\u00e7\u00f5es com os clientes. Ao fornecer insights impulsionados pela IA, sugest\u00f5es de conte\u00fado e recomenda\u00e7\u00f5es, esta ferramenta permite aos vendedores prepararem-se de forma mais eficaz para o envolvimento com os clientes. Por exemplo, ao oferecer uma vis\u00e3o de 360\u00ba de uma conta ou oportunidade diretamente dentro do Dynamics 365 Sales, Microsoft Outlook ou Teams, o Copilot for Sales capacita os vendedores com informa\u00e7\u00f5es atualizadas e relevantes, como detalhes do cliente, hist\u00f3rico de reuni\u00f5es e emails anteriores, not\u00edcias pertinentes e itens de a\u00e7\u00e3o. Dessa maneira, os vendedores podem adaptar suas intera\u00e7\u00f5es de acordo com o contexto e as necessidades espec\u00edficas do cliente, apresentando as solu\u00e7\u00f5es mais adequadas para cada situa\u00e7\u00e3o<\/p><p>\u00a0<\/p>    <\/div>\n<\/div>\n<!-- \/module text -->\t        <\/div>\n\t    \t<\/div>\n\t\t<div  data-lazy=\"1\" class=\"module_column tb-column col3-1 last tb_g1vp448 repeat tf_box\">\n\t\t\t    \t        <div class=\"tb-column-inner tf_box tf_w\">\n\t\t    <!-- module text -->\n<div  class=\"module module-text tb_2l81449  repeat \" data-lazy=\"1\">\n        <div  class=\"tb_text_wrap\">\n    <p style=\"text-align: center;\"><b>Mantem um fluxo de trabalho consistente<\/b><\/p><p style=\"text-align: center;\">Uma terceira vantagem chave do Copilot for Sales \u00e9 a sua capacidade de ajudar os vendedores a manterem-se no ritmo de trabalho, minimizando a altern\u00e2ncia entre aplica\u00e7\u00f5es e a perda de dados, e permitindo uma integra\u00e7\u00e3o e atualiza\u00e7\u00f5es de dados sem interrup\u00e7\u00f5es entre as aplica\u00e7\u00f5es do Microsoft 365 e as aplica\u00e7\u00f5es CRM, Microsoft Dynamics 365 Customer Engagement. Por exemplo, quando os vendedores recebem um novo lead ou informa\u00e7\u00f5es de cliente atrav\u00e9s de um email ou conversa no Teams, n\u00e3o necessitam mudar para a aplica\u00e7\u00e3o Microsoft Dynamics 365 Sales. Os vendedores podem criar ou editar um registo de cliente diretamente do Outlook ou Teams, o qual \u00e9 sincronizado automaticamente com o CRM. Desta forma, os vendedores podem capturar e atualizar dados de cliente em tempo real, sem sair do seu fluxo de trabalho ou perder dados.<\/p>    <\/div>\n<\/div>\n<!-- \/module text -->\t        <\/div>\n\t    \t<\/div>\n\t\t    <\/div>\n\t    <!-- \/row_inner -->\n\t<\/div>\n\t<!-- \/module_row -->\n\t\t<!-- module_row -->\n\t<div  id=\"mar\" data-lazy=\"1\" class=\"module_row themify_builder_row repeat tb_2cda144 tf_clearfix\" >\n\t    \t\t<div class=\"row_inner col_align_top col-count-1 tf_box tf_w tf_rel\">\n\t\t\t<div  data-lazy=\"1\" class=\"module_column tb-column col-full first tb_zmkl144 tf_box\">\n\t\t\t    \t        <div class=\"tb-column-inner tf_box tf_w\">\n\t\t    <!-- module text -->\n<div  class=\"module module-text tb_ldi2144   \" data-lazy=\"1\">\n        <div  class=\"tb_text_wrap\">\n    <p style=\"text-align: center;\"><b>MICROSOFT COPILOT FOR SALES<br \/><br \/><\/b>COMO POTENCIAR A RELA\u00c7\u00c3O COMERCIAL COM AI<\/p>    <\/div>\n<\/div>\n<!-- \/module text -->\t        <\/div>\n\t    \t<\/div>\n\t\t    <\/div>\n\t    <!-- \/row_inner -->\n\t<\/div>\n\t<!-- \/module_row -->\n\t\t<!-- module_row -->\n\t<div  id=\"mar\" data-lazy=\"1\" class=\"module_row themify_builder_row repeat tb_mb4l509 tf_clearfix\" >\n\t    \t\t<div class=\"row_inner col_align_top col-count-2 tf_box tf_w tf_rel\"  data-basecol=\"2\" data-col_mobile=\"column-full\">\n\t\t\t<div  data-lazy=\"1\" style=\"width: 45.16%\" class=\"module_column tb-column col4-2 first tb_xkjh509 repeat tf_box\">\n\t\t\t    \t        <div class=\"tb-column-inner tf_box tf_w\">\n\t\t    <!-- module text -->\n<div  class=\"module module-text tb_3hel509  repeat \" data-lazy=\"1\">\n        <div  class=\"tb_text_wrap\">\n    <h3 style=\"text-align: left;\"><strong>Aumenta a produtividade da equipa de vendas<\/strong><\/h3>    <\/div>\n<\/div>\n<!-- \/module text --><!-- module text -->\n<div  class=\"module module-text tb_p7ro509   \" data-lazy=\"1\">\n        <div  class=\"tb_text_wrap\">\n    <p style=\"text-align: left;\"><strong>Simplifica\u00e7\u00e3o e automa\u00e7\u00e3o de tarefas de suporte com IA traduz-se num aumento efetivo de produtividade.<\/strong><\/p><ul><li>Aceda a resumos, transcri\u00e7\u00f5es e emails referentes a clientes e\/ou reuni\u00f5es gerados e compilados por IA<\/li><li>Obtenha o hist\u00f3rico de reuni\u00f5es facilmente, mantendo a sua Sales Force sempre informada<\/li><li>Compile e agregue dados numa plataforma \u00fanica, acess\u00edvel a toda a equipa<\/li><li>Agende follow-ups e evite sobreposi\u00e7\u00f5es de agenda<\/li><\/ul>    <\/div>\n<\/div>\n<!-- \/module text -->\t        <\/div>\n\t    \t<\/div>\n\t\t<div  data-lazy=\"1\" style=\"width: 51.64%\" class=\"module_column tb-column col4-2 last tb_yqb4510 tf_box\">\n\t\t\t    \t        <div class=\"tb-column-inner tf_box tf_w\">\n\t\t    <!-- module image -->\n<div  class=\"module module-image tb_wuii238   image-center tf_mw wow\" data-tf-animation=\"slideInRight\" data-tf-animation_delay=\".5\" data-lazy=\"1\">\n        <div class=\"image-wrap tf_rel tf_mw\">\n\t\t    <img loading=\"lazy\" width=\"382\" height=\"415\" src=\"https:\/\/arquiconsult.com\/wp-content\/uploads\/2024\/09\/Imagem1-1.png\" class=\"wp-post-image wp-image-76685\" title=\"Imagem1\" alt=\"Imagem1\" srcset=\"https:\/\/arquiconsult.com\/wp-content\/uploads\/2024\/09\/Imagem1-1.png 382w, https:\/\/arquiconsult.com\/wp-content\/uploads\/2024\/09\/Imagem1-1-320x348.png 320w\" sizes=\"(max-width: 382px) 100vw, 382px\" \/>\t\n\t\t<\/div>\n\t<!-- \/image-wrap -->\n    \n    \t<\/div>\n<!-- \/module image -->\t        <\/div>\n\t    \t<\/div>\n\t\t    <\/div>\n\t    <!-- \/row_inner -->\n\t<\/div>\n\t<!-- \/module_row -->\n\t\t<!-- module_row -->\n\t<div  data-lazy=\"1\" class=\"module_row themify_builder_row repeat tb_58ta128 tf_clearfix\" >\n\t    \t\t<div class=\"row_inner col_align_top col-count-2 tf_box tf_w tf_rel\"  data-basecol=\"2\" data-col_mobile=\"column-full\">\n\t\t\t<div  data-lazy=\"1\" style=\"width: 48.02%\" class=\"module_column tb-column col4-2 first tb_6mkf128 repeat tf_box\">\n\t\t\t    \t        <div class=\"tb-column-inner tf_box tf_w\">\n\t\t    <!-- module image -->\n<div  class=\"module module-image tb_8gng220   image-center tf_mw wow\" data-tf-animation=\"slideInRight\" data-tf-animation_delay=\".5\" data-lazy=\"1\">\n        <div class=\"image-wrap tf_rel tf_mw\">\n\t\t    <img loading=\"lazy\" width=\"567\" height=\"303\" src=\"https:\/\/arquiconsult.com\/wp-content\/uploads\/2024\/09\/Imagem4-1.png\" class=\"wp-post-image wp-image-76696\" title=\"Imagem4\" alt=\"Imagem4\" srcset=\"https:\/\/arquiconsult.com\/wp-content\/uploads\/2024\/09\/Imagem4-1.png 567w, https:\/\/arquiconsult.com\/wp-content\/uploads\/2024\/09\/Imagem4-1-320x171.png 320w, https:\/\/arquiconsult.com\/wp-content\/uploads\/2024\/09\/Imagem4-1-480x257.png 480w\" sizes=\"(max-width: 567px) 100vw, 567px\" \/>\t\n\t\t<\/div>\n\t<!-- \/image-wrap -->\n    \n    \t<\/div>\n<!-- \/module image -->\t        <\/div>\n\t    \t<\/div>\n\t\t<div  data-lazy=\"1\" style=\"width: 48.78%\" class=\"module_column tb-column col4-2 last tb_1veu128 tf_box\">\n\t\t\t    \t        <div class=\"tb-column-inner tf_box tf_w\">\n\t\t    <!-- module text -->\n<div  class=\"module module-text tb_2k40129  repeat \" data-lazy=\"1\">\n        <div  class=\"tb_text_wrap\">\n    <h3 style=\"text-align: left;\"><strong>Personaliza as intera\u00e7\u00f5es com os clientes<\/strong><\/h3>    <\/div>\n<\/div>\n<!-- \/module text --><!-- module text -->\n<div  class=\"module module-text tb_oxzy129   \" data-lazy=\"1\">\n        <div  class=\"tb_text_wrap\">\n    <p style=\"text-align: left;\"><strong>Obten\u00e7\u00e3o dos insights, conte\u00fados e recomenda\u00e7\u00f5es certas, atrav\u00e9s de IA, para maior personaliza\u00e7\u00e3o da sua argumenta\u00e7\u00e3o e ampliar as hip\u00f3teses de concretizar neg\u00f3cio.<\/strong><\/p><ul><li style=\"text-align: left;\">Prepare compromissos com os clientes com conte\u00fados personalizados, sustentados em factos e dados relevantes<\/li><li style=\"text-align: left;\">Apresente dicas em tempo real, informa\u00e7\u00f5es relacionadas e respostas sugeridas \u00e0s perguntas dos clientes durante as reuni\u00f5es<\/li><li style=\"text-align: left;\">Analise o sentimento do cliente, pelas suas d\u00favidas, necessidades ou KPIs em quest\u00e3o<\/li><\/ul>    <\/div>\n<\/div>\n<!-- \/module text -->\t        <\/div>\n\t    \t<\/div>\n\t\t    <\/div>\n\t    <!-- \/row_inner -->\n\t<\/div>\n\t<!-- \/module_row -->\n\t\t<!-- module_row -->\n\t<div  data-lazy=\"1\" class=\"module_row themify_builder_row repeat tb_r5we237 tf_clearfix\" >\n\t    \t\t<div class=\"row_inner col_align_top col-count-2 tf_box tf_w tf_rel\"  data-basecol=\"2\" data-col_mobile=\"column-full\">\n\t\t\t<div  data-lazy=\"1\" style=\"width: 44.33%\" class=\"module_column tb-column col4-2 first tb_h8xi238 repeat tf_box\">\n\t\t\t    \t        <div class=\"tb-column-inner tf_box tf_w\">\n\t\t    <!-- module text -->\n<div  class=\"module module-text tb_r31x238  repeat \" data-lazy=\"1\">\n        <div  class=\"tb_text_wrap\">\n    <h3 style=\"text-align: left;\"><strong>Mantem um fluxo de trabalho consistente<\/strong><\/h3>    <\/div>\n<\/div>\n<!-- \/module text --><!-- module text -->\n<div  class=\"module module-text tb_ib60238   \" data-lazy=\"1\">\n        <div  class=\"tb_text_wrap\">\n    <p style=\"text-align: left;\"><strong>Integra\u00e7\u00e3o perfeita de dados e atualiza\u00e7\u00f5es entre as aplica\u00e7\u00f5es do Microsoft 365 e o seu CRM.<\/strong><\/p><ul><li style=\"text-align: left;\">Capture e edite automaticamente detalhes do cliente no Microsoft Teams e\/ou no Outlook e sincronize com o CRM<\/li><li style=\"text-align: left;\">Obtenha os dados da oportunidade e informa\u00e7\u00f5es de conta do cliente, registados em CRM, no Microsoft Teams e no Outlook<\/li><li style=\"text-align: left;\">Proporcione espa\u00e7os de colabora\u00e7\u00e3o no Microsoft Teams e sincronize os dados com o seu CRM<\/li><\/ul>    <\/div>\n<\/div>\n<!-- \/module text -->\t        <\/div>\n\t    \t<\/div>\n\t\t<div  data-lazy=\"1\" style=\"width: 52.47%\" class=\"module_column tb-column col4-2 last tb_dmww238 tf_box\">\n\t\t\t    \t        <div class=\"tb-column-inner tf_box tf_w\">\n\t\t    <!-- module image -->\n<div  class=\"module module-image tb_zois510   image-center tf_mw wow\" data-tf-animation=\"slideInRight\" data-tf-animation_delay=\".5\" data-lazy=\"1\">\n        <div class=\"image-wrap tf_rel tf_mw\">\n\t\t    <img loading=\"lazy\" width=\"769\" height=\"212\" src=\"https:\/\/arquiconsult.com\/wp-content\/uploads\/2024\/09\/Imagem2-1.png\" class=\"wp-post-image wp-image-76689\" title=\"Imagem2\" alt=\"Imagem2\" srcset=\"https:\/\/arquiconsult.com\/wp-content\/uploads\/2024\/09\/Imagem2-1.png 769w, https:\/\/arquiconsult.com\/wp-content\/uploads\/2024\/09\/Imagem2-1-640x176.png 640w, https:\/\/arquiconsult.com\/wp-content\/uploads\/2024\/09\/Imagem2-1-320x88.png 320w, https:\/\/arquiconsult.com\/wp-content\/uploads\/2024\/09\/Imagem2-1-480x132.png 480w\" sizes=\"(max-width: 769px) 100vw, 769px\" \/>\t\n\t\t<\/div>\n\t<!-- \/image-wrap -->\n    \n    \t<\/div>\n<!-- \/module image --><!-- module image -->\n<div  class=\"module module-image tb_tc0r310   image-center tf_mw wow\" data-tf-animation=\"slideInRight\" data-tf-animation_delay=\".5\" data-lazy=\"1\">\n        <div class=\"image-wrap tf_rel tf_mw\">\n\t\t    <img loading=\"lazy\" width=\"567\" height=\"300\" src=\"https:\/\/arquiconsult.com\/wp-content\/uploads\/2024\/09\/Imagem3-1.png\" class=\"wp-post-image wp-image-76692\" title=\"Imagem3\" alt=\"Imagem3\" srcset=\"https:\/\/arquiconsult.com\/wp-content\/uploads\/2024\/09\/Imagem3-1.png 567w, https:\/\/arquiconsult.com\/wp-content\/uploads\/2024\/09\/Imagem3-1-320x169.png 320w, https:\/\/arquiconsult.com\/wp-content\/uploads\/2024\/09\/Imagem3-1-480x254.png 480w\" sizes=\"(max-width: 567px) 100vw, 567px\" \/>\t\n\t\t<\/div>\n\t<!-- \/image-wrap -->\n    \n    \t<\/div>\n<!-- \/module image -->\t        <\/div>\n\t    \t<\/div>\n\t\t    <\/div>\n\t    <!-- \/row_inner -->\n\t<\/div>\n\t<!-- \/module_row -->\n\t\t<!-- module_row -->\n\t<div  data-anchor=\"clientes\" data-hide-anchor=\"1\" data-lazy=\"1\" class=\"module_row themify_builder_row clientes repeat tb_has_section tb_section-clientes tb_jxj9460 tf_clearfix\" >\n\t    \t\t<div class=\"row_inner col_align_top col-count-1 tf_box tf_w tf_rel\">\n\t\t\t<div  data-lazy=\"1\" class=\"module_column tb-column col-full first tb_ncvb461 tf_box\">\n\t\t\t    \t        <div class=\"tb-column-inner tf_box tf_w\">\n\t\t    <!-- module image -->\n<div  class=\"module module-image tb_l8da461   image-center tf_mw wow\" data-tf-animation=\"slideInRight\" data-tf-animation_delay=\".5\" data-lazy=\"1\">\n        <div class=\"image-wrap tf_rel tf_mw\">\n\t\t    <img loading=\"lazy\" width=\"627\" height=\"372\" src=\"https:\/\/arquiconsult.com\/wp-content\/uploads\/2024\/09\/Imagem5.jpg\" class=\"wp-post-image wp-image-76700\" title=\"Imagem5\" alt=\"Imagem5\" srcset=\"https:\/\/arquiconsult.com\/wp-content\/uploads\/2024\/09\/Imagem5.jpg 627w, https:\/\/arquiconsult.com\/wp-content\/uploads\/2024\/09\/Imagem5-320x190.jpg 320w, https:\/\/arquiconsult.com\/wp-content\/uploads\/2024\/09\/Imagem5-480x285.jpg 480w\" sizes=\"(max-width: 627px) 100vw, 627px\" \/>\t\n\t\t<\/div>\n\t<!-- \/image-wrap -->\n    \n    \t<\/div>\n<!-- \/module image -->\t        <\/div>\n\t    \t<\/div>\n\t\t    <\/div>\n\t    <!-- \/row_inner -->\n\t<\/div>\n\t<!-- \/module_row -->\n\t<\/div>\n<!--\/themify_builder_content-->","protected":false},"excerpt":{"rendered":"<p>De que forma o Copilot melhora o desempenho das vendas? MICROSOFT COPILOT\u00a0 FOR\u00a0 SALES MICROSOFT COPILOT\u00a0 FOR\u00a0 SALES &#8211; De que forma o Copilot melhora o desempenho das vendas? Aumenta a produtividade da equipa de vendas Uma das principais vantagens do Copilot for Sales \u00e9 que pode auxiliar os vendedores a poupar tempo e a [&hellip;]<\/p>\n","protected":false},"author":4,"featured_media":0,"parent":0,"menu_order":0,"comment_status":"closed","ping_status":"closed","template":"","meta":[],"acf":[],"_links":{"self":[{"href":"https:\/\/arquiconsult.com\/pt-br\/wp-json\/wp\/v2\/pages\/76664"}],"collection":[{"href":"https:\/\/arquiconsult.com\/pt-br\/wp-json\/wp\/v2\/pages"}],"about":[{"href":"https:\/\/arquiconsult.com\/pt-br\/wp-json\/wp\/v2\/types\/page"}],"author":[{"embeddable":true,"href":"https:\/\/arquiconsult.com\/pt-br\/wp-json\/wp\/v2\/users\/4"}],"replies":[{"embeddable":true,"href":"https:\/\/arquiconsult.com\/pt-br\/wp-json\/wp\/v2\/comments?post=76664"}],"version-history":[{"count":0,"href":"https:\/\/arquiconsult.com\/pt-br\/wp-json\/wp\/v2\/pages\/76664\/revisions"}],"wp:attachment":[{"href":"https:\/\/arquiconsult.com\/pt-br\/wp-json\/wp\/v2\/media?parent=76664"}],"curies":[{"name":"wp","href":"https:\/\/api.w.org\/{rel}","templated":true}]}}