{"id":8494,"date":"2021-05-06T17:23:18","date_gmt":"2021-05-06T15:23:18","guid":{"rendered":"https:\/\/arquiconsult.com\/?page_id=8494"},"modified":"2025-11-24T11:59:33","modified_gmt":"2025-11-24T11:59:33","slug":"plano-de-manutencao-ativo","status":"publish","type":"page","link":"https:\/\/arquiconsult.com\/pt-br\/plano-de-manutencao-ativo\/","title":{"rendered":"Plano de Manuten\u00e7\u00e3o Ativo"},"content":{"rendered":"<!--themify_builder_content-->\n<div id=\"themify_builder_content-8494\" data-postid=\"8494\" class=\"themify_builder_content themify_builder_content-8494 themify_builder tf_clear\">\n    \t<!-- module_row -->\n\t<div  data-lazy=\"1\" class=\"module_row themify_builder_row repeat tb_k6ga544 tb_first tf_clearfix\" >\n\t    \t\t<div class=\"row_inner col_align_top col-count-1 tf_box tf_w tf_rel\">\n\t\t\t<div  data-lazy=\"1\" class=\"module_column tb-column col-full first tb_ukia545 tf_box\">\n\t\t\t    \t        <div class=\"tb-column-inner tf_box tf_w\">\n\t\t    <!-- module image -->\n<div  class=\"module module-image tb_floy545   image-top tf_mw\" data-lazy=\"1\">\n        <div class=\"image-wrap tf_rel tf_mw\">\n\t\t    <img loading=\"lazy\" src=\"https:\/\/arquiconsult.com\/wp-content\/uploads\/2021\/11\/Arquiconsult-Logo-500x156.png\" width=\"500\" height=\"156\" class=\"wp-post-image wp-image-28942\" title=\"Arquiconsult-Logo\" alt=\"Arquiconsult-Logo\" srcset=\"https:\/\/arquiconsult.com\/wp-content\/uploads\/2021\/11\/Arquiconsult-Logo-500x156.png 500w, https:\/\/arquiconsult.com\/wp-content\/uploads\/2021\/11\/Arquiconsult-Logo-640x200.png 640w, https:\/\/arquiconsult.com\/wp-content\/uploads\/2021\/11\/Arquiconsult-Logo-768x240.png 768w, https:\/\/arquiconsult.com\/wp-content\/uploads\/2021\/11\/Arquiconsult-Logo.png 816w\" sizes=\"(max-width: 500px) 100vw, 500px\" \/>\t\n\t\t<\/div>\n\t<!-- \/image-wrap -->\n    \n    \t<\/div>\n<!-- \/module image -->\t        <\/div>\n\t    \t<\/div>\n\t\t    <\/div>\n\t    <!-- \/row_inner -->\n\t<\/div>\n\t<!-- \/module_row -->\n\t\t<!-- module_row -->\n\t<div  data-lazy=\"1\" class=\"module_row themify_builder_row repeat tb_fo8v734 tf_clearfix\" >\n\t    \t\t<div class=\"row_inner col_align_top col-count-1 tf_box tf_w tf_rel\">\n\t\t\t<div  data-lazy=\"1\" class=\"module_column tb-column col-full first tb_7c53734 tf_box\">\n\t\t\t    \t        <div class=\"tb-column-inner tf_box tf_w\">\n\t\t    \t<div  data-lazy=\"1\" class=\"module_subrow themify_builder_sub_row tb_un9a735 tf_w tf_clearfix\">\n\t    \t\t<div class=\"subrow_inner col_align_top col-count-1 tf_box tf_w\">\n\t\t\t<div  data-lazy=\"1\" class=\"sub_column module_column tf_box col-full first tb_a2df735\" > \n\t    \t    \t        <div class=\"tb-column-inner tf_box tf_w\">\n\t\t    <!-- module text -->\n<div  class=\"module module-text tb_iwfr799  repeat \" data-lazy=\"1\">\n        <div  class=\"tb_text_wrap\">\n    <h1>A import\u00e2ncia de ter um Plano de Manuten\u00e7\u00e3o activo<\/h1>    <\/div>\n<\/div>\n<!-- \/module text --><!-- module text -->\n<div  class=\"module module-text tb_wtnm967  repeat  hide-desktop hide-tablet hide-tablet_landscape hide-mobile\" data-lazy=\"1\">\n        <div  class=\"tb_text_wrap\">\n    <h2>A import\u00e2ncia de ter um Plano de Manuten\u00e7\u00e3o activo<\/h2>    <\/div>\n<\/div>\n<!-- \/module text --><!-- module text -->\n<div  class=\"module module-text tb_xgds451   \" data-lazy=\"1\">\n        <div  class=\"tb_text_wrap\">\n    <p>Todos os anos, os clientes s\u00e3o convidados a renovar o Plano de Manuten\u00e7\u00e3o para as solu\u00e7\u00f5es instaladas. Sabemos que, por vezes, surgem algumas d\u00favidas sobre a real necessidade deste investimento. Para o ajudar, destacamos <strong>3 raz\u00f5es pelas quais se deve ter sempre um plano de manuten\u00e7\u00e3o activo para as solu\u00e7\u00f5es instaladas.<\/strong><\/p>    <\/div>\n<\/div>\n<!-- \/module text -->\t        <\/div>\n\t    \t<\/div>\n\t\t    <\/div>\n\t<\/div><!-- \/themify_builder_sub_row -->\n\t\t        <\/div>\n\t    \t<\/div>\n\t\t    <\/div>\n\t    <!-- \/row_inner -->\n\t<\/div>\n\t<!-- \/module_row -->\n\t\t<!-- module_row -->\n\t<div  data-css_id=\"8eqw197\" data-lazy=\"1\" class=\"module_row themify_builder_row repeat fullwidth_row_container tb_8eqw197 tf_clearfix\" >\n\t    \t\t<div class=\"row_inner col_align_top col-count-3 tf_box tf_w tf_rel\">\n\t\t\t<div  data-lazy=\"1\" style=\"width: 31.71%\" class=\"module_column tb-column col3-1 first tb_1wep197 tf_box\">\n\t\t\t    \t        <div class=\"tb-column-inner tf_box tf_w\">\n\t\t    <!-- module buttons -->\n<div  class=\"module module-buttons tb_02fz879 buttons-horizontal transparent  large circle tf_textc\" data-lazy=\"1\">\n    \t<div class=\"module-buttons-item tf_inline_b\">\n\t\t\t\t\t\t\t<a href=\"https:\/\/arquiconsult.com\/wp-content\/uploads\/2025\/11\/octubro-Atualizacao-de-valores-do-Plano-de-Manutencao-Anual-da-Licenca_EN2025.pdf\" class=\"ui builder_button tb_default_color\" target=\"_blank\" rel=\"noopener\">\n\t\t\t\t\t\t\t\t\t\t\t<span class=\"tf_inline_b tf_vmiddle\">21\/11\/2025 Comunica\u00e7\u00e3o<\/span>\n\t\t\t\t\t\t\t\t\t\t\t<\/a>\n\t\t\t    \t<\/div>\n\t<\/div>\n<!-- \/module buttons -->\n\t        <\/div>\n\t    \t<\/div>\n\t\t<div  data-lazy=\"1\" style=\"width: 30.18%\" class=\"module_column tb-column col3-1 middle tb_62mg198 tf_box\">\n\t\t\t    \t        <div class=\"tb-column-inner tf_box tf_w\">\n\t\t    <!-- module buttons -->\n<div  class=\"module module-buttons tb_bmqj198 buttons-horizontal transparent  large circle tf_textc\" data-lazy=\"1\">\n    \t<div class=\"module-buttons-item tf_inline_b\">\n\t\t\t\t\t\t\t<a href=\"https:\/\/arquiconsult.com\/wp-content\/uploads\/2024\/12\/outubro-Atualizacao-de-valores-do-Plano-de-Manutencao-Anual-da-Licenca_PT.pdf\" class=\"ui builder_button tb_default_color\" target=\"_blank\" rel=\"noopener\">\n\t\t\t\t\t\t\t\t\t\t\t<span class=\"tf_inline_b tf_vmiddle\">30\/07\/2024 Comunica\u00e7\u00e3o<\/span>\n\t\t\t\t\t\t\t\t\t\t\t<\/a>\n\t\t\t    \t<\/div>\n\t<\/div>\n<!-- \/module buttons -->\n\t        <\/div>\n\t    \t<\/div>\n\t\t<div  data-lazy=\"1\" style=\"width: 31.71%\" class=\"module_column tb-column col3-1 last tb_tyjb198 tf_box\">\n\t\t\t    \t        <div class=\"tb-column-inner tf_box tf_w\">\n\t\t    <!-- module buttons -->\n<div  class=\"module module-buttons tb_aurr198 buttons-horizontal transparent  large circle tf_textc\" data-lazy=\"1\">\n    \t<div class=\"module-buttons-item tf_inline_b\">\n\t\t\t\t\t\t\t<a href=\"https:\/\/arquiconsult.com\/wp-content\/uploads\/2024\/12\/fevereiro-Atualizacao-de-valores-do-Plano-de-Manutencao-Anual-da-Licenca_PT.pdf\" class=\"ui builder_button tb_default_color\" target=\"_blank\" rel=\"noopener\">\n\t\t\t\t\t\t\t\t\t\t\t<span class=\"tf_inline_b tf_vmiddle\">09\/02\/2024 Comunica\u00e7\u00e3o<\/span>\n\t\t\t\t\t\t\t\t\t\t\t<\/a>\n\t\t\t    \t<\/div>\n\t<\/div>\n<!-- \/module buttons -->\n\t        <\/div>\n\t    \t<\/div>\n\t\t    <\/div>\n\t    <!-- \/row_inner -->\n\t<\/div>\n\t<!-- \/module_row -->\n\t\t<!-- module_row -->\n\t<div  data-css_id=\"9960636\" data-lazy=\"1\" class=\"module_row themify_builder_row repeat fullwidth_row_container tb_9960636 tf_clearfix\" >\n\t    \t\t<div class=\"row_inner col_align_top col-count-1 tf_box tf_w tf_rel\">\n\t\t\t<div  data-lazy=\"1\" class=\"module_column tb-column col-full first tb_gq9z637 tf_box\">\n\t\t\t    \t        <div class=\"tb-column-inner tf_box tf_w\">\n\t\t    \t<div  data-lazy=\"1\" class=\"module_subrow themify_builder_sub_row tb_l0xj637 tf_w tf_clearfix\">\n\t    \t\t<div class=\"subrow_inner col_align_top gutter-narrow col-count-3 tf_box tf_w\"  data-basecol=\"3\" data-col_mobile=\"column-full\">\n\t\t\t<div  data-lazy=\"1\" class=\"sub_column module_column tf_box col3-1 first tb_f37l637 repeat\" > \n\t    \t    \t        <div class=\"tb-column-inner tf_box tf_w\">\n\t\t    <!-- module feature -->\n<div  class=\"module module-feature tb_ia3g637 with-chart layout-icon-top size-small icon-animation\" data-layout-mobile=\"icon-top\" data-layout-desktop=\"icon-top\" data-lazy=\"1\">\n        <div class=\"module-feature-image tf_textc tf_rel\">\n\t\t\t\t\t\t\t<span class=\"module-feature-chart-html5 tf_box tf_rel tf_inline_b\">\n\t\t\t\t\t\t\t<svg class=\"tf_abs tf_w tf_h\">\n\t\t\t\t<circle class=\"tb_feature_fill\" r=\"calc(50% - 1.00px)\" cx=\"50%\" cy=\"50%\" stroke-width=\"2\"\/>\n\t\t\t\t<circle class=\"tb_feature_stroke\" r=\"calc(50% - 1.00px)\" cx=\"50%\" cy=\"50%\" stroke=\"#c41230\" stroke-width=\"2\" data-progress=\"100\" stroke-dasharray=\"0,10000\"\/>\n\t\t\t\t\t\t\t\t<\/svg>\n\t\t\t\t\t\t\t<span class=\"chart-html5-circle tf_w tf_h\">\n\t\t\t\t\t\t\t\t\t\t\t<img style=\"width:calc(100% - 4px);height:calc(100% - 4px)\" src=\"https:\/\/arquiconsult.com\/wp-content\/uploads\/2021\/11\/Dynamics-365-BC-Dynamics-365-Enterprise-Sales-Microsoft-Dynamics-365-RGPD-Commerce-Microsoft-Dynamics-NAV-Navision-Microsoft-Softwares-1.png\" alt=\"Dynamics 365 BC-Dynamics 365 Marketing-Sales-Microsoft Dynamics 365-RGPD-Commerce-Microsoft Dynamics NAV-Navision-Microsoft-Softwares-Main-Tool\" title=\"-\">\n\t\t\t\t\t\t\t\t\t<\/span>\n\n\t\t\t\t\n\t\t\t<\/span>\n\t\t\t    <\/div>\n    <div class=\"module-feature-content tf_textc\">\n\t\t\t\t<div class=\"tb_text_wrap\">\n\t\t\t\t\t<\/div>\n    <\/div>\n<\/div>\n<!-- \/module feature -->\n<!-- module text -->\n<div  class=\"module module-text tb_wb3v638  repeat \" data-lazy=\"1\">\n        <div  class=\"tb_text_wrap\">\n    <p style=\"text-align: center;\"><strong>1- Acesso a novas vers\u00f5es, Hotfixes, Pacotes de Actualiza\u00e7\u00e3o (Service Packs) e Atualiza\u00e7\u00f5es Legais<\/strong><\/p>    <\/div>\n<\/div>\n<!-- \/module text --><!-- module text -->\n<div  class=\"module module-text tb_vo59638  repeat \" data-lazy=\"1\">\n        <div  class=\"tb_text_wrap\">\n    <p style=\"text-align: center;\">Uma das principais vantagens do Plano de Manuten\u00e7\u00e3o \u00e9 o acesso gratuito a novas vers\u00f5es e actualiza\u00e7\u00f5es peri\u00f3dicas do sistema. A <a href=\"https:\/\/www.microsoft.com\/pt-pt\" target=\"_blank\" rel=\"noopener\">Microsoft<\/a> investe fortemente em investiga\u00e7\u00e3o e desenvolvimento, pelo que manter o seu neg\u00f3cio na \u00faltima vers\u00e3o dispon\u00edvel significa beneficiar de novas funcionalidades e ferramentas, baseadas em tecnologia avan\u00e7ada. Al\u00e9m disso, nos \u00faltimos anos, houve v\u00e1rias altera\u00e7\u00f5es fiscais e regulamentares, que implicam adapta\u00e7\u00f5es aos sistemas inform\u00e1ticos. \u00c9 por isso que \u00e9 fundamental assegurar o acesso a actualiza\u00e7\u00f5es \u00e0 medida que estas se tornam dispon\u00edveis para ajudar a sua organiza\u00e7\u00e3o a manter-se em <a href=\"https:\/\/arquiconsult.com\/atualizacoes-legais-pt\/\">conformidade legal<\/a>.<\/p>    <\/div>\n<\/div>\n<!-- \/module text -->\t        <\/div>\n\t    \t<\/div>\n\t\t<div  data-lazy=\"1\" class=\"sub_column module_column tf_box col3-1 middle tb_q0h6638 repeat\" > \n\t    \t    \t        <div class=\"tb-column-inner tf_box tf_w\">\n\t\t    <!-- module feature -->\n<div  class=\"module module-feature tb_2buw638 with-chart layout-icon-top size-small icon-animation\" data-layout-mobile=\"icon-top\" data-layout-desktop=\"icon-top\" data-lazy=\"1\">\n        <div class=\"module-feature-image tf_textc tf_rel\">\n\t\t\t\t\t\t\t<span class=\"module-feature-chart-html5 tf_box tf_rel tf_inline_b\">\n\t\t\t\t\t\t\t<svg class=\"tf_abs tf_w tf_h\">\n\t\t\t\t<circle class=\"tb_feature_fill\" r=\"calc(50% - 1.00px)\" cx=\"50%\" cy=\"50%\" stroke-width=\"2\"\/>\n\t\t\t\t<circle class=\"tb_feature_stroke\" r=\"calc(50% - 1.00px)\" cx=\"50%\" cy=\"50%\" stroke=\"#c41230\" stroke-width=\"2\" data-progress=\"100\" stroke-dasharray=\"0,10000\"\/>\n\t\t\t\t\t\t\t\t<\/svg>\n\t\t\t\t\t\t\t<span class=\"chart-html5-circle tf_w tf_h\">\n\t\t\t\t\t\t\t\t\t\t\t<img style=\"width:calc(100% - 4px);height:calc(100% - 4px)\" src=\"https:\/\/arquiconsult.com\/wp-content\/uploads\/2021\/11\/Dynamics-365-BC-Dynamics-365-Enterprise-Sales-Microsoft-Dynamics-365-RGPD-Commerce-Microsoft-Dynamics-NAV-Navision-Microsoft-Softwares-1.png\" alt=\"Dynamics 365 BC-Dynamics 365 Marketing-Sales-Microsoft Dynamics 365-RGPD-Commerce-Microsoft Dynamics NAV-Navision-Microsoft-Softwares-Main-Tool\" title=\"-\">\n\t\t\t\t\t\t\t\t\t<\/span>\n\n\t\t\t\t\n\t\t\t<\/span>\n\t\t\t    <\/div>\n    <div class=\"module-feature-content tf_textc\">\n\t\t\t\t<div class=\"tb_text_wrap\">\n\t\t\t\t\t<\/div>\n    <\/div>\n<\/div>\n<!-- \/module feature -->\n<!-- module text -->\n<div  class=\"module module-text tb_nrfb638  repeat \" data-lazy=\"1\">\n        <div  class=\"tb_text_wrap\">\n    <p style=\"text-align: center;\"><strong>2- Lista de Pre\u00e7os Protegida<\/strong><\/p>    <\/div>\n<\/div>\n<!-- \/module text --><!-- module text -->\n<div  class=\"module module-text tb_oq5b638  repeat \" data-lazy=\"1\">\n        <div  class=\"tb_text_wrap\">\n    <p style=\"text-align: center;\">Proteja o seu investimento das flutua\u00e7\u00f5es de pre\u00e7os, assegurando-lhe a manuten\u00e7\u00e3o dos valores de compra de licen\u00e7as. Ao renov\u00e1-la todos os anos, est\u00e1 a assegurar-se de que a licen\u00e7a que possui permanece no valor para o qual foi comprada. Desta forma, uma vez que o montante da renova\u00e7\u00e3o anual corresponde a uma percentagem do montante da licen\u00e7a, garante tamb\u00e9m que o montante da renova\u00e7\u00e3o anual corresponde ao que tinha sido or\u00e7amentado.<\/p>    <\/div>\n<\/div>\n<!-- \/module text -->\t        <\/div>\n\t    \t<\/div>\n\t\t<div  data-lazy=\"1\" class=\"sub_column module_column tf_box col3-1 last tb_h6nd639 repeat\" > \n\t    \t    \t        <div class=\"tb-column-inner tf_box tf_w\">\n\t\t    <!-- module feature -->\n<div  class=\"module module-feature tb_okou639 with-chart layout-icon-top size-small icon-animation\" data-layout-mobile=\"icon-top\" data-layout-desktop=\"icon-top\" data-lazy=\"1\">\n        <div class=\"module-feature-image tf_textc tf_rel\">\n\t\t\t\t\t\t\t<span class=\"module-feature-chart-html5 tf_box tf_rel tf_inline_b\">\n\t\t\t\t\t\t\t<svg class=\"tf_abs tf_w tf_h\">\n\t\t\t\t<circle class=\"tb_feature_fill\" r=\"calc(50% - 1.00px)\" cx=\"50%\" cy=\"50%\" stroke-width=\"2\"\/>\n\t\t\t\t<circle class=\"tb_feature_stroke\" r=\"calc(50% - 1.00px)\" cx=\"50%\" cy=\"50%\" stroke=\"#c41230\" stroke-width=\"2\" data-progress=\"100\" stroke-dasharray=\"0,10000\"\/>\n\t\t\t\t\t\t\t\t<\/svg>\n\t\t\t\t\t\t\t<span class=\"chart-html5-circle tf_w tf_h\">\n\t\t\t\t\t\t\t\t\t\t\t<img style=\"width:calc(100% - 4px);height:calc(100% - 4px)\" src=\"https:\/\/arquiconsult.com\/wp-content\/uploads\/2021\/11\/Dynamics-365-BC-Dynamics-365-Enterprise-Sales-Microsoft-Dynamics-365-RGPD-Commerce-Microsoft-Dynamics-NAV-Navision-Microsoft-Softwares-1.png\" alt=\"Dynamics 365 BC-Dynamics 365 Marketing-Sales-Microsoft Dynamics 365-RGPD-Commerce-Microsoft Dynamics NAV-Navision-Microsoft-Softwares-Main-Tool\" title=\"-\">\n\t\t\t\t\t\t\t\t\t<\/span>\n\n\t\t\t\t\n\t\t\t<\/span>\n\t\t\t    <\/div>\n    <div class=\"module-feature-content tf_textc\">\n\t\t\t\t<div class=\"tb_text_wrap\">\n\t\t\t\t\t<\/div>\n    <\/div>\n<\/div>\n<!-- \/module feature -->\n<!-- module text -->\n<div  class=\"module module-text tb_64cw639  repeat \" data-lazy=\"1\">\n        <div  class=\"tb_text_wrap\">\n    <p style=\"text-align: center;\"><strong>3- Actualiza\u00e7\u00f5es de licen\u00e7as<\/strong><\/p>    <\/div>\n<\/div>\n<!-- \/module text --><!-- module text -->\n<div  class=\"module module-text tb_sz66639  repeat \" data-lazy=\"1\">\n        <div  class=\"tb_text_wrap\">\n    <p style=\"text-align: center;\">Tem novos empregados na empresa que precisam de aceder ao sistema? Para licenciar os utilizadores \u00e9 obrigat\u00f3rio ter um plano de manuten\u00e7\u00e3o activa. O mesmo acontece se precisar de adquirir novas funcionalidades ou objectos. Em resumo, qualquer altera\u00e7\u00e3o de licenciamento requer a exist\u00eancia de um plano de manuten\u00e7\u00e3o activo.<\/p>    <\/div>\n<\/div>\n<!-- \/module text -->\t        <\/div>\n\t    \t<\/div>\n\t\t    <\/div>\n\t<\/div><!-- \/themify_builder_sub_row -->\n\t\t        <\/div>\n\t    \t<\/div>\n\t\t    <\/div>\n\t    <!-- \/row_inner -->\n\t<\/div>\n\t<!-- \/module_row -->\n\t<\/div>\n<!--\/themify_builder_content-->","protected":false},"excerpt":{"rendered":"<p>A import\u00e2ncia de ter um Plano de Manuten\u00e7\u00e3o activo A import\u00e2ncia de ter um Plano de Manuten\u00e7\u00e3o activo Todos os anos, os clientes s\u00e3o convidados a renovar o Plano de Manuten\u00e7\u00e3o para as solu\u00e7\u00f5es instaladas. Sabemos que, por vezes, surgem algumas d\u00favidas sobre a real necessidade deste investimento. Para o ajudar, destacamos 3 raz\u00f5es pelas [&hellip;]<\/p>\n","protected":false},"author":4,"featured_media":0,"parent":0,"menu_order":0,"comment_status":"closed","ping_status":"closed","template":"","meta":[],"acf":[],"_links":{"self":[{"href":"https:\/\/arquiconsult.com\/pt-br\/wp-json\/wp\/v2\/pages\/8494"}],"collection":[{"href":"https:\/\/arquiconsult.com\/pt-br\/wp-json\/wp\/v2\/pages"}],"about":[{"href":"https:\/\/arquiconsult.com\/pt-br\/wp-json\/wp\/v2\/types\/page"}],"author":[{"embeddable":true,"href":"https:\/\/arquiconsult.com\/pt-br\/wp-json\/wp\/v2\/users\/4"}],"replies":[{"embeddable":true,"href":"https:\/\/arquiconsult.com\/pt-br\/wp-json\/wp\/v2\/comments?post=8494"}],"version-history":[{"count":1,"href":"https:\/\/arquiconsult.com\/pt-br\/wp-json\/wp\/v2\/pages\/8494\/revisions"}],"predecessor-version":[{"id":117032,"href":"https:\/\/arquiconsult.com\/pt-br\/wp-json\/wp\/v2\/pages\/8494\/revisions\/117032"}],"wp:attachment":[{"href":"https:\/\/arquiconsult.com\/pt-br\/wp-json\/wp\/v2\/media?parent=8494"}],"curies":[{"name":"wp","href":"https:\/\/api.w.org\/{rel}","templated":true}]}}