{"id":95495,"date":"2025-05-09T17:04:08","date_gmt":"2025-05-09T16:04:08","guid":{"rendered":"https:\/\/arquiconsult.com\/?page_id=95495"},"modified":"2025-12-05T16:13:39","modified_gmt":"2025-12-05T16:13:39","slug":"project-operations","status":"publish","type":"page","link":"https:\/\/arquiconsult.com\/pt-br\/project-operations\/","title":{"rendered":"Project Operations"},"content":{"rendered":"<!--themify_builder_content-->\n<div id=\"themify_builder_content-95495\" data-postid=\"95495\" class=\"themify_builder_content themify_builder_content-95495 themify_builder tf_clear\">\n    \t<!-- module_row -->\n\t<div  data-css_id=\"enh4888\" data-lazy=\"1\" class=\"module_row themify_builder_row fullcover fullwidth_row_container tb_enh4888 tb_first tf_clearfix\" >\n\t    <div class=\"builder_row_cover tf_abs\"><\/div>\t\t<div class=\"row_inner col_align_middle col-count-2 tf_box tf_w tf_rel\"  data-basecol=\"2\" data-col_tablet=\"column-full\" data-col_mobile=\"column-full\">\n\t\t\t<div  data-lazy=\"1\" style=\"width: 89.84%\" class=\"module_column tb-column col3-2 first tb_od6e889 tf_box\">\n\t\t\t    \t        <div class=\"tb-column-inner tf_box tf_w\">\n\t\t    <!-- module text -->\n<div  class=\"module module-text tb_a116889  repeat \" data-lazy=\"1\">\n        <div  class=\"tb_text_wrap\">\n    <h4><a href=\"https:\/\/arquiconsult.com\">Arquiconsult.com<\/a> \/ <a href=\"#\">Solu\u00e7\u00f5es<\/a> \/\u00a0<span lang=\"EN-US\">Project Operations<\/span><\/h4>    <\/div>\n<\/div>\n<!-- \/module text --><!-- module fancy heading -->\n<!--\/* $fields_args['heading_tag']  CODIGO QUE SAIU * \/-->\n<div  class=\"module module-fancy-heading tb_2eqh889 titulo-suporte tb_hide_divider\" data-lazy=\"1\">\n        <h1  class=\"fancy-heading tf_textl\">\n    <span class=\"main-head tf_block\">\n\t\t\t\t\tProject Operations\t\t    <\/span>\n\n\t\n    <span class=\"sub-head tf_block tf_rel\">\n\t\t\t\t\t\t\t    <\/span>\n    <\/h2>\n<\/div>\n<!-- \/module fancy heading -->\n<!-- module text -->\n<div  class=\"module module-text tb_xfid889   \" data-lazy=\"1\">\n        <div  class=\"tb_text_wrap\">\n    <p>Microsoft Dynamics 365 Opera\u00e7\u00f5es de Projetos- Capacitando empresas centradas em projetos.<\/p>    <\/div>\n<\/div>\n<!-- \/module text --><!-- module buttons -->\n<div  class=\"module module-buttons tb_rdeo889 buttons-horizontal transparent popmake-100568 large circle\" data-lazy=\"1\">\n    \t<div class=\"module-buttons-item tf_inline_b\">\n\t\t\t\t\t\t\t<a href=\"#\" class=\"ui builder_button tb_default_color\" >\n\t\t\t\t\t\t\t\t\t\t\t<span class=\"tf_inline_b tf_vmiddle\">Solicite uma Demo<\/span>\n\t\t\t\t\t\t\t\t\t\t\t<\/a>\n\t\t\t    \t<\/div>\n\t<\/div>\n<!-- \/module buttons -->\n\t        <\/div>\n\t    \t<\/div>\n\t\t<div  data-lazy=\"1\" style=\"width: 6.96%\" class=\"module_column tb-column col3-1 last tb_su3q890 tf_box\">\n\t\t\t    \t<\/div>\n\t\t    <\/div>\n\t    <!-- \/row_inner -->\n\t<\/div>\n\t<!-- \/module_row -->\n\t\t<!-- module_row -->\n\t<div  data-css_id=\"jyvg502\" data-lazy=\"1\" class=\"module_row themify_builder_row fullcover fullwidth tb_jyvg502 tf_clearfix wow\" data-tf-animation=\"pulse\" >\n\t    \t\t<div class=\"row_inner col_align_top col-count-1 tf_box tf_w tf_rel\">\n\t\t\t<div  data-lazy=\"1\" class=\"module_column tb-column col-full first tb_hpja502 tf_box\">\n\t\t\t    \t        <div class=\"tb-column-inner tf_box tf_w\">\n\t\t    <!-- module text -->\n<div  class=\"module module-text tb_o87n502  repeat \" data-lazy=\"1\">\n        <div  class=\"tb_text_wrap\">\n    <h3 style=\"text-align: center;\"><strong>OTIMIZE A ENTREGA DE PROJETOS, MAXIMIZE A RENTABILIDADE E ELEVE A COLABORA\u00c7\u00c3O<\/strong><\/h3><p style=\"text-align: center;\"><strong>Microsoft Dynamics 365 Project Operations<\/strong> \u00e9 uma solu\u00e7\u00e3o completa projetada para empresas que <strong>planeiam, gerem e executam projetos com precis\u00e3o<\/strong>. Quer a sua organiza\u00e7\u00e3o lide com <strong>projetos de stock, n\u00e3o stock ou baseados em recursos, <\/strong>esta plataforma impulsionada por IA capacita as equipas a <strong>simplificar opera\u00e7\u00f5es, otimizar recursos e impulsionar o sucesso financeiro.<\/strong><\/p><p style=\"text-align: center;\">Com <strong>integra\u00e7\u00e3o perfeita no Microsoft Project for the Web, Dynamics 365 Finance e Dynamics 365 Supply Chain Management,<\/strong> as organiza\u00e7\u00f5es podem unificar <strong>vendas, planeamento, execu\u00e7\u00e3o e acompanhamento financeiro <\/strong>para garantir a rentabilidade dos projetos. Al\u00e9m disso, o <strong>Microsoft Power Platform <\/strong>melhora a automa\u00e7\u00e3o e a an\u00e1lise, fornecendo insights acion\u00e1veis para a tomada de decis\u00f5es em tempo real.<\/p>    <\/div>\n<\/div>\n<!-- \/module text -->\t        <\/div>\n\t    \t<\/div>\n\t\t    <\/div>\n\t    <!-- \/row_inner -->\n\t<\/div>\n\t<!-- \/module_row -->\n\t\t<!-- module_row -->\n\t<div  data-css_id=\"gwo5961\" data-lazy=\"1\" class=\"module_row themify_builder_row fullcover fullwidth tb_gwo5961 tf_clearfix wow\" data-tf-animation=\"pulse\" >\n\t    \t\t<div class=\"row_inner col_align_top col-count-1 tf_box tf_w tf_rel\">\n\t\t\t<div  data-lazy=\"1\" class=\"module_column tb-column col-full first tb_n6og961 tf_box\">\n\t\t\t    \t        <div class=\"tb-column-inner tf_box tf_w\">\n\t\t    <!-- module text -->\n<div  class=\"module module-text tb_ct4z962  repeat \" data-lazy=\"1\">\n        <div  class=\"tb_text_wrap\">\n    <h2><strong>PRINCIPAIS CAPACIDADES FUNCIONAIS DO MICROSOFT DYNAMICS 365 PROJECT OPERATIONS<\/strong><\/h2>    <\/div>\n<\/div>\n<!-- \/module text -->\t        <\/div>\n\t    \t<\/div>\n\t\t    <\/div>\n\t    <!-- \/row_inner -->\n\t<\/div>\n\t<!-- \/module_row -->\n\t\t<!-- module_row -->\n\t<div  data-css_id=\"9lbp844\" data-lazy=\"1\" class=\"module_row themify_builder_row repeat fullwidth tb_9lbp844 tf_clearfix\" >\n\t    \t\t<div class=\"row_inner col_align_top col-count-3 tf_box tf_w tf_rel\"  data-basecol=\"3\" data-col_mobile=\"column-full\">\n\t\t\t<div  data-lazy=\"1\" class=\"module_column tb-column col3-1 first tb_xijj845 repeat tf_box\">\n\t\t\t    \t        <div class=\"tb-column-inner tf_box tf_w\">\n\t\t    <!-- module text -->\n<div  class=\"module module-text tb_0z28845  repeat \" data-lazy=\"1\">\n        <div  class=\"tb_text_wrap\">\n    <p style=\"text-align: center;\"><strong><img loading=\"lazy\" class=\"alignnone wp-image-96273\" src=\"https:\/\/arquiconsult.com\/wp-content\/uploads\/2025\/03\/compreensv.png\" alt=\"-\" width=\"90\" height=\"90\" title=\"-\"><br \/>Gest\u00e3o Abrangente de Projetos<\/strong><\/p><ul><li style=\"text-align: left;\">Planeamento de projetos integrado com o Microsoft Project for the Web.<\/li><li style=\"text-align: left;\">Otimiza\u00e7\u00e3o de agendamento impulsionada por IA para aloca\u00e7\u00e3o eficiente de recursos.<\/li><li style=\"text-align: left;\">Visualiza\u00e7\u00e3o de depend\u00eancias de tarefas e cronogramas para melhorar as previs\u00f5es.<\/li><li style=\"text-align: left;\">Acompanhamento \u00e1gil de projetos com atualiza\u00e7\u00f5es de progresso em tempo real.<\/li><\/ul>    <\/div>\n<\/div>\n<!-- \/module text -->\t        <\/div>\n\t    \t<\/div>\n\t\t<div  data-lazy=\"1\" class=\"module_column tb-column col3-1 middle tb_v4cl845 repeat tf_box\">\n\t\t\t    \t        <div class=\"tb-column-inner tf_box tf_w\">\n\t\t    <!-- module text -->\n<div  class=\"module module-text tb_zp8t846  repeat \" data-lazy=\"1\">\n        <div  class=\"tb_text_wrap\">\n    <p style=\"text-align: center;\"><strong><img loading=\"lazy\" class=\"alignnone wp-image-96280\" src=\"https:\/\/arquiconsult.com\/wp-content\/uploads\/2025\/03\/stoked.png\" alt=\"-\" width=\"90\" height=\"90\" title=\"-\"><br \/>Cen\u00e1rios de Stock e N\u00e3o Stock (Baseados em Recursos)<\/strong><\/p><ul><li>Cen\u00e1rios de stock: Gerir projetos baseados em materiais com visibilidade integrada da cadeia de abastecimento e automa\u00e7\u00e3o de compras.<\/li><li>Cen\u00e1rios n\u00e3o stock\/baseados em recursos: Permitir a execu\u00e7\u00e3o de projetos orientados a servi\u00e7os com rastreamento de tempo, gest\u00e3o de custos e otimiza\u00e7\u00e3o da utiliza\u00e7\u00e3o fatur\u00e1vel<\/li><li>Modelos de custo e pre\u00e7os flex\u00edveis para v\u00e1rios tipos de projetos.<\/li><li>Rastreamento de despesas e fatura\u00e7\u00e3o sem falhas para garantir a rentabilidade.<\/li><\/ul>    <\/div>\n<\/div>\n<!-- \/module text -->\t        <\/div>\n\t    \t<\/div>\n\t\t<div  data-lazy=\"1\" class=\"module_column tb-column col3-1 last tb_uujv846 repeat tf_box\">\n\t\t\t    \t        <div class=\"tb-column-inner tf_box tf_w\">\n\t\t    <!-- module text -->\n<div  class=\"module module-text tb_be9i846  repeat \" data-lazy=\"1\">\n        <div  class=\"tb_text_wrap\">\n    <p style=\"text-align: center;\"><strong><img loading=\"lazy\" class=\"alignnone wp-image-96285\" src=\"https:\/\/arquiconsult.com\/wp-content\/uploads\/2025\/03\/resources.png\" alt=\"-\" width=\"92\" height=\"92\" title=\"-\"><br \/>Gest\u00e3o e Agendamento Avan\u00e7ados de Recursos<\/strong><\/p><ul><li>Agendamento inteligente de recursos impulsionado por IA.<\/li><li>Rastreamento de disponibilidade em tempo real para maximizar a utiliza\u00e7\u00e3o de recursos.<\/li><li>Correspond\u00eancia de recursos baseada em compet\u00eancias para atribui\u00e7\u00f5es de equipa \u00f3timas.<\/li><li>Partilha de recursos entre organiza\u00e7\u00f5es para melhorar a efici\u00eancia.<\/li><\/ul>    <\/div>\n<\/div>\n<!-- \/module text -->\t        <\/div>\n\t    \t<\/div>\n\t\t    <\/div>\n\t    <!-- \/row_inner -->\n\t<\/div>\n\t<!-- \/module_row -->\n\t\t<!-- module_row -->\n\t<div  data-css_id=\"ctmk880\" data-lazy=\"1\" class=\"module_row themify_builder_row repeat fullwidth tb_ctmk880 tf_clearfix\" >\n\t    \t\t<div class=\"row_inner col_align_top col-count-3 tf_box tf_w tf_rel\"  data-basecol=\"3\" data-col_mobile=\"column-full\">\n\t\t\t<div  data-lazy=\"1\" class=\"module_column tb-column col3-1 first tb_99ep881 repeat tf_box\">\n\t\t\t    \t        <div class=\"tb-column-inner tf_box tf_w\">\n\t\t    <!-- module text -->\n<div  class=\"module module-text tb_w4ey881  repeat \" data-lazy=\"1\">\n        <div  class=\"tb_text_wrap\">\n    <p style=\"text-align: center;\"><strong><img loading=\"lazy\" class=\"alignnone wp-image-96294\" src=\"https:\/\/arquiconsult.com\/wp-content\/uploads\/2025\/03\/financial.png\" alt=\"-\" width=\"84\" height=\"84\" title=\"-\"><br \/>Gest\u00e3o Financeira Integrada e Acompanhamento da Rentabilidade<\/strong><\/p><ul><li>Visibilidade financeira completa do projeto com integra\u00e7\u00e3o do Dynamics 365 Finance.<\/li><li>Reconhecimento de receita automatizado alinhado com os padr\u00f5es IFRS e GAAP.<\/li><li>Gest\u00e3o de contratos flex\u00edvel, suportando projetos de tempo e materiais ou de taxa fixa.<\/li><li>Or\u00e7amenta\u00e7\u00e3o e previs\u00e3o precisas para melhorar a tomada de decis\u00f5es.<\/li><\/ul>    <\/div>\n<\/div>\n<!-- \/module text -->\t        <\/div>\n\t    \t<\/div>\n\t\t<div  data-lazy=\"1\" class=\"module_column tb-column col3-1 middle tb_t58a881 repeat tf_box\">\n\t\t\t    \t        <div class=\"tb-column-inner tf_box tf_w\">\n\t\t    <!-- module text -->\n<div  class=\"module module-text tb_fhtb881  repeat \" data-lazy=\"1\">\n        <div  class=\"tb_text_wrap\">\n    <p style=\"text-align: center;\"><strong><img loading=\"lazy\" class=\"alignnone wp-image-96299\" src=\"https:\/\/arquiconsult.com\/wp-content\/uploads\/2025\/03\/colaboration-1.png\" alt=\"-\" width=\"83\" height=\"84\" title=\"-\"><br \/>Colabora\u00e7\u00e3o Sem Falhas e Capacidades do Power Platform<\/strong><\/p><ul><li>Integra\u00e7\u00e3o do Microsoft Teams e Power Automate para automa\u00e7\u00e3o de fluxos de trabalho e colabora\u00e7\u00e3o aprimorada.<\/li><li>Insights impulsionados por IA para prever riscos de projetos e otimizar a tomada de decis\u00f5es.<\/li><li>Dashboards do Power BI para acompanhamento de desempenho em tempo real.<\/li><li>Aprova\u00e7\u00f5es e notifica\u00e7\u00f5es automatizadas para simplificar opera\u00e7\u00f5es.<\/li><\/ul>    <\/div>\n<\/div>\n<!-- \/module text -->\t        <\/div>\n\t    \t<\/div>\n\t\t<div  data-lazy=\"1\" class=\"module_column tb-column col3-1 last tb_gbev882 repeat tf_box\">\n\t\t\t    \t        <div class=\"tb-column-inner tf_box tf_w\">\n\t\t    <!-- module text -->\n<div  class=\"module module-text tb_urd8882  repeat \" data-lazy=\"1\">\n        <div  class=\"tb_text_wrap\">\n    <p style=\"text-align: center;\"><strong><img loading=\"lazy\" class=\"alignnone wp-image-96305\" src=\"https:\/\/arquiconsult.com\/wp-content\/uploads\/2025\/03\/sales.png\" alt=\"-\" width=\"78\" height=\"84\" title=\"-\"><br \/>Vendas Abrangentes e Engajamento com Clientes<\/strong><\/p><ul><li>Gest\u00e3o de oportunidades de ponta a ponta, desde o lead at\u00e9 o contrato.<\/li><li>Recomenda\u00e7\u00f5es de pre\u00e7os impulsionadas por IA para cota\u00e7\u00f5es competitivas.<\/li><li>Modelos de contratos integrados para acelerar o fechamento de neg\u00f3cios.<\/li><li>Transi\u00e7\u00e3o sem falhas das vendas para a execu\u00e7\u00e3o para melhorar a satisfa\u00e7\u00e3o do cliente.<\/li><\/ul>    <\/div>\n<\/div>\n<!-- \/module text -->\t        <\/div>\n\t    \t<\/div>\n\t\t    <\/div>\n\t    <!-- \/row_inner -->\n\t<\/div>\n\t<!-- \/module_row -->\n\t\t<!-- module_row -->\n\t<div  data-css_id=\"vyvh904\" data-lazy=\"1\" class=\"module_row themify_builder_row fullcover fullwidth tb_vyvh904 tf_clearfix wow\" data-tf-animation=\"pulse\" >\n\t    \t\t<div class=\"row_inner col_align_top col-count-2 tf_box tf_w tf_rel\"  data-basecol=\"2\" data-col_mobile=\"column-full\">\n\t\t\t<div  data-lazy=\"1\" style=\"width: 50.98%\" class=\"module_column tb-column col4-2 first tb_mipg904 tf_box\">\n\t\t\t    \t        <div class=\"tb-column-inner tf_box tf_w\">\n\t\t    <!-- module text -->\n<div  class=\"module module-text tb_ekyh904  repeat \" data-lazy=\"1\">\n        <div  class=\"tb_text_wrap\">\n    <h2 style=\"text-align: left;\"><strong>POR QUE ESCOLHER O DYNAMICS 365 PROJECT OPERATIONS?<\/strong><\/h2>    <\/div>\n<\/div>\n<!-- \/module text --><!-- module text -->\n<div  class=\"module module-text tb_scfi904   \" data-lazy=\"1\">\n        <div  class=\"tb_text_wrap\">\n    <ul><li style=\"text-align: left;\"><u>Uma Plataforma Unificada de Gest\u00e3o de Projetos<\/u> \u2013 Integra vendas de projetos, planeamento, execu\u00e7\u00e3o e finan\u00e7as numa \u00fanica solu\u00e7\u00e3o.<\/li><li style=\"text-align: left;\"><u>Tomada de Decis\u00f5es Impulsionada por IA<\/u> \u2013 Aproveite a an\u00e1lise preditiva para desempenho de projetos e mitiga\u00e7\u00e3o de riscos.<\/li><li style=\"text-align: left;\"><u>Utiliza\u00e7\u00e3o Otimizada de Recursos<\/u> \u2013 Garanta que os recursos certos sejam atribu\u00eddos no momento certo para m\u00e1xima efici\u00eancia.<\/li><li style=\"text-align: left;\"><u>Acompanhamento Financeiro de Ponta a Ponta<\/u> \u2013 Desde o or\u00e7amento at\u00e9 \u00e0 fatura\u00e7\u00e3o, obtenha visibilidade em tempo real da rentabilidade dos projetos.<\/li><li style=\"text-align: left;\"><u>Integra\u00e7\u00e3o Perfeita com a Nuvem da Microsoft<\/u> \u2013 Conecte-se com o Dynamics 365 Finance, Supply Chain Management, Microsoft Project e Power Platform para uma abordagem de projetos inteligente e baseada em dados.<\/li><\/ul>    <\/div>\n<\/div>\n<!-- \/module text -->\t        <\/div>\n\t    \t<\/div>\n\t\t<div  data-lazy=\"1\" style=\"width: 45.82%\" class=\"module_column tb-column col4-2 last tb_fzym905 tf_box\">\n\t\t\t    \t        <div class=\"tb-column-inner tf_box tf_w\">\n\t\t    <!-- module image -->\n<div  class=\"module module-image tb_u78x905   image-top tf_mw wow\" data-tf-animation=\"fadeIn\" data-lazy=\"1\">\n        <div class=\"image-wrap tf_rel tf_mw\">\n\t\t    <img src=\"https:\/\/arquiconsult.com\/wp-content\/uploads\/2025\/03\/285644-DYN-FinancePDP-1.2-2000x1125-1-533x300.jpg\" height=\"300\" class=\"wp-post-image wp-image-95636\" title=\"285644-DYN-FinancePDP-1.2-2000x1125\" alt=\"285644-DYN-FinancePDP-1.2-2000x1125\" srcset=\"https:\/\/arquiconsult.com\/wp-content\/uploads\/2025\/03\/285644-DYN-FinancePDP-1.2-2000x1125-1-533x300.jpg 533w, https:\/\/arquiconsult.com\/wp-content\/uploads\/2025\/03\/285644-DYN-FinancePDP-1.2-2000x1125-1-640x360.jpg 640w, https:\/\/arquiconsult.com\/wp-content\/uploads\/2025\/03\/285644-DYN-FinancePDP-1.2-2000x1125-1-768x432.jpg 768w, https:\/\/arquiconsult.com\/wp-content\/uploads\/2025\/03\/285644-DYN-FinancePDP-1.2-2000x1125-1-1536x864.jpg 1536w, https:\/\/arquiconsult.com\/wp-content\/uploads\/2025\/03\/285644-DYN-FinancePDP-1.2-2000x1125-1-320x180.jpg 320w, https:\/\/arquiconsult.com\/wp-content\/uploads\/2025\/03\/285644-DYN-FinancePDP-1.2-2000x1125-1-480x270.jpg 480w, https:\/\/arquiconsult.com\/wp-content\/uploads\/2025\/03\/285644-DYN-FinancePDP-1.2-2000x1125-1-800x450.jpg 800w, https:\/\/arquiconsult.com\/wp-content\/uploads\/2025\/03\/285644-DYN-FinancePDP-1.2-2000x1125-1.jpg 1664w\" sizes=\"(max-width: 533px) 100vw, 533px\" \/>\t\n\t\t<\/div>\n\t<!-- \/image-wrap -->\n    \n    \t<\/div>\n<!-- \/module image --><!-- module image -->\n<div  class=\"module module-image tb_07nt905   image-top tf_mw wow\" data-tf-animation=\"fadeIn\" data-lazy=\"1\">\n        <div class=\"image-wrap tf_rel tf_mw\">\n\t\t    <img src=\"https:\/\/arquiconsult.com\/wp-content\/uploads\/2025\/03\/1-1-Overview1-610x340-1-scaled-538x300.jpg\" height=\"300\" class=\"wp-post-image wp-image-95977\" title=\"1-1-Overview1-610x340\" alt=\"1-1-Overview1-610x340\" srcset=\"https:\/\/arquiconsult.com\/wp-content\/uploads\/2025\/03\/1-1-Overview1-610x340-1-scaled-538x300.jpg 538w, https:\/\/arquiconsult.com\/wp-content\/uploads\/2025\/03\/1-1-Overview1-610x340-1-640x357.jpg 640w, https:\/\/arquiconsult.com\/wp-content\/uploads\/2025\/03\/1-1-Overview1-610x340-1-2000x1115.jpg 2000w, https:\/\/arquiconsult.com\/wp-content\/uploads\/2025\/03\/1-1-Overview1-610x340-1-768x428.jpg 768w, https:\/\/arquiconsult.com\/wp-content\/uploads\/2025\/03\/1-1-Overview1-610x340-1-1536x856.jpg 1536w, https:\/\/arquiconsult.com\/wp-content\/uploads\/2025\/03\/1-1-Overview1-610x340-1-2048x1142.jpg 2048w, https:\/\/arquiconsult.com\/wp-content\/uploads\/2025\/03\/1-1-Overview1-610x340-1-320x178.jpg 320w, https:\/\/arquiconsult.com\/wp-content\/uploads\/2025\/03\/1-1-Overview1-610x340-1-480x268.jpg 480w, https:\/\/arquiconsult.com\/wp-content\/uploads\/2025\/03\/1-1-Overview1-610x340-1-800x446.jpg 800w\" sizes=\"(max-width: 538px) 100vw, 538px\" \/>\t\n\t\t<\/div>\n\t<!-- \/image-wrap -->\n    \n    \t<\/div>\n<!-- \/module image -->\t        <\/div>\n\t    \t<\/div>\n\t\t    <\/div>\n\t    <!-- \/row_inner -->\n\t<\/div>\n\t<!-- \/module_row -->\n\t\t<!-- module_row -->\n\t<div  data-css_id=\"l9hs771\" data-lazy=\"1\" class=\"module_row themify_builder_row solucoes-sector repeat fullwidth_row_container tb_l9hs771 tf_clearfix\" >\n\t    \t\t<div class=\"row_inner col_align_top col-count-2 tf_box tf_w tf_rel\">\n\t\t\t<div  data-lazy=\"1\" class=\"module_column tb-column col4-2 first tb_4er8771 tf_box\">\n\t\t\t    \t        <div class=\"tb-column-inner tf_box tf_w\">\n\t\t    <!-- module image -->\n<div  class=\"module module-image tb_8ypt771   image-top auto_fullwidth tf_mw wow\" data-tf-animation=\"fadeIn\" data-lazy=\"1\">\n        <div class=\"image-wrap tf_rel tf_mw\">\n\t\t    <img loading=\"lazy\" width=\"2130\" height=\"1188\" src=\"https:\/\/arquiconsult.com\/wp-content\/uploads\/2025\/03\/1-2-1.jpg\" class=\"wp-post-image wp-image-95968\" title=\"1-2\" alt=\"1-2\" srcset=\"https:\/\/arquiconsult.com\/wp-content\/uploads\/2025\/03\/1-2-1.jpg 2130w, https:\/\/arquiconsult.com\/wp-content\/uploads\/2025\/03\/1-2-1-640x357.jpg 640w, https:\/\/arquiconsult.com\/wp-content\/uploads\/2025\/03\/1-2-1-2000x1115.jpg 2000w, https:\/\/arquiconsult.com\/wp-content\/uploads\/2025\/03\/1-2-1-768x428.jpg 768w, https:\/\/arquiconsult.com\/wp-content\/uploads\/2025\/03\/1-2-1-1536x857.jpg 1536w, https:\/\/arquiconsult.com\/wp-content\/uploads\/2025\/03\/1-2-1-2048x1142.jpg 2048w, https:\/\/arquiconsult.com\/wp-content\/uploads\/2025\/03\/1-2-1-320x178.jpg 320w, https:\/\/arquiconsult.com\/wp-content\/uploads\/2025\/03\/1-2-1-480x268.jpg 480w, https:\/\/arquiconsult.com\/wp-content\/uploads\/2025\/03\/1-2-1-800x446.jpg 800w\" sizes=\"(max-width: 2130px) 100vw, 2130px\" \/>\t\n\t\t<\/div>\n\t<!-- \/image-wrap -->\n    \n    \t<\/div>\n<!-- \/module image -->\t        <\/div>\n\t    \t<\/div>\n\t\t<div  data-lazy=\"1\" class=\"module_column tb-column col4-2 last tb_i4gq771 tf_box\">\n\t\t\t    \t        <div class=\"tb-column-inner tf_box tf_w\">\n\t\t    <!-- module image -->\n<div  class=\"module module-image tb_rbcy771   image-top auto_fullwidth tf_mw wow\" data-tf-animation=\"fadeIn\" data-lazy=\"1\">\n        <div class=\"image-wrap tf_rel tf_mw\">\n\t\t    <img loading=\"lazy\" width=\"1664\" height=\"928\" src=\"https:\/\/arquiconsult.com\/wp-content\/uploads\/2025\/03\/1-2-2.jpg\" class=\"wp-post-image wp-image-95965\" title=\"1 (2)-2\" alt=\"1 (2)-2\" srcset=\"https:\/\/arquiconsult.com\/wp-content\/uploads\/2025\/03\/1-2-2.jpg 1664w, https:\/\/arquiconsult.com\/wp-content\/uploads\/2025\/03\/1-2-2-640x357.jpg 640w, https:\/\/arquiconsult.com\/wp-content\/uploads\/2025\/03\/1-2-2-768x428.jpg 768w, https:\/\/arquiconsult.com\/wp-content\/uploads\/2025\/03\/1-2-2-1536x857.jpg 1536w, https:\/\/arquiconsult.com\/wp-content\/uploads\/2025\/03\/1-2-2-320x178.jpg 320w, https:\/\/arquiconsult.com\/wp-content\/uploads\/2025\/03\/1-2-2-480x268.jpg 480w, https:\/\/arquiconsult.com\/wp-content\/uploads\/2025\/03\/1-2-2-800x446.jpg 800w\" sizes=\"(max-width: 1664px) 100vw, 1664px\" \/>\t\n\t\t<\/div>\n\t<!-- \/image-wrap -->\n    \n    \t<\/div>\n<!-- \/module image -->\t        <\/div>\n\t    \t<\/div>\n\t\t    <\/div>\n\t    <!-- \/row_inner -->\n\t<\/div>\n\t<!-- \/module_row -->\n\t\t<!-- module_row -->\n\t<div  data-anchor=\"portuguese\" data-hide-anchor=\"1\" data-lazy=\"1\" class=\"module_row themify_builder_row repeat tb_has_section tb_section-portuguese tb_d9bm839 tf_clearfix\" >\n\t    \t\t<div class=\"row_inner col_align_top col-count-1 tf_box tf_w tf_rel\">\n\t\t\t<div  data-lazy=\"1\" class=\"module_column tb-column col-full first tb_fib4839 tf_box\">\n\t\t\t    \t        <div class=\"tb-column-inner tf_box tf_w\">\n\t\t    <!-- module text -->\n<div  class=\"module module-text tb_f4da839  repeat \" data-lazy=\"1\">\n        <div  class=\"tb_text_wrap\">\n    <h2 style=\"text-align: center;\"><strong>T<\/strong><strong>RANSFORME OPERA\u00c7\u00d5ES CENTRADAS EM PROJETOS COM A IA DA MICROSOFT<\/strong><\/h2>    <\/div>\n<\/div>\n<!-- \/module text --><!-- module text -->\n<div  class=\"module module-text tb_co0v840   \" data-lazy=\"1\">\n        <div  class=\"tb_text_wrap\">\n    <p style=\"text-align: center;\">Microsoft Dynamics 365 Project Operations \u00e9 a solu\u00e7\u00e3o ideal para empresas que procuram <strong>aumentar a efici\u00eancia dos projetos, impulsionar a rentabilidade e oferecer experi\u00eancias superiores aos clientes.<\/strong> Pronto para otimizar a sua estrat\u00e9gia de gest\u00e3o de projetos?<\/p>    <\/div>\n<\/div>\n<!-- \/module text -->\t        <\/div>\n\t    \t<\/div>\n\t\t    <\/div>\n\t    <!-- \/row_inner -->\n\t<\/div>\n\t<!-- \/module_row -->\n\t<\/div>\n<!--\/themify_builder_content-->","protected":false},"excerpt":{"rendered":"<p>Arquiconsult.com \/ Solu\u00e7\u00f5es \/\u00a0Project Operations Project Operations Microsoft Dynamics 365 Opera\u00e7\u00f5es de Projetos- Capacitando empresas centradas em projetos. Solicite uma Demo OTIMIZE A ENTREGA DE PROJETOS, MAXIMIZE A RENTABILIDADE E ELEVE A COLABORA\u00c7\u00c3O Microsoft Dynamics 365 Project Operations \u00e9 uma solu\u00e7\u00e3o completa projetada para empresas que planeiam, gerem e executam projetos com precis\u00e3o. Quer a [&hellip;]<\/p>\n","protected":false},"author":4,"featured_media":0,"parent":0,"menu_order":0,"comment_status":"closed","ping_status":"closed","template":"","meta":[],"acf":[],"_links":{"self":[{"href":"https:\/\/arquiconsult.com\/pt-br\/wp-json\/wp\/v2\/pages\/95495"}],"collection":[{"href":"https:\/\/arquiconsult.com\/pt-br\/wp-json\/wp\/v2\/pages"}],"about":[{"href":"https:\/\/arquiconsult.com\/pt-br\/wp-json\/wp\/v2\/types\/page"}],"author":[{"embeddable":true,"href":"https:\/\/arquiconsult.com\/pt-br\/wp-json\/wp\/v2\/users\/4"}],"replies":[{"embeddable":true,"href":"https:\/\/arquiconsult.com\/pt-br\/wp-json\/wp\/v2\/comments?post=95495"}],"version-history":[{"count":1,"href":"https:\/\/arquiconsult.com\/pt-br\/wp-json\/wp\/v2\/pages\/95495\/revisions"}],"predecessor-version":[{"id":118365,"href":"https:\/\/arquiconsult.com\/pt-br\/wp-json\/wp\/v2\/pages\/95495\/revisions\/118365"}],"wp:attachment":[{"href":"https:\/\/arquiconsult.com\/pt-br\/wp-json\/wp\/v2\/media?parent=95495"}],"curies":[{"name":"wp","href":"https:\/\/api.w.org\/{rel}","templated":true}]}}