{"id":96849,"date":"2025-03-27T10:00:06","date_gmt":"2025-03-27T10:00:06","guid":{"rendered":"https:\/\/arquiconsult.com\/?page_id=96849"},"modified":"2025-12-02T11:20:52","modified_gmt":"2025-12-02T11:20:52","slug":"data-analytics","status":"publish","type":"page","link":"https:\/\/arquiconsult.com\/pt-br\/data-analytics\/","title":{"rendered":"Data &#038; Analytics"},"content":{"rendered":"<!--themify_builder_content-->\n<div id=\"themify_builder_content-96849\" data-postid=\"96849\" class=\"themify_builder_content themify_builder_content-96849 themify_builder tf_clear\">\n    \t<!-- module_row -->\n\t<div  data-css_id=\"x9nq666\" data-lazy=\"1\" class=\"module_row themify_builder_row fullcover fullwidth_row_container tb_x9nq666 tb_first tf_clearfix\" >\n\t    <div class=\"builder_row_cover tf_abs\"><\/div>\t\t<div class=\"row_inner col_align_middle col-count-2 tf_box tf_w tf_rel\"  data-basecol=\"2\" data-col_tablet=\"column-full\" data-col_mobile=\"column-full\">\n\t\t\t<div  data-lazy=\"1\" style=\"width: 73.91%\" class=\"module_column tb-column col3-2 first tb_l8cm667 tf_box\">\n\t\t\t    \t        <div class=\"tb-column-inner tf_box tf_w\">\n\t\t    <!-- module text -->\n<div  class=\"module module-text tb_xjgo667  repeat \" data-lazy=\"1\">\n        <div  class=\"tb_text_wrap\">\n    <h4><a href=\"https:\/\/arquiconsult.com\">Arquiconsult.com<\/a> \/ <a href=\"#\">Data Analytics<\/a> \/ Data &amp; Analytics<\/h4>    <\/div>\n<\/div>\n<!-- \/module text --><!-- module fancy heading -->\n<!--\/* $fields_args['heading_tag']  CODIGO QUE SAIU * \/-->\n<div  class=\"module module-fancy-heading tb_lvw2668 titulo-suporte tb_hide_divider\" data-lazy=\"1\">\n        <h1  class=\"fancy-heading tf_textl\">\n    <span class=\"main-head tf_block\">\n\t\t\t\t\tData & Analytics\t\t    <\/span>\n\n\t\n    <span class=\"sub-head tf_block tf_rel\">\n\t\t\t\t\t\t\t    <\/span>\n    <\/h2>\n<\/div>\n<!-- \/module fancy heading -->\n<!-- module text -->\n<div  class=\"module module-text tb_dvag668   \" data-lazy=\"1\">\n        <div  class=\"tb_text_wrap\">\n    <p>Potencie o seu neg\u00f3cio com An\u00e1lise de Dados.<\/p>    <\/div>\n<\/div>\n<!-- \/module text --><!-- module buttons -->\n<div  class=\"module module-buttons tb_pj28668 buttons-horizontal transparent popmake-44197 large circle\" data-lazy=\"1\">\n    \t<div class=\"module-buttons-item tf_inline_b\">\n\t\t\t\t\t\t\t<a href=\"#crm_form\" class=\"ui builder_button tb_default_color\" >\n\t\t\t\t\t\t\t\t\t\t\t<span class=\"tf_inline_b tf_vmiddle\">Fale com a nossa equipa!<\/span>\n\t\t\t\t\t\t\t\t\t\t\t<\/a>\n\t\t\t    \t<\/div>\n\t<\/div>\n<!-- \/module buttons -->\n\t        <\/div>\n\t    \t<\/div>\n\t\t<div  data-lazy=\"1\" style=\"width: 22.89%\" class=\"module_column tb-column col3-1 last tb_t49b668 tf_box\">\n\t\t\t    \t<\/div>\n\t\t    <\/div>\n\t    <!-- \/row_inner -->\n\t<\/div>\n\t<!-- \/module_row -->\n\t\t<!-- module_row -->\n\t<div  data-css_id=\"3h53447\" data-lazy=\"1\" class=\"module_row themify_builder_row fullcover fullwidth tb_3h53447 tf_clearfix wow\" data-tf-animation=\"pulse\" >\n\t    \t\t<div class=\"row_inner col_align_top col-count-1 tf_box tf_w tf_rel\">\n\t\t\t<div  data-lazy=\"1\" class=\"module_column tb-column col-full first tb_mmll447 tf_box\">\n\t\t\t    \t        <div class=\"tb-column-inner tf_box tf_w\">\n\t\t    <!-- module text -->\n<div  class=\"module module-text tb_24e6447  repeat \" data-lazy=\"1\">\n        <div  class=\"tb_text_wrap\">\n    <h2 style=\"text-align: center;\"><strong>Potencie a sua An\u00e1lise de Dados<\/strong><\/h2>    <\/div>\n<\/div>\n<!-- \/module text --><!-- module text -->\n<div  class=\"module module-text tb_6x8e448  repeat \" data-lazy=\"1\">\n        <div  class=\"tb_text_wrap\">\n    <p style=\"text-align: center;\">A an\u00e1lise de dados serve como a base para a tomada de decis\u00f5es orientadas por dados. Ao extrair insights valiosos dos dados, as empresas podem melhorar processos, impulsionar a inova\u00e7\u00e3o e alcan\u00e7ar objetivos estrat\u00e9gicos.<\/p><p style=\"text-align: left;\">\u00a0<\/p>    <\/div>\n<\/div>\n<!-- \/module text -->\t        <\/div>\n\t    \t<\/div>\n\t\t    <\/div>\n\t    <!-- \/row_inner -->\n\t<\/div>\n\t<!-- \/module_row -->\n\t\t<!-- module_row -->\n\t<div  data-css_id=\"8bpd942\" data-lazy=\"1\" class=\"module_row themify_builder_row best-fit-image fullwidth tb_8bpd942 tf_clearfix\" >\n\t    \t\t<div class=\"row_inner col_align_top col-count-1 tf_box tf_w tf_rel\"  data-basecol=\"1\" data-col_mobile=\"column-full\">\n\t\t\t<div  data-lazy=\"1\" class=\"module_column tb-column col-full first tb_1bim943 repeat tf_box\">\n\t\t\t    \t        <div class=\"tb-column-inner tf_box tf_w\">\n\t\t    <!-- module text -->\n<div  class=\"module module-text tb_ptyd943  repeat \" data-lazy=\"1\">\n        <div  class=\"tb_text_wrap\">\n    <p style=\"text-align: right;\">D\u00ea o primeiro passo para<br \/>o futuro da An\u00e1lise com a <strong>Arquiconsult!<\/strong><\/p>    <\/div>\n<\/div>\n<!-- \/module text --><!-- module buttons -->\n<div  class=\"module module-buttons tb_q2ea943 buttons-horizontal transparent  large circle tf_textr\" data-lazy=\"1\">\n    \t<div class=\"module-buttons-item tf_inline_b\">\n\t\t\t\t\t\t\t<a href=\"#crm_form\" class=\"ui builder_button tb_default_color\" target=\"_blank\" rel=\"noopener\">\n\t\t\t\t\t\t\t\t\t\t\t<span class=\"tf_inline_b tf_vmiddle\">Contacte-nos<\/span>\n\t\t\t\t\t\t\t\t\t\t\t<\/a>\n\t\t\t    \t<\/div>\n\t<\/div>\n<!-- \/module buttons -->\n\t        <\/div>\n\t    \t<\/div>\n\t\t    <\/div>\n\t    <!-- \/row_inner -->\n\t<\/div>\n\t<!-- \/module_row -->\n\t\t<!-- module_row -->\n\t<div  data-css_id=\"862h225\" data-lazy=\"1\" class=\"module_row themify_builder_row fullcover fullwidth tb_862h225 tf_clearfix wow\" data-tf-animation=\"pulse\" >\n\t    \t\t<div class=\"row_inner col_align_top col-count-1 tf_box tf_w tf_rel\">\n\t\t\t<div  data-lazy=\"1\" class=\"module_column tb-column col-full first tb_r5p7225 tf_box\">\n\t\t\t    \t        <div class=\"tb-column-inner tf_box tf_w\">\n\t\t    <!-- module text -->\n<div  class=\"module module-text tb_609j225  repeat \" data-lazy=\"1\">\n        <div  class=\"tb_text_wrap\">\n    <h2><strong>Aumente o seu Impacto com An\u00e1lise de Dados<\/strong><\/h2>    <\/div>\n<\/div>\n<!-- \/module text -->\t        <\/div>\n\t    \t<\/div>\n\t\t    <\/div>\n\t    <!-- \/row_inner -->\n\t<\/div>\n\t<!-- \/module_row -->\n\t\t<!-- module_row -->\n\t<div  data-css_id=\"5804649\" data-lazy=\"1\" class=\"module_row themify_builder_row repeat fullwidth_row_container tb_5804649 tf_clearfix\" >\n\t    \t\t<div class=\"row_inner col_align_top gutter-narrow col-count-3 tf_box tf_w tf_rel\"  data-basecol=\"3\" data-col_mobile=\"column-full\">\n\t\t\t<div  data-lazy=\"1\" class=\"module_column tb-column col3-1 first tb_htem649 repeat tf_box\">\n\t\t\t    \t        <div class=\"tb-column-inner tf_box tf_w\">\n\t\t    <!-- module image -->\n<div  class=\"module module-image tb_wffq649   image-center tf_mw wow\" data-tf-animation=\"slideInLeft\" data-tf-animation_delay=\".5\" data-lazy=\"1\">\n        <div class=\"image-wrap tf_rel tf_mw\">\n\t\t    \t\n\t\t<\/div>\n\t<!-- \/image-wrap -->\n    \n    \t<div class=\"image-content\">\n\t    \t\t\t<h3 class=\"image-title\">\n\t\t\t\t\t\t\t\t\tCrie Decis\u00f5es Insightful\t\t\t\t\t\t\t<\/h3>\n\t    \n\t    \t\t<div class=\"image-caption tb_text_wrap\">\n\t\t    A an\u00e1lise de dados permite \u00e0s empresas tomar decis\u00f5es bem-informadas, utilizando insights derivados dos dados, resultando em ganhos, efici\u00eancia e desempenho aprimorados.\t    <\/div>\n\t    <!-- \/image-caption -->\n\t    \t<\/div>\n\t<!-- \/image-content -->\n    \t<\/div>\n<!-- \/module image -->\t        <\/div>\n\t    \t<\/div>\n\t\t<div  data-lazy=\"1\" class=\"module_column tb-column col3-1 middle tb_8eua649 tf_box\">\n\t\t\t    \t        <div class=\"tb-column-inner tf_box tf_w\">\n\t\t    <!-- module image -->\n<div  class=\"module module-image tb_g80v649   image-center tf_mw wow\" data-tf-animation=\"slideInLeft\" data-lazy=\"1\">\n        <div class=\"image-wrap tf_rel tf_mw\">\n\t\t    \t\n\t\t<\/div>\n\t<!-- \/image-wrap -->\n    \n    \t<div class=\"image-content\">\n\t    \t\t\t<h3 class=\"image-title\">\n\t\t\t\t\t\t\t\t\tObtenha Insights em Tempo Real\t\t\t\t\t\t\t<\/h3>\n\t    \n\t    \t\t<div class=\"image-caption tb_text_wrap\">\n\t\t    Ao utilizar a an\u00e1lise de dados, as organiza\u00e7\u00f5es podem acompanhar m\u00e9tricas de desempenho essenciais instantaneamente, permitindo altera\u00e7\u00f5es proativas e melhorias para aumentar a efici\u00eancia e manter uma vantagem competitiva.\t    <\/div>\n\t    <!-- \/image-caption -->\n\t    \t<\/div>\n\t<!-- \/image-content -->\n    \t<\/div>\n<!-- \/module image -->\t        <\/div>\n\t    \t<\/div>\n\t\t<div  data-lazy=\"1\" class=\"module_column tb-column col3-1 last tb_jpm0649 tf_box\">\n\t\t\t    \t        <div class=\"tb-column-inner tf_box tf_w\">\n\t\t    <!-- module image -->\n<div  class=\"module module-image tb_v93v649   image-center tf_mw wow\" data-tf-animation=\"slideInRight\" data-lazy=\"1\">\n        <div class=\"image-wrap tf_rel tf_mw\">\n\t\t    \t\n\t\t<\/div>\n\t<!-- \/image-wrap -->\n    \n    \t<div class=\"image-content\">\n\t    \t\t\t<h3 class=\"image-title\">\n\t\t\t\t\t\t\t\t\tMantenha-se \u00e0 Frente das Tend\u00eancias Futuras\t\t\t\t\t\t\t<\/h3>\n\t    \n\t    \t\t<div class=\"image-caption tb_text_wrap\">\n\t\t    Ao utilizar a an\u00e1lise de dados, as organiza\u00e7\u00f5es antecipam desenvolvimentos futuros e flutua\u00e7\u00f5es do mercado, facilitando escolhas vision\u00e1rias e prepara\u00e7\u00f5es estrat\u00e9gicas para manter uma vantagem.\t    <\/div>\n\t    <!-- \/image-caption -->\n\t    \t<\/div>\n\t<!-- \/image-content -->\n    \t<\/div>\n<!-- \/module image -->\t        <\/div>\n\t    \t<\/div>\n\t\t    <\/div>\n\t    <!-- \/row_inner -->\n\t<\/div>\n\t<!-- \/module_row -->\n\t\t<!-- module_row -->\n\t<div  data-css_id=\"4r6g504\" data-lazy=\"1\" class=\"module_row themify_builder_row fullcover fullwidth tb_4r6g504 tf_clearfix hide-mobile wow\" data-tf-animation=\"pulse\" >\n\t    \t\t<div class=\"row_inner col_align_top col-count-1 tf_box tf_w tf_rel\">\n\t\t\t<div  data-lazy=\"1\" class=\"module_column tb-column col-full first tb_c7xz504 tf_box\">\n\t\t\t    \t<\/div>\n\t\t    <\/div>\n\t    <!-- \/row_inner -->\n\t<\/div>\n\t<!-- \/module_row -->\n\t\t<!-- module_row -->\n\t<div  data-css_id=\"jz54945\" data-lazy=\"1\" class=\"module_row themify_builder_row fullcover fullwidth tb_jz54945 tf_clearfix wow\" data-tf-animation=\"pulse\" >\n\t    \t\t<div class=\"row_inner col_align_top col-count-1 tf_box tf_w tf_rel\">\n\t\t\t<div  data-lazy=\"1\" class=\"module_column tb-column col-full first tb_toih945 tf_box\">\n\t\t\t    \t        <div class=\"tb-column-inner tf_box tf_w\">\n\t\t    <!-- module text -->\n<div  class=\"module module-text tb_28le945  repeat \" data-lazy=\"1\">\n        <div  class=\"tb_text_wrap\">\n    <h2><strong>Os nossos servi\u00e7os de an\u00e1lise de dados<\/strong><\/h2>    <\/div>\n<\/div>\n<!-- \/module text -->\t        <\/div>\n\t    \t<\/div>\n\t\t    <\/div>\n\t    <!-- \/row_inner -->\n\t<\/div>\n\t<!-- \/module_row -->\n\t\t<!-- module_row -->\n\t<div  data-css_id=\"7wwd27\" data-lazy=\"1\" class=\"module_row themify_builder_row fullwidth tb_7wwd27 tf_clearfix\" >\n\t    \t\t<div class=\"row_inner col_align_top col-count-4 tf_box tf_w tf_rel\"  data-basecol=\"4\" data-col_tablet=\"column-full\" data-col_tablet_landscape=\"column6-1\" data-col_mobile=\"column-full\">\n\t\t\t<div  data-lazy=\"1\" class=\"module_column tb-column col4-1 first tb_mw0428 repeat tf_box\">\n\t\t\t    \t        <div class=\"tb-column-inner tf_box tf_w\">\n\t\t    <!-- module text -->\n<div  class=\"module module-text tb_2mw428  repeat \" data-lazy=\"1\">\n        <div  class=\"tb_text_wrap\">\n    <p style=\"text-align: center;\"><b><img loading=\"lazy\" class=\"alignnone wp-image-95684\" src=\"https:\/\/arquiconsult.com\/wp-content\/uploads\/2025\/03\/automation.png\" alt=\"-\" width=\"92\" height=\"92\" srcset=\"https:\/\/arquiconsult.com\/wp-content\/uploads\/2025\/03\/automation.png 150w, https:\/\/arquiconsult.com\/wp-content\/uploads\/2025\/03\/automation-100x100.png 100w\" sizes=\"(max-width: 92px) 100vw, 92px\" title=\"-\"><br \/><\/b><strong>Insights de Dados<\/strong><\/p><p style=\"text-align: center;\">Transformamos dados brutos em insights valiosos, utilizando an\u00e1lise avan\u00e7ada e ferramentas visuais f\u00e1ceis de usar. Os nossos dashboards personaliz\u00e1veis oferecem uma vis\u00e3o em tempo real de m\u00e9tricas chave, ajudando as empresas a tomar decis\u00f5es confiantes e orientadas por dados. Atrav\u00e9s da nossa an\u00e1lise competitiva, fornecemos informa\u00e7\u00f5es cruciais sobre a din\u00e2mica do mercado, comportamento do cliente e abordagens dos concorrentes, ajudando as empresas a manterem-se \u00e0 frente no mercado.<\/p>    <\/div>\n<\/div>\n<!-- \/module text -->\t        <\/div>\n\t    \t<\/div>\n\t\t<div  data-lazy=\"1\" class=\"module_column tb-column col4-1 second tb_ex5p28 repeat tf_box\">\n\t\t\t    \t        <div class=\"tb-column-inner tf_box tf_w\">\n\t\t    <!-- module text -->\n<div  class=\"module module-text tb_33xg28  repeat \" data-lazy=\"1\">\n        <div  class=\"tb_text_wrap\">\n    <p style=\"text-align: center;\"><b><img loading=\"lazy\" class=\"alignnone wp-image-95788\" src=\"https:\/\/arquiconsult.com\/wp-content\/uploads\/2025\/03\/iventory.png\" alt=\"-\" width=\"100\" height=\"100\" srcset=\"https:\/\/arquiconsult.com\/wp-content\/uploads\/2025\/03\/iventory.png 150w, https:\/\/arquiconsult.com\/wp-content\/uploads\/2025\/03\/iventory-100x100.png 100w\" sizes=\"(max-width: 100px) 100vw, 100px\" title=\"-\"><br \/><\/b><strong>An\u00e1lise Competitiva<\/strong><\/p><p style=\"text-align: center;\">Atrav\u00e9s da nossa an\u00e1lise competitiva, fornecemos informa\u00e7\u00f5es essenciais sobre a din\u00e2mica do mercado, comportamento do cliente e estrat\u00e9gias dos concorrentes, ajudando as empresas a se destacarem no mercado.<\/p>    <\/div>\n<\/div>\n<!-- \/module text -->\t        <\/div>\n\t    \t<\/div>\n\t\t<div  data-lazy=\"1\" class=\"module_column tb-column col4-1 third tb_oc6428 repeat tf_box\">\n\t\t\t    \t        <div class=\"tb-column-inner tf_box tf_w\">\n\t\t    <!-- module text -->\n<div  class=\"module module-text tb_oxz828  repeat \" data-lazy=\"1\">\n        <div  class=\"tb_text_wrap\">\n    <p style=\"text-align: center;\"><b><img loading=\"lazy\" class=\"alignnone wp-image-95793\" src=\"https:\/\/arquiconsult.com\/wp-content\/uploads\/2025\/03\/colaboration.png\" alt=\"-\" width=\"95\" height=\"95\" srcset=\"https:\/\/arquiconsult.com\/wp-content\/uploads\/2025\/03\/colaboration.png 150w, https:\/\/arquiconsult.com\/wp-content\/uploads\/2025\/03\/colaboration-100x100.png 100w\" sizes=\"(max-width: 95px) 100vw, 95px\" title=\"-\"><br \/><\/b><strong>Identifica\u00e7\u00e3o e Atingimento de Segmentos Chave de Clientes<\/strong><b><br \/><\/b><\/p><p style=\"text-align: center;\">Atrav\u00e9s da an\u00e1lise do comportamento do cliente, demografia e outras caracter\u00edsticas, auxiliamos as empresas a refinarem as suas estrat\u00e9gias de marketing e personalizarem a jornada do cliente.<\/p>    <\/div>\n<\/div>\n<!-- \/module text -->\t        <\/div>\n\t    \t<\/div>\n\t\t<div  data-lazy=\"1\" class=\"module_column tb-column col4-1 last tb_tt3t28 repeat tf_box\">\n\t\t\t    \t        <div class=\"tb-column-inner tf_box tf_w\">\n\t\t    <!-- module text -->\n<div  class=\"module module-text tb_mezw28  repeat \" data-lazy=\"1\">\n        <div  class=\"tb_text_wrap\">\n    <p style=\"text-align: center;\"><b><img loading=\"lazy\" class=\"alignnone wp-image-95802\" src=\"https:\/\/arquiconsult.com\/wp-content\/uploads\/2025\/03\/logistic.png\" alt=\"-\" width=\"90\" height=\"90\" srcset=\"https:\/\/arquiconsult.com\/wp-content\/uploads\/2025\/03\/logistic.png 150w, https:\/\/arquiconsult.com\/wp-content\/uploads\/2025\/03\/logistic-100x100.png 100w\" sizes=\"(max-width: 90px) 100vw, 90px\" title=\"-\"><br \/><\/b><strong>Servi\u00e7os de An\u00e1lise de Dados Personalizados<\/strong><\/p><p style=\"text-align: center;\">Fornecemos solu\u00e7\u00f5es de an\u00e1lise personalizadas, especificamente criadas para atender \u00e0s necessidades e objetivos \u00fanicos de cada cliente, garantindo resultados \u00f3timos e um retorno sobre o investimento (ROI) maximizado.<\/p>    <\/div>\n<\/div>\n<!-- \/module text -->\t        <\/div>\n\t    \t<\/div>\n\t\t    <\/div>\n\t    <!-- \/row_inner -->\n\t<\/div>\n\t<!-- \/module_row -->\n\t\t<!-- module_row -->\n\t<div  data-css_id=\"o1tj469\" data-lazy=\"1\" class=\"module_row themify_builder_row best-fit-image fullwidth tb_o1tj469 tf_clearfix\" >\n\t    \t\t<div class=\"row_inner col_align_top col-count-1 tf_box tf_w tf_rel\"  data-basecol=\"1\" data-col_mobile=\"column-full\">\n\t\t\t<div  data-lazy=\"1\" class=\"module_column tb-column col-full first tb_il8g470 repeat tf_box\">\n\t\t\t    \t        <div class=\"tb-column-inner tf_box tf_w\">\n\t\t    <!-- module text -->\n<div  class=\"module module-text tb_t44q470  repeat \" data-lazy=\"1\">\n        <div  class=\"tb_text_wrap\">\n    <p style=\"text-align: left;\">Descubra o que<br \/>os nossos clientes <br \/>dizem<strong> sobre n\u00f3s!<\/strong><\/p>    <\/div>\n<\/div>\n<!-- \/module text --><!-- module buttons -->\n<div  class=\"module module-buttons tb_x5f2470 buttons-horizontal transparent  large circle tf_textl\" data-lazy=\"1\">\n    \t<div class=\"module-buttons-item tf_inline_b\">\n\t\t\t\t\t\t\t<a href=\"https:\/\/arquiconsult.com\/casos-de-sucesso\/#businessintelligence\" class=\"ui builder_button tb_default_color\" target=\"_blank\" rel=\"noopener\">\n\t\t\t\t\t\t\t\t\t\t\t<span class=\"tf_inline_b tf_vmiddle\">Casos de Sucesso<\/span>\n\t\t\t\t\t\t\t\t\t\t\t<\/a>\n\t\t\t    \t<\/div>\n\t<\/div>\n<!-- \/module buttons -->\n\t        <\/div>\n\t    \t<\/div>\n\t\t    <\/div>\n\t    <!-- \/row_inner -->\n\t<\/div>\n\t<!-- \/module_row -->\n\t\t<!-- module_row -->\n\t<div  data-anchor=\"crm_form\" data-lazy=\"1\" class=\"module_row themify_builder_row tb_has_section tb_section-crm_form tb_1h82244 tf_clearfix\" >\n\t    \t\t<div class=\"row_inner col_align_top col-count-1 tf_box tf_w tf_rel\">\n\t\t\t<div  data-lazy=\"1\" class=\"module_column tb-column col-full first tb_7xda244 tf_box\">\n\t\t\t    \t        <div class=\"tb-column-inner tf_box tf_w\">\n\t\t    <!-- module plain text -->\n<div  class=\"module module-plain-text tb_rcb2244 \" data-lazy=\"1\">\n        <div class=\"tb_text_wrap\">\n\t<div\n        data-form-id='f768a81c-d8a9-f011-bbd2-000d3a26b221'\n        data-form-api-url='https:\/\/public-eur.mkt.dynamics.com\/api\/v1.0\/orgs\/89d90a5a-468d-436c-8bd1-5cc7cfa5e05b\/landingpageforms'\n        data-cached-form-url='https:\/\/assets-eur.mkt.dynamics.com\/89d90a5a-468d-436c-8bd1-5cc7cfa5e05b\/digitalassets\/forms\/f768a81c-d8a9-f011-bbd2-000d3a26b221' ><\/div>\n        <script src = 'https:\/\/cxppusa1formui01cdnsa01-endpoint.azureedge.net\/eur\/FormLoader\/FormLoader.bundle.js' ><\/script>    <\/div>\n<\/div>\n<!-- \/module plain text -->\t        <\/div>\n\t    \t<\/div>\n\t\t    <\/div>\n\t    <!-- \/row_inner -->\n\t<\/div>\n\t<!-- \/module_row -->\n\t<\/div>\n<!--\/themify_builder_content-->","protected":false},"excerpt":{"rendered":"<p>Arquiconsult.com \/ Data Analytics \/ Data &amp; Analytics Data &#038; Analytics Potencie o seu neg\u00f3cio com An\u00e1lise de Dados. Fale com a nossa equipa! Potencie a sua An\u00e1lise de Dados A an\u00e1lise de dados serve como a base para a tomada de decis\u00f5es orientadas por dados. Ao extrair insights valiosos dos dados, as empresas podem [&hellip;]<\/p>\n","protected":false},"author":4,"featured_media":0,"parent":0,"menu_order":0,"comment_status":"closed","ping_status":"closed","template":"","meta":[],"acf":[],"_links":{"self":[{"href":"https:\/\/arquiconsult.com\/pt-br\/wp-json\/wp\/v2\/pages\/96849"}],"collection":[{"href":"https:\/\/arquiconsult.com\/pt-br\/wp-json\/wp\/v2\/pages"}],"about":[{"href":"https:\/\/arquiconsult.com\/pt-br\/wp-json\/wp\/v2\/types\/page"}],"author":[{"embeddable":true,"href":"https:\/\/arquiconsult.com\/pt-br\/wp-json\/wp\/v2\/users\/4"}],"replies":[{"embeddable":true,"href":"https:\/\/arquiconsult.com\/pt-br\/wp-json\/wp\/v2\/comments?post=96849"}],"version-history":[{"count":2,"href":"https:\/\/arquiconsult.com\/pt-br\/wp-json\/wp\/v2\/pages\/96849\/revisions"}],"predecessor-version":[{"id":118178,"href":"https:\/\/arquiconsult.com\/pt-br\/wp-json\/wp\/v2\/pages\/96849\/revisions\/118178"}],"wp:attachment":[{"href":"https:\/\/arquiconsult.com\/pt-br\/wp-json\/wp\/v2\/media?parent=96849"}],"curies":[{"name":"wp","href":"https:\/\/api.w.org\/{rel}","templated":true}]}}